{"id":9414,"date":"2016-02-23T15:52:05","date_gmt":"2016-02-23T15:52:05","guid":{"rendered":"https:\/\/mycor.iam.inrae.fr\/ARBRE\/?page_id=9414"},"modified":"2016-02-23T16:28:01","modified_gmt":"2016-02-23T16:28:01","slug":"bafes","status":"publish","type":"page","link":"https:\/\/mycor.iam.inrae.fr\/ARBRE\/?page_id=9414","title":{"rendered":"BAFES"},"content":{"rendered":"<p><strong>Biomass harvest and ash recycling : impacts on Forest Ecosystem Services values<\/strong><\/p>\n<p><em>Responsable scientifique : <\/em>Jens Abildtrup (Laboratoire d\u2019\u00c9conomie Foresti\u00e8re \u2014 LEF)<\/p>\n<p><em>Partenaires Labex :<\/em>\u00a0 Laurent Saint-Andr\u00e9 (Biog\u00e9ochimie des \u00c9cosyst\u00e8mes Foresti\u00e8rs \u2014 BEF)<\/p>\n<p><em>Collaborations <\/em>:<\/p>\n<ul>\n<li>Bureau d&rsquo;Economie Th\u00e9orique et Appliqu\u00e9e (BETA), Strasbourg<\/li>\n<li>Swedish University of Agricultural Sciences (SLU)<\/li>\n<li>Bo J. Thorsen, Department of Food and Resource Economics (IFRO), University of Copenhagen<\/li>\n<\/ul>\n<p>____________________________________________________________________<\/p>\n<p><strong>Contexte <\/strong>\u2014 L\u2019augmentation de la r\u00e9colte de bois \u00e9nergie, pour atteindre les objectifs d&rsquo;\u00e9nergie renouvelable, g\u00e9n\u00e8re plusieurs probl\u00e8mes environnementaux, dont l&rsquo;exportation de nutriments. L\u2019\u00e9pandage des cendres en for\u00eat a \u00e9t\u00e9 sugg\u00e9r\u00e9 pour rem\u00e9dier de mani\u00e8re durable \u00e0 la perte de nutriments. Actuellement, il y a peu de connaissance sur l\u2019impact de l\u2019\u00e9pandage des cendres sur la gestion foresti\u00e8re et sur la valeur des services \u00e9cosyst\u00e9miques fournis par la for\u00eat. En plus, l&rsquo;acceptabilit\u00e9 de l\u2019\u00e9pandage des cendres par le grand public est peu connue.<\/p>\n<p><strong>Objectifs <\/strong>\u2014<\/p>\n<ol>\n<li>D\u00e9velopper un mod\u00e8le int\u00e9gr\u00e9 liant des donn\u00e9es biophysiques et des d\u00e9cisions des propri\u00e9taires forestiers qui permet d&rsquo;\u00e9valuer l&rsquo;impact de l\u2019\u00e9pandage sur la fourniture de services \u00e9cosyst\u00e9miques.<\/li>\n<li>L&rsquo;\u00e9valuation de l&rsquo;acceptabilit\u00e9 de l\u2019\u00e9pandage des cendres par le grand public et l&rsquo;estimation de la valeur \u00e9conomique associ\u00e9e au changement de la fourniture de services \u00e9cosyst\u00e9miques.<\/li>\n<\/ol>\n<p><strong>D\u00e9marche <\/strong>\u2014 Un mod\u00e8le int\u00e9gr\u00e9 est d\u00e9velopp\u00e9, bas\u00e9 \u00e0 la fois sur -des mod\u00e8les biophysiques existants, -les donn\u00e9es de parcelles exp\u00e9rimentales, -des donn\u00e9es obtenues \u00e0 partir d&rsquo;une enqu\u00eate aupr\u00e8s des propri\u00e9taires forestiers en Su\u00e8de et leur analyse \u00e9conom\u00e9trique. L&rsquo;\u00e9valuation de l&rsquo;acceptabilit\u00e9 du recyclage des cendres et l&rsquo;estimation de la valeur \u00e9conomique li\u00e9e \u00e0 la fourniture de services \u00e9cosyst\u00e9miques seront estim\u00e9es \u00e0 partir des r\u00e9sultats d\u2019enqu\u00eates men\u00e9es au Danemark, en France, et en Su\u00e8de et toutes bas\u00e9es sur la m\u00e9thode d\u2019exp\u00e9riences des choix.<\/p>\n<p><strong>R\u00e9sultats et impacts attendus <\/strong>\u2014 Comprendre l&rsquo;impact de l\u2019\u00e9pandage des cendres sur la gestion des for\u00eats et sur la provision de services de l&rsquo;\u00e9cosyst\u00e8me donnera une base solide sur l\u2019\u00e9valuation int\u00e9gr\u00e9e des changements dans la r\u00e9gulation de la r\u00e9colte de la biomasse et l\u2019\u00e9pandage des cendres. Une \u00e9valuation \u00e9conomique des changements dans la fourniture des services \u00e9cosyst\u00e9miques repr\u00e9sente des informations n\u00e9cessaires pour une analyse Co\u00fbts-B\u00e9n\u00e9fices aupr\u00e8s des r\u00e9gulateurs.<\/p>\n<p>&nbsp;<\/p>\n<p>&nbsp;<\/p>\n","protected":false},"excerpt":{"rendered":"<p>Biomass harvest and ash recycling : impacts on Forest Ecosystem Services values Responsable scientifique : Jens Abildtrup (Laboratoire d\u2019\u00c9conomie Foresti\u00e8re \u2014 LEF) Partenaires Labex :\u00a0 Laurent Saint-Andr\u00e9 (Biog\u00e9ochimie des \u00c9cosyst\u00e8mes Foresti\u00e8rs \u2014 BEF) Collaborations : Bureau d&rsquo;Economie Th\u00e9orique et Appliqu\u00e9e &hellip; <a href=\"https:\/\/mycor.iam.inrae.fr\/ARBRE\/?page_id=9414\">Continuer la lecture <span class=\"meta-nav\">&rarr;<\/span><\/a><\/p>\n","protected":false},"author":4,"featured_media":0,"parent":2122,"menu_order":0,"comment_status":"closed","ping_status":"closed","template":"","meta":{"footnotes":""},"class_list":["post-9414","page","type-page","status-publish","hentry"],"_links":{"self":[{"href":"https:\/\/mycor.iam.inrae.fr\/ARBRE\/index.php?rest_route=\/wp\/v2\/pages\/9414","targetHints":{"allow":["GET"]}}],"collection":[{"href":"https:\/\/mycor.iam.inrae.fr\/ARBRE\/index.php?rest_route=\/wp\/v2\/pages"}],"about":[{"href":"https:\/\/mycor.iam.inrae.fr\/ARBRE\/index.php?rest_route=\/wp\/v2\/types\/page"}],"author":[{"embeddable":true,"href":"https:\/\/mycor.iam.inrae.fr\/ARBRE\/index.php?rest_route=\/wp\/v2\/users\/4"}],"replies":[{"embeddable":true,"href":"https:\/\/mycor.iam.inrae.fr\/ARBRE\/index.php?rest_route=%2Fwp%2Fv2%2Fcomments&post=9414"}],"version-history":[{"count":0,"href":"https:\/\/mycor.iam.inrae.fr\/ARBRE\/index.php?rest_route=\/wp\/v2\/pages\/9414\/revisions"}],"up":[{"embeddable":true,"href":"https:\/\/mycor.iam.inrae.fr\/ARBRE\/index.php?rest_route=\/wp\/v2\/pages\/2122"}],"wp:attachment":[{"href":"https:\/\/mycor.iam.inrae.fr\/ARBRE\/index.php?rest_route=%2Fwp%2Fv2%2Fmedia&parent=9414"}],"curies":[{"name":"wp","href":"https:\/\/api.w.org\/{rel}","templated":true}]}}