{"id":9458,"date":"2016-02-24T13:39:59","date_gmt":"2016-02-24T13:39:59","guid":{"rendered":"https:\/\/mycor.iam.inrae.fr\/ARBRE\/?page_id=9458"},"modified":"2016-02-24T13:39:59","modified_gmt":"2016-02-24T13:39:59","slug":"iksmaps1","status":"publish","type":"page","link":"https:\/\/mycor.iam.inrae.fr\/ARBRE\/?page_id=9458","title":{"rendered":"IKSMAPS1"},"content":{"rendered":"<p><strong>Production de cartes pr\u00e9calcul\u00e9es d\u2019\u00e9volution des aires climatiques des principales essences de la foresterie fran\u00e7aise \u00e0 l\u2019aide du mod\u00e8le IKS \u2013 Volet 1\u00a0: Evaluation du mod\u00e8le et cahier des charges de l\u2019outil d\u2019aide \u00e0 la d\u00e9cision<\/strong><\/p>\n<p><em>Responsable scientifique <\/em>: Myriam Legay, Chef du D\u00e9partement Recherche, D\u00e9veloppement et Innovation, ONF &#8211; Nancy<\/p>\n<p><em>Partenaires <\/em>: Eric Paillassa, CNPF-IDF<\/p>\n<p><em>Collaborations <\/em>:<\/p>\n<ul>\n<li>Hendrik Davi, UR 629 Ecologie des Forest M\u00e9diterran\u00e9ennes , INRA, Avignon<\/li>\n<li>Vincent Badeau, UMR 1137 Ecologie et Ecophysiologie Foresti\u00e8re (EEF), INRA, Nancy-Lorraine<\/li>\n<li>Laurent Saint-Andr\u00e9, UR 1138 Biog\u00e9ochimie des \u00c9cosyst\u00e8mes Forestiers (BEF), INRA, Nancy-Lorraine<\/li>\n<li>Jean-Charles Bastien, UR 0588 Am\u00e9lioration G\u00e9n\u00e9tique et Physiologie Foresti\u00e8res (AGPF), INRA, Val de Loire<\/li>\n<\/ul>\n<p>___________________________________________________________<\/p>\n<p>Le volet 1 d\u2019IKSMAPS s\u2019attache \u00e0 une \u00e9valuation du mod\u00e8le IKS, qui reproduit la r\u00e9partition des esp\u00e8ces par une approche de facteurs climatiques limitants. Le volet 2 consistera \u00e0 mettre \u00e0 disposition des am\u00e9nagistes et conseillers techniques forestiers un jeu complet et coh\u00e9rent de simulations pr\u00e9-calcul\u00e9es d\u2019impact du changement climatique sur les principales esp\u00e8ces foresti\u00e8res utilis\u00e9es en France.<\/p>\n<p>IKSMAPS1 vise ainsi \u00e0 soumettre le mod\u00e8le IKS \u00e0 un certain nombre de tests, sur\u00a0:<\/p>\n<ul>\n<li>sa capacit\u00e9 \u00e0 repr\u00e9senter l\u2019aire actuelle des principales esp\u00e8ces fran\u00e7aises,<\/li>\n<li>sa sensibilit\u00e9 aux donn\u00e9es de r\u00e9partition utilis\u00e9es et \u00e0 la m\u00e9thode d\u2019ajustement,<\/li>\n<li>la comparaison des r\u00e9sultats obtenus aux principales simulations publi\u00e9es sur ces m\u00eames essences,<\/li>\n<li>le niveau de r\u00e9solution auquel on peut pousser le mod\u00e8le, dans l\u2019\u00e9tat actuel de son conditionnement par les donn\u00e9es sources (notamment climatiques).<\/li>\n<\/ul>\n<p>Selon le r\u00e9sultat, il sera possible d\u2019entreprendre le volet 2 pour conditionner un outil d\u2019aide au choix des essences ciblant prioritairement les besoins des conseillers techniques et experts en am\u00e9nagement, dans une logique de service climatique. L\u2019outil d\u2019aide \u00e0 la d\u00e9cision ainsi d\u00e9ploy\u00e9 sera mis en \u0153uvre \u00e0 l\u2019appui de la d\u00e9marche de r\u00e9vision des conseils d\u2019utilisation des mat\u00e9riels forestiers de reproduction.<\/p>\n","protected":false},"excerpt":{"rendered":"<p>Production de cartes pr\u00e9calcul\u00e9es d\u2019\u00e9volution des aires climatiques des principales essences de la foresterie fran\u00e7aise \u00e0 l\u2019aide du mod\u00e8le IKS \u2013 Volet 1\u00a0: Evaluation du mod\u00e8le et cahier des charges de l\u2019outil d\u2019aide \u00e0 la d\u00e9cision Responsable scientifique : Myriam &hellip; <a href=\"https:\/\/mycor.iam.inrae.fr\/ARBRE\/?page_id=9458\">Continuer la lecture <span class=\"meta-nav\">&rarr;<\/span><\/a><\/p>\n","protected":false},"author":4,"featured_media":0,"parent":2122,"menu_order":0,"comment_status":"closed","ping_status":"closed","template":"","meta":{"footnotes":""},"class_list":["post-9458","page","type-page","status-publish","hentry"],"_links":{"self":[{"href":"https:\/\/mycor.iam.inrae.fr\/ARBRE\/index.php?rest_route=\/wp\/v2\/pages\/9458","targetHints":{"allow":["GET"]}}],"collection":[{"href":"https:\/\/mycor.iam.inrae.fr\/ARBRE\/index.php?rest_route=\/wp\/v2\/pages"}],"about":[{"href":"https:\/\/mycor.iam.inrae.fr\/ARBRE\/index.php?rest_route=\/wp\/v2\/types\/page"}],"author":[{"embeddable":true,"href":"https:\/\/mycor.iam.inrae.fr\/ARBRE\/index.php?rest_route=\/wp\/v2\/users\/4"}],"replies":[{"embeddable":true,"href":"https:\/\/mycor.iam.inrae.fr\/ARBRE\/index.php?rest_route=%2Fwp%2Fv2%2Fcomments&post=9458"}],"version-history":[{"count":0,"href":"https:\/\/mycor.iam.inrae.fr\/ARBRE\/index.php?rest_route=\/wp\/v2\/pages\/9458\/revisions"}],"up":[{"embeddable":true,"href":"https:\/\/mycor.iam.inrae.fr\/ARBRE\/index.php?rest_route=\/wp\/v2\/pages\/2122"}],"wp:attachment":[{"href":"https:\/\/mycor.iam.inrae.fr\/ARBRE\/index.php?rest_route=%2Fwp%2Fv2%2Fmedia&parent=9458"}],"curies":[{"name":"wp","href":"https:\/\/api.w.org\/{rel}","templated":true}]}}