{"id":9533,"date":"2016-03-07T09:12:52","date_gmt":"2016-03-07T09:12:52","guid":{"rendered":"https:\/\/mycor.iam.inrae.fr\/ARBRE\/?page_id=9533"},"modified":"2016-03-21T18:44:11","modified_gmt":"2016-03-21T18:44:11","slug":"grecoforcc","status":"publish","type":"page","link":"https:\/\/mycor.iam.inrae.fr\/ARBRE\/?page_id=9533","title":{"rendered":"GRECOFORCC"},"content":{"rendered":"<p><strong>Assessing the growth of main European confiferous forests under a warmer climatic regime<\/strong><\/p>\n<p><em>Responsable scientifique :\u00a0\u00a0 <\/em>Jean-Daniel Bontemps, Laboratoire de l&rsquo;Inventaire Forestier (LIF), IGN<\/p>\n<p><em>Partenaires Labex : <\/em>Department of Forest Inventory BFW (Austria)<\/p>\n<p><em>Collaboration :<\/em><\/p>\n<ul>\n<li>Thomas Gschwantner, Klemens Schadauer (Dept. of Forest Inventory, BFW)<\/li>\n<li>Jean-Christophe Herv\u00e9 (LIF, IGN)<\/li>\n<\/ul>\n<p>____________________________________________<\/p>\n<p><strong>Contexte<\/strong> \u2013 Le r\u00e9chauffement r\u00e9cent questionne la durabilit\u00e9 de la production foresti\u00e8re, et am\u00e8ne \u00e0 examiner la diversit\u00e9 de r\u00e9ponse des esp\u00e8ces d\u2019arbres, pour identifier indiquant leur aptitude potentielle \u00e0 des fonctions de production. Les esp\u00e8ces r\u00e9sineuses \u00e0 croissance rapide, et qui contribuent fortement \u00e0 l\u2019activit\u00e9 de production en Europe, sont de premier int\u00e9r\u00eat. Du fait qu\u2019elles proviennent de zones montagneuses ou de r\u00e9gions nordiques plus froides et ont \u00e9t\u00e9 introduites dans des plaines et collines plus chaudes, ou parce qu\u2019elles occupent des r\u00e9gions plus m\u00e9ridionales d\u2019Europe o\u00f9 la contrainte hydrique pourrait s\u2019accro\u00eetre, leur r\u00e9ponse n\u2019est a priori pas uniforme.<\/p>\n<p><strong>D\u00e9marche<\/strong> \u2013 A partir d\u2019une collaboration entre \u00e9quipes de recherche en inventaire fran\u00e7aises et autrichiennes, les objectifs sont\u00a0:\u00a01) de mettre en \u00e9vidence les tendances et anomalies r\u00e9centes de croissance des principales esp\u00e8ces r\u00e9sineuses europ\u00e9ennes, pr\u00e9sentes dans des contextes oc\u00e9aniques, continentaux ou montagnards, et repr\u00e9sentatives de niches climatiques contrast\u00e9es, 2) d\u2019\u00e9tudier leur relations avec des facteurs climatiques pour inf\u00e9rer leur comportement possible \u00e0 plus long terme. La croissance foresti\u00e8re sera d\u00e9crite \u00e0 une r\u00e9solution annuelle sur des domaines forestiers larges, une originalit\u00e9 permise par les progr\u00e8s r\u00e9cents des inventaires forestiers fran\u00e7ais et autrichiens.<\/p>\n<p><strong>Approches<\/strong> \u2013 Les esp\u00e8ces \u00e9tudi\u00e9es comprennent l\u2019\u00e9pic\u00e9a commun, le sapin, le pin sylvestre et le m\u00e9l\u00e8ze, \u00e9tudi\u00e9s dans les deux pays, et le pin maritime et le douglas en France. Ces esp\u00e8ces seront \u00e9tudi\u00e9es dans leurs contextes natifs et d\u2019afforestation, et dans des communaut\u00e9s de r\u00e9f\u00e9rence permettant d\u2019isoler les signaux environnementaux. Par une approche statistique, des chronologies annuelles de croissance foresti\u00e8re cumul\u00e9e sur des domaines r\u00e9gionaux seront construites, fournissant un aper\u00e7u original de l\u2019impact du r\u00e9chauffement r\u00e9cent (25 ans). La croissance de ces esp\u00e8ces sur des gradients climatiques sera ensuite mod\u00e9lis\u00e9e, pour extrapoler leur comportement qualitatif futur.<\/p>\n<p><strong>R\u00e9sultats et impacts attendus<\/strong><em> \u2013 <\/em>Le projet permettra d\u2019appr\u00e9cier les tendances de croissance r\u00e9centes d\u2019un ensemble \u00e9largi d\u2019esp\u00e8ces r\u00e9sineuses europ\u00e9ennes, et fournira aussi des bases consistantes pour le d\u00e9veloppement d\u2019indicateurs de la performance des esp\u00e8ces et des syst\u00e8mes de production foresti\u00e8re, ainsi que pour un outil de monitoring du changement climatique sur les for\u00eats.<\/p>\n<p>&nbsp;<\/p>\n<p>&nbsp;<\/p>\n","protected":false},"excerpt":{"rendered":"<p>Assessing the growth of main European confiferous forests under a warmer climatic regime Responsable scientifique :\u00a0\u00a0 Jean-Daniel Bontemps, Laboratoire de l&rsquo;Inventaire Forestier (LIF), IGN Partenaires Labex : Department of Forest Inventory BFW (Austria) Collaboration : Thomas Gschwantner, Klemens Schadauer (Dept. &hellip; <a href=\"https:\/\/mycor.iam.inrae.fr\/ARBRE\/?page_id=9533\">Continuer la lecture <span class=\"meta-nav\">&rarr;<\/span><\/a><\/p>\n","protected":false},"author":4,"featured_media":0,"parent":2122,"menu_order":0,"comment_status":"closed","ping_status":"closed","template":"","meta":{"footnotes":""},"class_list":["post-9533","page","type-page","status-publish","hentry"],"_links":{"self":[{"href":"https:\/\/mycor.iam.inrae.fr\/ARBRE\/index.php?rest_route=\/wp\/v2\/pages\/9533","targetHints":{"allow":["GET"]}}],"collection":[{"href":"https:\/\/mycor.iam.inrae.fr\/ARBRE\/index.php?rest_route=\/wp\/v2\/pages"}],"about":[{"href":"https:\/\/mycor.iam.inrae.fr\/ARBRE\/index.php?rest_route=\/wp\/v2\/types\/page"}],"author":[{"embeddable":true,"href":"https:\/\/mycor.iam.inrae.fr\/ARBRE\/index.php?rest_route=\/wp\/v2\/users\/4"}],"replies":[{"embeddable":true,"href":"https:\/\/mycor.iam.inrae.fr\/ARBRE\/index.php?rest_route=%2Fwp%2Fv2%2Fcomments&post=9533"}],"version-history":[{"count":0,"href":"https:\/\/mycor.iam.inrae.fr\/ARBRE\/index.php?rest_route=\/wp\/v2\/pages\/9533\/revisions"}],"up":[{"embeddable":true,"href":"https:\/\/mycor.iam.inrae.fr\/ARBRE\/index.php?rest_route=\/wp\/v2\/pages\/2122"}],"wp:attachment":[{"href":"https:\/\/mycor.iam.inrae.fr\/ARBRE\/index.php?rest_route=%2Fwp%2Fv2%2Fmedia&parent=9533"}],"curies":[{"name":"wp","href":"https:\/\/api.w.org\/{rel}","templated":true}]}}