{"id":9609,"date":"2016-03-29T10:10:27","date_gmt":"2016-03-29T10:10:27","guid":{"rendered":"https:\/\/mycor.iam.inrae.fr\/ARBRE\/?page_id=9609"},"modified":"2016-03-29T10:12:48","modified_gmt":"2016-03-29T10:12:48","slug":"formanclim","status":"publish","type":"page","link":"https:\/\/mycor.iam.inrae.fr\/ARBRE\/?page_id=9609","title":{"rendered":"FORMANCLIM"},"content":{"rendered":"<p><strong>Nouveaux outils pour la caract\u00e9risation stationnelle et le choix de essences &#8211; Application \u00e0 l&rsquo;am\u00e9nagement forestier en contexte de changement climatique<\/strong><\/p>\n<p><em>Responsable scientifique\u00a0<\/em>: Paulina Pinto (UMR 1092 Laboratoire d&rsquo;Etude des Ressources For\u00eat Bois \u2013 LERFOB)<\/p>\n<p><em>Partenaires Labex\u00a0:<\/em><\/p>\n<ul>\n<li>Myriam Legay, Noemie Pousse (RDI-ONF)<\/li>\n<li>Quentin Ponette (Earth and Life Institute, Forest Sciences, Universit\u00e9 de Louvain (Belgique)<\/li>\n<li>Jean-Claude G\u00e9gout, Eric Lacombe, Christian Piedallu (LERFOB, UMR INRA-AgroParisTech)<\/li>\n<\/ul>\n<p><em>Collaboration\u00a0:\u00a0<\/em><\/p>\n<ul>\n<li>Gersande G\u00e9rard (ONF-Agence de Verdun)<\/li>\n<li>Mil\u00e8ne Genitls (ONF-Agence Versailles)<\/li>\n<\/ul>\n<p>____________________________<\/p>\n<p><strong>Contexte <\/strong>\u2014 Le choix des essences \u00e0 favoriser dans le cadre d\u2019un am\u00e9nagement forestier, repose sur la bonne ad\u00e9quation entre les caract\u00e9ristiques du milieu et l\u2019\u00e9cologie des essences choisies. Pour ce choix, l\u2019am\u00e9nagiste dispose des outils traditionnels d\u2019aide \u00e0 la d\u00e9cision (e.g. catalogues de station et guides pour le choix des essences) ne leur permettant pas d\u2019int\u00e9grer les \u00e9volutions du climat dans le processus de prise de d\u00e9cision. D\u2019autre part, des approches formalis\u00e9es d&rsquo;\u00e9valuation du climat par des mod\u00e8les climatiques spatialis\u00e9s et d&rsquo;\u00e9valuation des conditions de sols par des m\u00e9thodes optimis\u00e9es de bioindication avec la flore foresti\u00e8re ont \u00e9t\u00e9 d\u00e9velopp\u00e9es les derni\u00e8res ann\u00e9es. Ces indicateurs quantitatifs ont \u00e9t\u00e9 test\u00e9s avec succ\u00e8s \u00e0 l&rsquo;\u00e9chelle nationale pour \u00e9tablir des mod\u00e8les environnementaux de distribution et de croissance des essences.<\/p>\n<p><strong>Objectifs<\/strong> \u2014 Appliquer \u00e0 l&rsquo;\u00e9chelle du massif forestier ces nouveaux outils de description du milieu et des potentialit\u00e9s des essences, pour int\u00e9grer de fa\u00e7on formalis\u00e9e l&rsquo;impact du changement climatique dans le choix des essences lors des am\u00e9nagements forestiers.<\/p>\n<p><strong>D\u00e9marche<\/strong> \u2014 Nous proposons d\u2019appliquer les nouveaux outils de description du milieu, bas\u00e9s sur la bioindication, sur un r\u00e9seau de placettes r\u00e9alis\u00e9s par l\u2019ONF dans deux massifs forestiers en vue de leur am\u00e9nagement. Le choix des essences sera bas\u00e9 sur des mod\u00e8les de distribution des essences, qui seront appliqu\u00e9s \u00e0 l\u2019\u00e9chelle placette en utilisant les donn\u00e9es climatiques et \u00e9daphiques (estim\u00e9s sur le terrain ou bioindiqu\u00e9es) pour calculer les probabilit\u00e9s actuelles et futures de pr\u00e9sence des essences.<\/p>\n<p><strong>R\u00e9sultats et impacts attendus<\/strong> \u2014 Des crit\u00e8res de choix des essences objectifs dans les parcelles seront mis en place en collaboration avec les gestionnaires dans le cadre de l&rsquo;am\u00e9nagement forestier. Une formation-atelier pr\u00e9sentant la nouvelle d\u00e9marche, la g\u00e9n\u00e9ration d&rsquo;outils associ\u00e9s et leur application sur le terrain, permettra l\u2019\u00e9change entre acteurs de la recherche et gestionnaires forestiers, et la construction d\u2019un programme de d\u00e9ploiement des nouvelles m\u00e9thodes propos\u00e9es.<\/p>\n","protected":false},"excerpt":{"rendered":"<p>Nouveaux outils pour la caract\u00e9risation stationnelle et le choix de essences &#8211; Application \u00e0 l&rsquo;am\u00e9nagement forestier en contexte de changement climatique Responsable scientifique\u00a0: Paulina Pinto (UMR 1092 Laboratoire d&rsquo;Etude des Ressources For\u00eat Bois \u2013 LERFOB) Partenaires Labex\u00a0: Myriam Legay, Noemie &hellip; <a href=\"https:\/\/mycor.iam.inrae.fr\/ARBRE\/?page_id=9609\">Continuer la lecture <span class=\"meta-nav\">&rarr;<\/span><\/a><\/p>\n","protected":false},"author":4,"featured_media":0,"parent":2122,"menu_order":0,"comment_status":"closed","ping_status":"closed","template":"","meta":{"footnotes":""},"class_list":["post-9609","page","type-page","status-publish","hentry"],"_links":{"self":[{"href":"https:\/\/mycor.iam.inrae.fr\/ARBRE\/index.php?rest_route=\/wp\/v2\/pages\/9609","targetHints":{"allow":["GET"]}}],"collection":[{"href":"https:\/\/mycor.iam.inrae.fr\/ARBRE\/index.php?rest_route=\/wp\/v2\/pages"}],"about":[{"href":"https:\/\/mycor.iam.inrae.fr\/ARBRE\/index.php?rest_route=\/wp\/v2\/types\/page"}],"author":[{"embeddable":true,"href":"https:\/\/mycor.iam.inrae.fr\/ARBRE\/index.php?rest_route=\/wp\/v2\/users\/4"}],"replies":[{"embeddable":true,"href":"https:\/\/mycor.iam.inrae.fr\/ARBRE\/index.php?rest_route=%2Fwp%2Fv2%2Fcomments&post=9609"}],"version-history":[{"count":0,"href":"https:\/\/mycor.iam.inrae.fr\/ARBRE\/index.php?rest_route=\/wp\/v2\/pages\/9609\/revisions"}],"up":[{"embeddable":true,"href":"https:\/\/mycor.iam.inrae.fr\/ARBRE\/index.php?rest_route=\/wp\/v2\/pages\/2122"}],"wp:attachment":[{"href":"https:\/\/mycor.iam.inrae.fr\/ARBRE\/index.php?rest_route=%2Fwp%2Fv2%2Fmedia&parent=9609"}],"curies":[{"name":"wp","href":"https:\/\/api.w.org\/{rel}","templated":true}]}}