{"id":9910,"date":"2016-07-04T10:15:01","date_gmt":"2016-07-04T10:15:01","guid":{"rendered":"https:\/\/mycor.iam.inrae.fr\/ARBRE\/?page_id=9910"},"modified":"2016-07-05T07:56:48","modified_gmt":"2016-07-05T07:56:48","slug":"arbre-publication-pnas","status":"publish","type":"page","link":"https:\/\/mycor.iam.inrae.fr\/ARBRE\/?page_id=9910","title":{"rendered":"ARBRE Publication \u2014 PNAS"},"content":{"rendered":"<p><a href=\"https:\/\/mycor.iam.inrae.fr\/ARBRE\/wp-content\/uploads\/2016\/07\/pnas-banner-photo-only.jpg\"><img loading=\"lazy\" decoding=\"async\" class=\"  wp-image-9914 alignleft\" src=\"https:\/\/mycor.iam.inrae.fr\/ARBRE\/wp-content\/uploads\/2016\/07\/pnas-banner-photo-only.jpg\" alt=\"pnas banner photo only\" width=\"457\" height=\"286\" \/><\/a><\/p>\n<p>&nbsp;<\/p>\n<p>&nbsp;<\/p>\n<p>&nbsp;<\/p>\n<p>&nbsp;<\/p>\n<p>&nbsp;<\/p>\n<p>&nbsp;<\/p>\n<p>&nbsp;<\/p>\n<p style=\"padding-left: 30px;\"><a href=\"http:\/\/mycor.nancy.inra.fr\/IAM\/?page_id=2000\"><span style=\"color: #000080;\"><strong>Unit\u00e9 \u2014 Interactions Arbres\/Micro-organismes (IAM)<\/strong><\/span><\/a><\/p>\n<h1 style=\"padding-left: 30px;\">Chloroplast FBPase and SBPase are thioredoxin-linked enzymes with similar architecture but different evolutionary histories<\/h1>\n<p style=\"padding-left: 30px;\">Desir\u00e9e G\u00fctle, Thomas Roret, Stefanie Mueller, J\u00e9r\u00e9my Couturier, St\u00e9phane Lemaire, Arnaud Hecker, Tiphaine Dhalleine, Bob Buchanan, Ralf Reski, Oliver Einsle, Jean-Pierre Jacquot. June 2016. <em>Proceedings of the National Academy of Sciences (USA) &#8211; PNAS<\/em><\/p>\n<p>&nbsp;<\/p>\n<p>___________________________________________________________________<\/p>\n<p style=\"text-align: left; padding-left: 30px;\"><em>Resum\u00e9 (en anglais)<\/em><\/p>\n<h2 style=\"padding-left: 30px;\">Significance<\/h2>\n<p style=\"padding-left: 30px;\">We demonstrate that, although the two phosphatases of the Calvin\u2013Benson cycle of photosynthesis [sedoheptulose-1,7-bisphosphatase (SBPase) and fructose-1,6-bisphosphatase (FBPase)] share extensive structural homology, their redox-regulatory disulfides are incorporated in strikingly different positions, in agreement with an independent evolutionary origin of each enzyme. This article compares in detail the structures of the enzymes together with their regulatory and catalytic properties as well as their phylogenies. Significantly, the substrate binding site of SBPase is larger than that of FBPase, thus allowing it to accommodate both seven- and six-carbon sugar phosphate substrates, whereas FBPase is active only with the latter. The data suggest that SBPase is of archaeal origin, whereas FBPase is descended from bacteria.<\/p>\n<h2 style=\"padding-left: 30px;\">Abstract<\/h2>\n<p style=\"padding-left: 30px;\">The Calvin\u2013Benson cycle of carbon dioxide fixation in chloroplasts is controlled by light-dependent redox reactions that target specific enzymes. Of the regulatory members of the cycle, our knowledge of sedoheptulose-1,7-bisphosphatase (SBPase) is particularly scanty, despite growing evidence for its importance and link to plant productivity. To help fill this gap, we have purified, crystallized, and characterized the recombinant form of the enzyme together with the better studied fructose-1,6-bisphosphatase (FBPase), in both cases from the moss <em>Physcomitrella patens<\/em> (<em>Pp<\/em>). Overall, the moss enzymes resembled their counterparts from seed plants, including oligomeric organization\u2014<em>Pp<\/em>SBPase is a dimer, and <em>Pp<\/em>FBPase is a tetramer. The two phosphatases showed striking structural homology to each other, differing primarily in their solvent-exposed surface areas in a manner accounting for their specificity for seven-carbon (sedoheptulose) and six-carbon (fructose) sugar bisphosphate substrates. The two enzymes had a similar redox potential for their regulatory redox-active disulfides (\u2212310 mV for <em>Pp<\/em>SBPase vs. \u2212290 mV for <em>Pp<\/em>FBPase), requirement for Mg<sup>2+<\/sup> and thioredoxin (TRX) specificity (TRX <em>f<\/em> &gt; TRX <em>m<\/em>). Previously known to differ in the position and sequence of their regulatory cysteines, the enzymes unexpectedly showed unique evolutionary histories. The FBPase gene originated in bacteria in conjunction with the endosymbiotic event giving rise to mitochondria, whereas SBPase arose from an archaeal gene resident in the eukaryotic host. These findings raise the question of how enzymes with such different evolutionary origins achieved structural similarity and adapted to control by the same light-dependent photosynthetic mechanism\u2014namely ferredoxin, ferredoxin-thioredoxin reductase, and thioredoxin.<\/p>\n<p><a href=\"https:\/\/mycor.iam.inrae.fr\/ARBRE\/wp-content\/uploads\/2016\/07\/FR-pnas-reference.jpg\"><img loading=\"lazy\" decoding=\"async\" class=\"  wp-image-9913 aligncenter\" src=\"https:\/\/mycor.iam.inrae.fr\/ARBRE\/wp-content\/uploads\/2016\/07\/FR-pnas-reference.jpg\" alt=\"FR pnas reference\" width=\"469\" height=\"128\" \/><\/a><\/p>\n<p><a href=\"https:\/\/mycor.iam.inrae.fr\/ARBRE\/wp-content\/uploads\/2016\/07\/Screenshot-2016-07-04-10.06.03.png\"><img loading=\"lazy\" decoding=\"async\" class=\" size-full wp-image-9904 aligncenter\" src=\"https:\/\/mycor.iam.inrae.fr\/ARBRE\/wp-content\/uploads\/2016\/07\/Screenshot-2016-07-04-10.06.03.png\" alt=\"Screenshot 2016-07-04 10.06.03\" width=\"423\" height=\"340\" \/><\/a><\/p>\n","protected":false},"excerpt":{"rendered":"<p>&nbsp; &nbsp; &nbsp; &nbsp; &nbsp; &nbsp; &nbsp; Unit\u00e9 \u2014 Interactions Arbres\/Micro-organismes (IAM) Chloroplast FBPase and SBPase are thioredoxin-linked enzymes with similar architecture but different evolutionary histories Desir\u00e9e G\u00fctle, Thomas Roret, Stefanie Mueller, J\u00e9r\u00e9my Couturier, St\u00e9phane Lemaire, Arnaud Hecker, Tiphaine Dhalleine, &hellip; <a href=\"https:\/\/mycor.iam.inrae.fr\/ARBRE\/?page_id=9910\">Continuer la lecture <span class=\"meta-nav\">&rarr;<\/span><\/a><\/p>\n","protected":false},"author":4,"featured_media":0,"parent":2122,"menu_order":0,"comment_status":"closed","ping_status":"closed","template":"","meta":{"footnotes":""},"class_list":["post-9910","page","type-page","status-publish","hentry"],"_links":{"self":[{"href":"https:\/\/mycor.iam.inrae.fr\/ARBRE\/index.php?rest_route=\/wp\/v2\/pages\/9910","targetHints":{"allow":["GET"]}}],"collection":[{"href":"https:\/\/mycor.iam.inrae.fr\/ARBRE\/index.php?rest_route=\/wp\/v2\/pages"}],"about":[{"href":"https:\/\/mycor.iam.inrae.fr\/ARBRE\/index.php?rest_route=\/wp\/v2\/types\/page"}],"author":[{"embeddable":true,"href":"https:\/\/mycor.iam.inrae.fr\/ARBRE\/index.php?rest_route=\/wp\/v2\/users\/4"}],"replies":[{"embeddable":true,"href":"https:\/\/mycor.iam.inrae.fr\/ARBRE\/index.php?rest_route=%2Fwp%2Fv2%2Fcomments&post=9910"}],"version-history":[{"count":0,"href":"https:\/\/mycor.iam.inrae.fr\/ARBRE\/index.php?rest_route=\/wp\/v2\/pages\/9910\/revisions"}],"up":[{"embeddable":true,"href":"https:\/\/mycor.iam.inrae.fr\/ARBRE\/index.php?rest_route=\/wp\/v2\/pages\/2122"}],"wp:attachment":[{"href":"https:\/\/mycor.iam.inrae.fr\/ARBRE\/index.php?rest_route=%2Fwp%2Fv2%2Fmedia&parent=9910"}],"curies":[{"name":"wp","href":"https:\/\/api.w.org\/{rel}","templated":true}]}}