{"id":226,"date":"2025-03-29T07:21:27","date_gmt":"2025-03-29T07:21:27","guid":{"rendered":"https:\/\/mycor.iam.inrae.fr\/ARTEMIS\/?page_id=226"},"modified":"2026-03-14T09:31:17","modified_gmt":"2026-03-14T09:31:17","slug":"media-coverage","status":"publish","type":"page","link":"https:\/\/mycor.iam.inrae.fr\/ARTEMIS\/index.php\/media-coverage\/","title":{"rendered":"Media coverage"},"content":{"rendered":"<h2>## <a href=\"https:\/\/mycor.iam.inrae.fr\/ARTEMIS\/wp-content\/uploads\/2025\/03\/libechamp_arbres_carres.pdf\">Le secret des arbres carr\u00e9s et des arbres \u00e0 pont (27 MARS 2025)<\/a> =&gt; r\u00e9f\u00e9rence \u00e0 MC TROUY (UMR SILVA)<\/h2>\n<p><strong>## <a href=\"https:\/\/reporterre.net\/Feux-zombies-en-Gironde-Ces-incendies-souterrains-vont-se-multiplier\">Feux zombies en Gironde : \u00ab<small class=\"fine d-inline\">\u00a0<\/small>Ces incendies souterrains vont se multiplier<small class=\"fine d-inline\">\u00a0<\/small>\u00bb<\/a> (27 Mars 2025) =&gt; A. COLLIN (UMR LEMTA)<\/strong><\/p>\n<h2><strong>## <a href=\"https:\/\/mycor.iam.inrae.fr\/ARTEMIS\/wp-content\/uploads\/2025\/04\/ltl_defiboiseurs-02.04.2025.pdf\">Les d\u00e9fis boiseurs sont sur le feu<\/a> =&gt; r\u00e9f\u00e9rence \u00e0 l&#8217;ENSTIB et L. BLERON (Avril 2025)<\/strong><\/h2>\n<h2><strong>## <\/strong><strong><a href=\"https:\/\/mycor.iam.inrae.fr\/ARTEMIS\/wp-content\/uploads\/2025\/04\/ltl_carbo_france-02.04.2025.pdf\">CarboFrance : l&#8217;innovation au service de l&#8217;outil industriel<\/a> (Avril 2025) =&gt; r\u00e9f\u00e9rence \u00e0 l&#8217;ENSTIB<\/strong><\/h2>\n<p><strong>## <a href=\"https:\/\/mycor.iam.inrae.fr\/ARTEMIS\/wp-content\/uploads\/2025\/04\/vm_tiques_maladie_lyme_conf-03.02.2025.pdf\">Maladie de Lyme et tiques<\/a> (Avril 2025) =&gt; r\u00e9f\u00e9rence \u00e0 CITIQUE et Sandrine CAPAZZI<\/strong><\/p>\n<h2><strong><a href=\"https:\/\/mycor.iam.inrae.fr\/ARTEMIS\/wp-content\/uploads\/2025\/04\/vm_darney_foret-03.04.2025-1.pdf\">### Visite de la for\u00eat Darney-La V\u00f4ge par une d\u00e9l\u00e9gation d&#8217;universitaire Europ\u00e9en<\/a> (Avril 2025)=&gt; r\u00e9f\u00e9rence \u00e0 A. BESSERER et F. NAJEAN<\/strong><\/h2>\n<p><strong>## <a href=\"https:\/\/mycor.iam.inrae.fr\/ARTEMIS\/wp-content\/uploads\/2025\/04\/er_vosges_recyclage_materiaux_bois-17.04.2025.pdf\">Recyclage et valorisation du mat\u00e9riau bois<\/a><\/strong> <strong>(16 avril 2025) =&gt; r\u00e9f\u00e9rence \u00e0 l&#8217;ENSTIB \/L. BLERON<\/strong><br \/>\n<strong>## <a href=\"https:\/\/www.inrae.fr\/actualites\/programme-citique-prevenir-risque-piqures-tiques-debut-du-printemps-surtout-enfants\">Programme CiTIQUE : pr\u00e9venir le risque de piq\u00fbres de tiques d\u00e8s le d\u00e9but du printemps, surtout chez les enfants<\/a> (15 avril 2025) =&gt; r\u00e9f\u00e9rence \u00e0 P. FREY-KLETT et J. DURAND<\/strong><\/p>\n<h2>###<a href=\"https:\/\/mycor.iam.inrae.fr\/ARTEMIS\/wp-content\/uploads\/2025\/04\/voisins_nachbarn_la-cooperation-donne-de-la-valeur-aux-ecorces-24.04.2025.pdf\"><strong>La coop\u00e9ration donne de la valeur aux \u00e9corces<\/strong><\/a> Voisins Nachbarn (23 avril 2025) =&gt; <strong>r\u00e9f\u00e9rence au LERMAB et au projet Interreg \u00ab ExtraBark \u00bb<\/strong><\/h2>\n<h2><strong>## <a href=\"https:\/\/mycor.iam.inrae.fr\/ARTEMIS\/wp-content\/uploads\/2025\/05\/er_racina_art_et_science_au_service_26-05-25.pdf\">Exposition Racina : Art et science avec Charlotte RODON<\/a> R\u00e9f\u00e9rence \u00e0 Marc BUEE (IAM) et Uiversit\u00e9 de Lorraine &#8230; exposition co-financ\u00e9e par le Labex ARBRE (26 mai 2025)<\/strong><\/h2>\n<p>## <strong><a href=\"https:\/\/mycor.iam.inrae.fr\/ARTEMIS\/wp-content\/uploads\/2025\/07\/ER_alternative-aux-pesticides-16-07-25.pdf\">Alternative aux pesticides : des tests en cours sur des mol\u00e9cules issues du bois<\/a> (12 juillet 2025, Est R\u00e9publicain) =&gt; R\u00e9f\u00e9rence \u00e0 Christine et Philippe GERARDIN<\/strong><\/p>\n<p>&nbsp;<\/p>\n<p>&nbsp;<\/p>\n<p>&nbsp;<\/p>\n","protected":false},"excerpt":{"rendered":"<p>## Le secret des arbres carr\u00e9s et des arbres \u00e0 pont (27 MARS 2025) =&gt; r\u00e9f\u00e9rence \u00e0 MC TROUY (UMR SILVA) ## Feux zombies en Gironde : \u00ab\u00a0Ces incendies souterrains vont se multiplier\u00a0\u00bb (27 Mars 2025) =&gt; A. COLLIN (UMR &hellip; <a href=\"https:\/\/mycor.iam.inrae.fr\/ARTEMIS\/index.php\/media-coverage\/\">Continue reading <span class=\"meta-nav\">&rarr;<\/span><\/a><\/p>\n","protected":false},"author":2,"featured_media":0,"parent":0,"menu_order":0,"comment_status":"closed","ping_status":"closed","template":"","meta":{"footnotes":""},"class_list":["post-226","page","type-page","status-publish","hentry"],"_links":{"self":[{"href":"https:\/\/mycor.iam.inrae.fr\/ARTEMIS\/index.php\/wp-json\/wp\/v2\/pages\/226","targetHints":{"allow":["GET"]}}],"collection":[{"href":"https:\/\/mycor.iam.inrae.fr\/ARTEMIS\/index.php\/wp-json\/wp\/v2\/pages"}],"about":[{"href":"https:\/\/mycor.iam.inrae.fr\/ARTEMIS\/index.php\/wp-json\/wp\/v2\/types\/page"}],"author":[{"embeddable":true,"href":"https:\/\/mycor.iam.inrae.fr\/ARTEMIS\/index.php\/wp-json\/wp\/v2\/users\/2"}],"replies":[{"embeddable":true,"href":"https:\/\/mycor.iam.inrae.fr\/ARTEMIS\/index.php\/wp-json\/wp\/v2\/comments?post=226"}],"version-history":[{"count":18,"href":"https:\/\/mycor.iam.inrae.fr\/ARTEMIS\/index.php\/wp-json\/wp\/v2\/pages\/226\/revisions"}],"predecessor-version":[{"id":466,"href":"https:\/\/mycor.iam.inrae.fr\/ARTEMIS\/index.php\/wp-json\/wp\/v2\/pages\/226\/revisions\/466"}],"wp:attachment":[{"href":"https:\/\/mycor.iam.inrae.fr\/ARTEMIS\/index.php\/wp-json\/wp\/v2\/media?parent=226"}],"curies":[{"name":"wp","href":"https:\/\/api.w.org\/{rel}","templated":true}]}}