{"id":261,"date":"2025-04-27T18:47:57","date_gmt":"2025-04-27T18:47:57","guid":{"rendered":"https:\/\/mycor.iam.inrae.fr\/ARTEMIS\/?page_id=261"},"modified":"2026-03-24T10:21:41","modified_gmt":"2026-03-24T10:21:41","slug":"useful-links","status":"publish","type":"page","link":"https:\/\/mycor.iam.inrae.fr\/ARTEMIS\/index.php\/useful-links\/","title":{"rendered":"Useful links"},"content":{"rendered":"<ul>\n<li><span style=\"color: #ff0000;\"><strong>Local<\/strong><\/span><\/li>\n<\/ul>\n<p><strong>1) Lorraine Universit\u00e9 d&#8217;Excellence<\/strong><br \/>\n&#8211; Description des programmes interdisciplinaires de l&#8217;iSITE =&gt; <a href=\"https:\/\/www.univ-lorraine.fr\/recherche-et-innovation\/initiative-dexcellence-lorraine\/\">clic<\/a><\/p>\n<p><strong>2)\u00a0 Les opportunit\u00e9s du programme <\/strong><a href=\"https:\/\/www.univ-lorraine.fr\/osezlarecherche\/\"><strong>ORION<\/strong><\/a><br \/>\n&gt; <em><strong>Bourse d&#8217;excellence<\/strong><\/em> : Vous \u00eates \u00e9tudiants en Master 1 et souhaitez poursuivre sur un parcours recherche = <strong><a href=\"https:\/\/www.univ-lorraine.fr\/osezlarecherche\/les-dispositifs-orion\/bourses-dexcellence\/\">BOURSE<\/a><\/strong><br \/>\n&gt; <em><strong>Projets de th\u00e8se<\/strong><\/em> \u00e0 vis\u00e9e entrepreneuriale: Vous \u00eates en Master 2 et avez la fibre entrepreneuriale = <strong><a href=\"https:\/\/www.univ-lorraine.fr\/osezlarecherche\/2025\/04\/04\/appel-a-candidatures-financement-de-contrats-doctoraux-entrepreneuriat-2025\/\">DOSSIER<\/a><\/strong><\/p>\n<p><strong>3) Mobilit\u00e9 pour les agents permanents<\/strong><br \/>\n&gt; <em><strong>Mobilit\u00e9 sortante<\/strong><\/em>:\u00a0 Appel \u00e0 projets de mobilit\u00e9 sortante Widen Horizons 2026-2027 = <a href=\"https:\/\/www.univ-lorraine.fr\/isite-lorraine\/appel-a-projets\/appel-a-projets-de-mobilite-sortante-widen-horizons-2026-2027\/\"><strong>DOSSIER<\/strong><\/a><\/p>\n<ul>\n<li><span style=\"color: #ff0000;\"><strong>National<\/strong><\/span><\/li>\n<\/ul>\n<p><strong>1) PEPR <a href=\"https:\/\/www.pepr-forestt.org\/\">FORESTT<\/a><\/strong><br \/>\n<a href=\"https:\/\/www.pepr-forestt.org\/appels-a-candidatures\/mobilites-internationales-et-ultramarines\">Mobilit\u00e9 internationale<\/a><\/p>\n<p><strong>2) le RMT AFORCE<\/strong><br \/>\n<a href=\"https:\/\/www.reseau-aforce.fr\/actions-et-evenements\/projets-et-expertises\/appels-projets\"> appel \u00e0 projets<\/a><\/p>\n<p><strong>3) le GIP <a href=\"http:\/\/www.gip-ecofor.org\/\">ECOFOR<\/a><\/strong><\/p>\n<p><strong>4) Des Hommes et Des ARBRES (<a href=\"https:\/\/www.deshommesetdesarbres.org\/\">DHDA<\/a>)<\/strong><\/p>\n<p><strong>5) le r\u00e9seau <a href=\"https:\/\/www.fortran.cnrs.fr\/?page_id=45\">FORTRAN<\/a><\/strong> (For\u00eats en transformation : M\u00e9tamorphose des socio-\u00e9cosyst\u00e8mes forestiers sous contraintes)<\/p>\n<p><strong>6) Interprofession <a href=\"https:\/\/franceboisforet.fr\/\">France For\u00eat Bois<\/a><\/strong><\/p>\n<ul>\n<li><strong><span style=\"color: #ff0000;\">International<\/span><\/strong><\/li>\n<\/ul>\n<p><strong>1) Union internationale des instituts de recherches foresti\u00e8res<\/strong> (<strong><a href=\"https:\/\/www.iufro.org\/\">IUFRO<\/a><\/strong>)<\/p>\n<p><strong>2) European Forest Institute<\/strong> (<a href=\"https:\/\/efi.int\/\"><strong>EFI<\/strong><\/a>)<\/p>\n<p><strong>3) The European Forest Research and Innovation Ecosystem (<a href=\"https:\/\/eufore.eu\/\">EUFORE<\/a>)<\/strong><br \/>\nStrategic and innovation agenda (SRIA) launched 15 October 2025 <strong><a href=\"https:\/\/mycor.iam.inrae.fr\/ARTEMIS\/wp-content\/uploads\/2026\/03\/A_Strategic_Research_and_Innovation_Agenda_SRIA_for_the_European_forest-based_sector_2025.pdf\">=&gt; document<\/a><\/strong><\/p>\n","protected":false},"excerpt":{"rendered":"<p>Local 1) Lorraine Universit\u00e9 d&#8217;Excellence &#8211; Description des programmes interdisciplinaires de l&#8217;iSITE =&gt; clic 2)\u00a0 Les opportunit\u00e9s du programme ORION &gt; Bourse d&#8217;excellence : Vous \u00eates \u00e9tudiants en Master 1 et souhaitez poursuivre sur un parcours recherche = BOURSE &gt; &hellip; <a href=\"https:\/\/mycor.iam.inrae.fr\/ARTEMIS\/index.php\/useful-links\/\">Continue reading <span class=\"meta-nav\">&rarr;<\/span><\/a><\/p>\n","protected":false},"author":2,"featured_media":0,"parent":0,"menu_order":0,"comment_status":"closed","ping_status":"closed","template":"","meta":{"footnotes":""},"class_list":["post-261","page","type-page","status-publish","hentry"],"_links":{"self":[{"href":"https:\/\/mycor.iam.inrae.fr\/ARTEMIS\/index.php\/wp-json\/wp\/v2\/pages\/261","targetHints":{"allow":["GET"]}}],"collection":[{"href":"https:\/\/mycor.iam.inrae.fr\/ARTEMIS\/index.php\/wp-json\/wp\/v2\/pages"}],"about":[{"href":"https:\/\/mycor.iam.inrae.fr\/ARTEMIS\/index.php\/wp-json\/wp\/v2\/types\/page"}],"author":[{"embeddable":true,"href":"https:\/\/mycor.iam.inrae.fr\/ARTEMIS\/index.php\/wp-json\/wp\/v2\/users\/2"}],"replies":[{"embeddable":true,"href":"https:\/\/mycor.iam.inrae.fr\/ARTEMIS\/index.php\/wp-json\/wp\/v2\/comments?post=261"}],"version-history":[{"count":38,"href":"https:\/\/mycor.iam.inrae.fr\/ARTEMIS\/index.php\/wp-json\/wp\/v2\/pages\/261\/revisions"}],"predecessor-version":[{"id":503,"href":"https:\/\/mycor.iam.inrae.fr\/ARTEMIS\/index.php\/wp-json\/wp\/v2\/pages\/261\/revisions\/503"}],"wp:attachment":[{"href":"https:\/\/mycor.iam.inrae.fr\/ARTEMIS\/index.php\/wp-json\/wp\/v2\/media?parent=261"}],"curies":[{"name":"wp","href":"https:\/\/api.w.org\/{rel}","templated":true}]}}