{"id":27,"date":"2025-01-31T17:17:54","date_gmt":"2025-01-31T17:17:54","guid":{"rendered":"https:\/\/mycor.iam.inrae.fr\/ARTEMIS\/?page_id=27"},"modified":"2026-03-04T10:35:51","modified_gmt":"2026-03-04T10:35:51","slug":"project-funding","status":"publish","type":"page","link":"https:\/\/mycor.iam.inrae.fr\/ARTEMIS\/index.php\/project-funding\/","title":{"rendered":"APPEL A PROJETS 2026 (French only)"},"content":{"rendered":"<p><strong><span style=\"color: #ff0000;\">Date limite de d\u00e9p\u00f4t des dossiers : 29\/04\/2026 avant 16h<\/span><\/strong><\/p>\n<h1>1.\u00a0\u00a0\u00a0\u00a0\u00a0\u00a0 Contenu et priorit\u00e9s de l\u2019appel \u00e0 projets AAP-ARTEMIS-2026<\/h1>\n<div style=\"text-align: justify;\">\n<p style=\"text-align: justify;\">Cet appel a pour objectif de soutenir les d\u00e9veloppements li\u00e9s aux diff\u00e9rents <strong>fronts de sciences <\/strong>ou pr\u00e9sentant <strong>un potentiel de valorisation, de transfert technologique, de formation ou de m\u00e9diation scientifique <\/strong>importants dans les diff\u00e9rentes dimensions de la for\u00eat et du bois que couvre le <strong>programme interdisciplinaire (PI) ARTEMIS. <\/strong>Il vise \u00e0 soutenir une recherche de qualit\u00e9 et originale, \u00e0 l\u2019interface de diff\u00e9rentes disciplines et domaines. Au travers de cet AAP le PI ARTEMIS souhaite promouvoir l\u2019interdisciplinarit\u00e9 et dans une certaine mesure la prise de risque.<\/p>\n<p>Cette \u00e9dition d\u2019AAP du PI ARTEMIS s\u2019adresse aux Unit\u00e9s\/structures membres du p\u00e9rim\u00e8tre de l\u2019I-SITE Initiative d\u2019Excellence Lorraine, ci-apr\u00e8s nomm\u00e9 I-SITE (Unit\u00e9s partenaires relevant des tutelles UL, AgroParisTech\u00a0; CNRS, CHRU, GeorgiaTech, INRAE, INRIA, INSERM du site Lorrain).<\/p>\n<p>Une attention particuli\u00e8re sera port\u00e9e aux projets associant diff\u00e9rentes unit\u00e9s de l\u2019I-SITE. Les collaborations hors I-SITE, nationales ou internationales sont encourag\u00e9es, mais sans possibilit\u00e9 de flux financier.<\/p>\n<div>\n<p><em>1.1.\u00a0 \u00a0Les th\u00e9matiques de recherche et\/ou valorisation \u00e9ligibles<\/em><\/p>\n<p>Les projets de recherche et\/ou de valorisation ou sciences\/soci\u00e9t\u00e9 devront s\u2019inscrire dans un ou plusieurs d\u00e9fis identifi\u00e9s dans le PI ARTEMIS (<em>cf.<\/em>, <a href=\"https:\/\/mycor.iam.inrae.fr\/ARTEMIS\/index.php\/research\/\">site web du programme ARTEMIS<\/a>). Cette \u00e9dition AAP 2026 vise \u00e0 renforcer la dynamique scientifique, de formation, de m\u00e9diation et d\u2019innovation autour des th\u00e8mes de la for\u00eat et du bois. Dans ce contexte, l\u2019AAP 2026 soutiendra deux types de projets\u00a0: i) graine (petit projet) et ii) innovant (gros projet), <strong>visant \u00e0 \u00e9tablir ou conforter des partenariats ouvrant la communaut\u00e9 travaillant sur la for\u00eat et le bois \u00e0 de nouvelles disciplines, \u00e9chelles et\/ou probl\u00e9matiques.<\/strong> Les projets graine viseront \u00e0 soutenir des jeunes chercheurs\/chercheuses ou des projets \u00e0 risque, tandis que les projets innovants viseront \u00e0 soutenir un collectif (minimum* deux unit\u00e9s partenaires de l\u2019I-SITE ou en tout cas deux champs disciplinaires diff\u00e9rents (\u00e0 titre d\u2019exemples\u00a0: \u00e9cologie et droit, (g\u00e9o)chimie et microbiologie ou \u00e9cologie et \u00e9conomie).<\/p>\n<p>Il est demand\u00e9 aux porteurs de projets d\u2019associer ambition et raison, dans le sens d\u2019optimiser leur demande de moyens financiers au PI ARTEMIS. Une attention particuli\u00e8re sera port\u00e9e sur les aspects \u00e0 fort impact structurants pour le programme, mais aussi sur la base des objectifs interdisciplinaires, et\/ou d\u2019approche fondamentale, et\/ou d\u2019innovation et et\/ou de transfert de technologie, de nouvelles approches de la formation, d\u2019internationalisation, et de science par et pour la soci\u00e9t\u00e9.<\/p>\n<p><em>* En fonction des probl\u00e9matiques, des projets mono-unit\u00e9 pourront \u00eatre consid\u00e9r\u00e9s. Les porteurs devront justifier de ce positionnement. <\/em><\/p>\n<p>Les d\u00e9fis du PI ARTEMIS s\u2019inscrivent dans les 6 challenges op\u00e9rationnels (OCs) du PI ARTEMIS (<em>cf.<\/em>, <a href=\"https:\/\/mycor.iam.inrae.fr\/ARTEMIS\/index.php\/operational-challenge\/\">site web du programme ARTEMIS<\/a>) :<\/p>\n<ul>\n<li><em>D\u00e9coder les m\u00e9canismes biotiques et abiotiques qui r\u00e9gissent les interactions et le fonctionnement des syst\u00e8mes arbre-microbiome-sol <\/em>(lien avec\u00a0: OC1 \/ OC2)<\/li>\n<li><em>Caract\u00e9riser et quantifier les processus de r\u00e9ponse des arbres et des \u00e9cosyst\u00e8mes forestiers \u00e0 des changements environnementaux \u00e0 court et moyen terme <\/em>(lien avec\u00a0: OC2)<\/li>\n<li><em>\u00c9tudier de mani\u00e8re interactive les ressources foresti\u00e8res, les processus de formation et de transformation du bois, les produits finis et les cha\u00eenes d&#8217;approvisionnement. Concevoir de nouveaux produits et proc\u00e9d\u00e9s pour mieux valoriser les ressources bois locales (feuillus, petits ou gros bois, bois de recyclage, connexes).<\/em> (lien avec\u00a0: OC3)<\/li>\n<li><em>Planification et gestion adaptative des for\u00eats en temps de crise\u00a0; caract\u00e9risation dynamique des peuplements.<\/em> (lien avec\u00a0: OC2\/OC5)<\/li>\n<li><em>Mod\u00e9lisation du risque et de l\u2019assurance (\u00e9cologie, sylviculture, \u00e9conomie, approches pluridisciplinaires et multirisques).<\/em> (lien avec\u00a0: OC2\/OC4)<\/li>\n<li><em>Usages et droits en for\u00eat <\/em>(lien avec\u00a0: OC4)<\/li>\n<li><em>Nouvelles cha\u00eenes de valeur bio\u00e9conomiques (\u00e9valuation environnementale et \u00e9conomique, analyse de cycle de vie) dans le contexte de l\u2019adaptation \u00e0 une ressource et des march\u00e9s incertains et changeants. <\/em>(lien avec\u00a0: OC4)<\/li>\n<li><em>D\u00e9veloppement de programmes de recherche\/initiatives pour et avec les citoyens. Ces projets pourront ou non int\u00e9grer diff\u00e9rents publics et personnels (doctorants, coll\u00e8ges, lyc\u00e9es, professionnels).<\/em> (lien avec\u00a0: OC6 &#8212; multi OCs)<\/li>\n<\/ul>\n<p><em>1.2.\u00a0 \u00a0Formation et diss\u00e9mination<\/em><\/p>\n<p>Un objectif prioritaire du PI ARTEMIS est de promouvoir le couplage entre recherche et formation, en s\u2019appuyant sur les activit\u00e9s de recherche des \u00e9quipes du PI ARTEMIS et leurs comp\u00e9tences disciplinaires. Les actions de formation p\u00e9dagogique ou de type \u00ab \u00c9coles Chercheurs\u00a0\u00bb ainsi que les projets mobilisant diff\u00e9rents publics (professionnels, scolaires, citoyens), notamment dans le cadre de projets de recherche participative, d\u2019initiation \u00e0 la recherche ou d\u2019\u00e9ducation aux d\u00e9marches scientifiques sont encourag\u00e9s.<\/p>\n<p><strong>Un rapport final sera rendu \u00e0 la fin du projet et les r\u00e9sultats seront pr\u00e9sent\u00e9s lors d\u2019une journ\u00e9e scientifique de restitution. Les porteurs de projets s\u2019engagent \u00e0 communiquer\u00a0: i) le pdf des articles accept\u00e9s, ii) les r\u00e9sum\u00e9s de pr\u00e9sentations et iii) le pdf des posters pr\u00e9sent\u00e9s en conf\u00e9rence, et \u00e0 citer explicitement le soutien du PI ARTEMIS dans leur production (<\/strong><a href=\"https:\/\/mycor.iam.inrae.fr\/ARTEMIS\/index.php\/project-funding\/project-leaders-toolkit\/\"><strong>Project Leaders\u2019 toolkit<\/strong><\/a><strong>).<\/strong><\/p>\n<h1>\u00a02. Types de projets et cr\u00e9dits allou\u00e9s<\/h1>\n<p>Dans le cadre de son appel \u00e0 projets 2026, le PI ARTEMIS financera :<\/p>\n<ul>\n<li><strong>5<\/strong><strong> \u00e0 6 projets innovants <\/strong>qui disposeront chacun d\u2019une dotation allant de 50 \u00e0 80 k\u20ac (frais de gestion inclus) correspondant au financement d\u2019un contrat postdoctoral** (12 mois maximum) ou CDD (niveau ing\u00e9nieur). Ce financement pourra couvrir des frais d\u2019indemnit\u00e9s de stage de Master*** ou encore des d\u00e9penses de consommables, missions, petits \u00e9quipements, main d\u2019\u0153uvre et prestations de service. <u>Les contrats doctoraux ne sont pas financ\u00e9s dans cet AAP<\/u>. (trame de r\u00e9daction en <a href=\"https:\/\/mycor.iam.inrae.fr\/ARTEMIS\/wp-content\/uploads\/2026\/02\/AAP-ARTEMIS-2026-Annexe-1a.docx\">Annexe 1a<\/a>)<\/li>\n<li><strong>5 \u00e0 6 projets graine <\/strong>qui disposeront d\u2019une dotation annuelle de 10 k\u20ac (fonctionnement, missions, petit \u00e9quipement, stage, main d&#8217;\u0153uvre\/CDD, prestations de service, etc.) (trame de r\u00e9daction en <a href=\"https:\/\/mycor.iam.inrae.fr\/ARTEMIS\/wp-content\/uploads\/2026\/02\/AAP-ARTEMIS-2026-Annexe-1b.docx\">Annexe 1b<\/a>).<\/li>\n<li><strong>1 \u00e0 5 projet(s) de formation (p\u00e9dagogique, Ecole chercheur ou Atelier) <\/strong>couvrant des domaines ou des disciplines relevant du PI ARTEMIS (science avec et pour la soci\u00e9t\u00e9 (SAPs) incluses ; \u00e0 5 k\u20ac). (trame de r\u00e9daction en <a href=\"https:\/\/mycor.iam.inrae.fr\/ARTEMIS\/wp-content\/uploads\/2026\/02\/AAP-ARTEMIS-2026-Annexe-1c.docx\">Annexe 1c<\/a>)<\/li>\n<\/ul>\n<p><em>** Les recrutements de postdoctorants devront respecter la proc\u00e9dure de l\u2019I-SITE, qui pr\u00e9voit notamment l\u2019ouverture d\u2019une campagne de recrutement \u00e0 l\u2019international ainsi qu\u2019une phase d\u2019audition devant un jury. Le d\u00e9tail de cette proc\u00e9dure sera transmis ult\u00e9rieurement aux projets laur\u00e9ats.<br \/>\n<\/em><em>*** les recrutements seront obligatoirement r\u00e9alis\u00e9s sur la p\u00e9riode du projet.<\/em><\/p>\n<p><strong>En cas d\u2019acceptation, le Bureau Scientifique du PI ARTEMIS se r\u00e9serve le droit de demander une r\u00e9vision du budget initial.<\/strong><\/p>\n<h1>3. Conditions d\u2019\u00e9ligibilit\u00e9<\/h1>\n<p><em>3.1.\u00a0 Crit\u00e8res<\/em><\/p>\n<p>Les projets de l\u2019appel 2026 devront s\u2019inscrire dans les diff\u00e9rentes probl\u00e9matiques et d\u00e9fis port\u00e9s par le PI ARTEMIS (<em>cf.<\/em>, <a href=\"https:\/\/mycor.iam.inrae.fr\/ARTEMIS\/index.php\/research\/\">site web du programme ARTEMIS<\/a>). Ils devront faire collaborer plusieurs (au minimum* deux) unit\u00e9s de recherche. Une attention particuli\u00e8re sera port\u00e9e aux projets impliquant de nouveaux partenariats et\/ou nouvelles probl\u00e9matiques.<\/p>\n<p>Les projets ne peuvent \u00eatre port\u00e9s que par des entit\u00e9 partenaires de l\u2019I-SITE, \u00e0 savoir les laboratoires sous tutelle(s) UL et\/ou AgroParisTech CNRS, CHRU, GeorgiaTech, INRAE, INRIA, INSERM du site Lorrain. Un accord de consortium est en cours d\u2019\u00e9tablissement. Cet accord a la volont\u00e9 d\u2019int\u00e9grer \u00e0 termes les partenaires strat\u00e9giques du secteur for\u00eat\/bois (ANSES, IGN, ONF, CNPF IDF et CRITT bois).<\/p>\n<p><strong>L\u2019association de collaborations nationales et internationales aux projets soumis sera consid\u00e9r\u00e9e tr\u00e8s positivement. N\u00e9anmoins, les partenaires nationaux hors I-SITE et internationaux sont consid\u00e9r\u00e9s comme seconds partenaires du projet et sont donc non \u00e9ligibles au financement de l\u2019I-SITE. <\/strong><\/p>\n<p>Les propositions devront s&#8217;efforcer de favoriser l&#8217;\u00e9quilibre de genre au sein du personnel nomm\u00e9 dans la proposition et principalement responsable de la r\u00e9alisation des activit\u00e9s de recherche et\/ou d&#8217;innovation. En outre, cet \u00e9quilibre doit \u00eatre encourag\u00e9 pour toutes les cat\u00e9gories de personnel impliqu\u00e9 dans les projets.<\/p>\n<p><strong>Notes\u00a0:<\/strong><\/p>\n<ul>\n<li><strong>En cas d\u2019interrogation (sur l\u2019\u00e9ligibilit\u00e9 et\/ou le positionnement du projet soumis vis-\u00e0-vis des p\u00e9rim\u00e8tres du programme ARTEMIS et de cet AAP),<\/strong> <strong>contactez la direction du programme (<\/strong><strong>ARTEMIS-PgI@inrae.fr<\/strong><u>,<\/u> <a href=\"mailto:stephane.uroz@inrae.fr\">stephane.uroz@inrae.fr<\/a>, <a href=\"mailto:mathieu.petrissans@univ-lorraine.fr\">mathieu.petrissans@univ-lorraine.fr<\/a>, <a href=\"mailto:myriam.legay@agroparistech.fr\">myriam.legay@agroparistech.fr<\/a> )<\/li>\n<li><u>Seuls les chercheurs et chercheuses <\/u>de l\u2019I-SITE peuvent \u00eatre porteurs d\u2019un projet.<\/li>\n<li><span style=\"text-decoration: underline;\">Une m\u00eame personne<\/span> ne peut \u00eatre porteuse que d\u2019un seul projet dans le cadre de l\u2019AAP, quelle que soit la cat\u00e9gorie concern\u00e9e (innovant, graine ou formation).<\/li>\n<li><span style=\"text-decoration: underline;\">Une m\u00eame personne<\/span> ne peut \u00eatre partenaire de plus de deux projets au sein d\u2019un m\u00eame AAP.<\/li>\n<li>Une attention sera port\u00e9e \u00e0 l\u2019historique des projets d\u00e9pos\u00e9s les ann\u00e9es pr\u00e9c\u00e9dentes (portage, th\u00e8me, type de projet).<\/li>\n<\/ul>\n<p><em>3.2.\u00a0 D\u00e9penses<\/em><\/p>\n<p><em>\u00a0<\/em><strong>D\u00e9penses \u00e9ligibles :<\/strong><\/p>\n<ul>\n<li><strong>Les d\u00e9penses de fonctionnement<\/strong>, telles que les frais de laboratoire (fluides, documentation et ressources num\u00e9riques, petits mat\u00e9riels dont \u00e9quipements d\u2019une valeur unitaire \u2264 800 \u20ac HT, facturation interne pour l\u2019utilisation des plateaux techniques, consommables, etc.) ; d\u00e9penses p\u00e9dagogiques (documentation, ressources num\u00e9riques, petits mat\u00e9riels dont \u00e9quipements d&#8217;une valeur unitaire \u2264 800 \u20ac HT) ; d\u00e9penses relatives \u00e0 la maintenance des \u00e9quipements pour la r\u00e9alisation du projet ; frais de d\u00e9placement des personnels permanents ou temporaires affect\u00e9s au projet ; frais de propri\u00e9t\u00e9 intellectuelle de brevets ou licences induits par la r\u00e9alisation de l\u2019op\u00e9ration ; prestations de services ; stage de Master, etc&#8230;.<\/li>\n<li><strong>Les d\u00e9penses de personnels<\/strong> directement li\u00e9s \u00e0 la r\u00e9alisation du projet (main d\u2019\u0153uvre occasionnelle, CDDs tous niveaux dans la limite du budget et selon justifications).<\/li>\n<\/ul>\n<p><strong><u>D\u00e9penses non \u00e9ligibles<\/u><\/strong><strong> : <\/strong><\/p>\n<ul>\n<li>\u00c9quipement unitaire d\u2019un montant sup\u00e9rieur \u00e0 5 000 \u20ac (co\u00fbt total)* ; vacations d\u2019une dur\u00e9e sup\u00e9rieure \u00e0 3 mois\u00a0; prestations de services &gt; 10 000 \u20ac. Le reversement du budget vers une entit\u00e9 non partenaire de Lorraine Universit\u00e9 d\u2019Excellence n\u2019est pas autoris\u00e9.<\/li>\n<\/ul>\n<p>* ARTEMIS n\u2019a pas vocation \u00e0 i) financer des gros \u00e9quipements et ii) \u00e0 \u00e9quiper les sites exp\u00e9rimentaux. La somme d\u2019achat d\u2019\u00e9quipements (<em>e.g., <\/em>sondes, mat\u00e9riaux de constructions, capteurs) ne devra pas exc\u00e9der un montant total maximum de 10 000\u20ac.<\/p>\n<p>Les co-financements (ANR, contrats europ\u00e9ens, ADEME, R\u00e9gion Grand-Est, PEPR) sont encourag\u00e9s.<\/p>\n<p><span style=\"color: #ff0000;\"><strong>Le budget pourra \u00eatre consomm\u00e9 entre 2026 et le 31 d\u00e9cembre 2028. Les propositions devront pr\u00e9ciser la p\u00e9riode pr\u00e9visionnelle d\u2019utilisation des cr\u00e9dits au sein de cette plage (2026 ; 2026-2027 ; 2026-2028)<\/strong><\/span><\/p>\n<p><span style=\"color: #ff0000;\"><strong><u>Le budget allou\u00e9 inclut les frais de gestion de structure (si appliqu\u00e9s).<\/u><\/strong><\/span><\/p>\n<p>3.3.\u00a0 \u00a0Sciences ouvertes :<\/p>\n<p>En coh\u00e9rence avec les politiques de sciences ouvertes des tutelles de l\u2019I-SITE, les dossiers soumis devront, pour \u00eatre \u00e9ligibles :<\/p>\n<ul>\n<li>Veiller \u00e0 ce que les donn\u00e9es soient g\u00e9n\u00e9r\u00e9es dans une d\u00e9marche FAIR<\/li>\n<li>D\u00e9poser les donn\u00e9es et\/ou scripts\/mod\u00e8les sur les plateformes adapt\u00e9es<\/li>\n<\/ul>\n<h1>4. <strong>Expertise des projets et crit\u00e8res d\u2019\u00e9valuation<\/strong><\/h1>\n<p>L\u2019\u00e9valuation des propositions se fera au travers de rapports \u00e9labor\u00e9s par des rapporteurs experts <strong>(hors I-SITE)<\/strong> (francophone ou non) et un rapporteur membre du Bureau Scientifique du PI ARTEMIS. Ces expertises permettront d\u2019\u00e9clairer les d\u00e9cisions des membres du bureau ex\u00e9cutif lors de la s\u00e9lection finale des projets. <strong>Il est demand\u00e9 \u00e0 chaque porteur de projet de sugg\u00e9rer cinq noms d\u2019experts pour son projet (pr\u00e9ciser les noms, disciplines et coordonn\u00e9es dont l\u2019adresse mail). <u>Les experts n\u2019auront pas publi\u00e9 ou collabor\u00e9 avec le porteur ou un des participants du projet au cours des 5 derni\u00e8res ann\u00e9es <\/u><\/strong>(point contr\u00f4l\u00e9 par le BS).<\/p>\n<p>Les <strong>crit\u00e8res d\u2019\u00e9valuation<\/strong> des projets, formation ou des \u00c9coles\/Ateliers int\u00e8grent : i) la pertinence et la nouveaut\u00e9 scientifique, ii) la qualit\u00e9 du plan exp\u00e9rimental\/de formation et de la r\u00e9daction du projet, ainsi que iii) sa faisabilit\u00e9. L\u2019ad\u00e9quation entre les objectifs et les moyens financiers est aussi \u00e9valu\u00e9e, tout comme la pertinence environnementale, \u00e9conomique ou soci\u00e9tale du projet.<\/p>\n<p>Les grilles d\u2019\u00e9valuation seront par ailleurs accessibles sur le site web d\u2019ARTEMIS.<\/p>\n<h1>5. Langue de r\u00e9daction<\/h1>\n<p>Les projets de recherche et\/ou de valorisation devront \u00eatre <strong>r\u00e9dig\u00e9s en anglais<\/strong>. Les projets d\u2019Enseignement, Formation, Diss\u00e9mination ou SAPs pourront \u00eatre r\u00e9dig\u00e9s en fran\u00e7ais.<\/p>\n<h1>6. Calendrier et modalit\u00e9s pratiques<\/h1>\n<ul>\n<li>Lancement de l\u2019appel \u00e0 projets : <strong>3 mars<\/strong><strong> 2026<\/strong>.<\/li>\n<li>Date limite de d\u00e9p\u00f4t des projets : <strong>29 avril<\/strong><strong> 2026 <\/strong>avant 16h par e-mail \u00e0 : ARTEMIS-PgI@inrae.fr avec en copie stephane.uroz@inrae.fr et jeremie.bel@univ-lorraine.fr<\/li>\n<li>Formulaires de r\u00e9ponse : \u00a0<a href=\"https:\/\/mycor.iam.inrae.fr\/ARTEMIS\/wp-content\/uploads\/2026\/02\/AAP-ARTEMIS-2026-Annexe-1a.docx\"><strong>Annexe 1a<\/strong><\/a><strong> &#8211; projets innovant, <a href=\"https:\/\/mycor.iam.inrae.fr\/ARTEMIS\/wp-content\/uploads\/2026\/02\/AAP-ARTEMIS-2026-Annexe-1b.docx\">Annexe 1b<\/a> &#8211; projets incitatif\/graine, <a href=\"https:\/\/mycor.iam.inrae.fr\/ARTEMIS\/wp-content\/uploads\/2026\/02\/AAP-ARTEMIS-2026-Annexe-1c.docx\">Annexe 1c<\/a> &#8211; projets de formation\/\u00e9ducation\/SAPS\u00a0<\/strong><\/li>\n<li>R\u00e9sultats de l\u2019\u00e9valuation : <strong>fin juin <\/strong><strong>2026<\/strong><\/li>\n<\/ul>\n<p><strong>Note :<\/strong><\/p>\n<ul>\n<li>Aucun reversement budg\u00e9taire ne sera r\u00e9alis\u00e9 sur la composante INRAE des UMRs, pour lesquelles la gestion sera assur\u00e9e sur la composante UL des Unit\u00e9s ou via l&#8217;I-Site. En cas d&#8217;interrogation \u00e9crire \u00e0 <strong>ARTEMIS-PgI@inrae.fr<\/strong>.<\/li>\n<\/ul>\n<h1>7. Grilles d&#8217;\u00e9valuation<\/h1>\n<p>Vous pouvez consultez les grilles d&#8217;\u00e9valuation qui seront transmises aux \u00e9valuateurs externes et qui pr\u00e9sentent les crit\u00e8res conisd\u00e9r\u00e9s :<\/p>\n<ul>\n<li>Projets de recherche (Innovant + Graine) :\u00a0<a href=\"https:\/\/mycor.iam.inrae.fr\/ARTEMIS\/wp-content\/uploads\/2026\/02\/ARTEMIS-AAP2025-Evaluationform-Research.xlsx\">ARTEMIS AAP2026 Evaluationform Research projects<\/a><\/li>\n<li>Projets Science Avec et Pour la Soci\u00e9t\u00e9 : <a href=\"https:\/\/mycor.iam.inrae.fr\/ARTEMIS\/wp-content\/uploads\/2026\/02\/ARTEMIS-AAP2025-Evaluationform-SAPS.xlsx\">ARTEMIS AAP2026 Evaluationform SAPS projects<\/a><\/li>\n<li>Projets de recherche Formation, \u00c9cole d&#8217;\u00e9t\u00e9, Atelier :\u00a0 <a href=\"https:\/\/mycor.iam.inrae.fr\/ARTEMIS\/wp-content\/uploads\/2026\/02\/ARTEMIS-AAP2025-Evaluationform-Training.xlsx\">ARTEMIS AAP2026 Evaluationform Training projects<\/a><\/li>\n<\/ul>\n<\/div>\n<\/div>\n","protected":false},"excerpt":{"rendered":"<p>Date limite de d\u00e9p\u00f4t des dossiers : 29\/04\/2026 avant 16h 1.\u00a0\u00a0\u00a0\u00a0\u00a0\u00a0 Contenu et priorit\u00e9s de l\u2019appel \u00e0 projets AAP-ARTEMIS-2026 Cet appel a pour objectif de soutenir les d\u00e9veloppements li\u00e9s aux diff\u00e9rents fronts de sciences ou pr\u00e9sentant un potentiel de valorisation, &hellip; <a href=\"https:\/\/mycor.iam.inrae.fr\/ARTEMIS\/index.php\/project-funding\/\">Continue reading <span class=\"meta-nav\">&rarr;<\/span><\/a><\/p>\n","protected":false},"author":1,"featured_media":0,"parent":0,"menu_order":0,"comment_status":"closed","ping_status":"closed","template":"","meta":{"footnotes":""},"class_list":["post-27","page","type-page","status-publish","hentry"],"_links":{"self":[{"href":"https:\/\/mycor.iam.inrae.fr\/ARTEMIS\/index.php\/wp-json\/wp\/v2\/pages\/27","targetHints":{"allow":["GET"]}}],"collection":[{"href":"https:\/\/mycor.iam.inrae.fr\/ARTEMIS\/index.php\/wp-json\/wp\/v2\/pages"}],"about":[{"href":"https:\/\/mycor.iam.inrae.fr\/ARTEMIS\/index.php\/wp-json\/wp\/v2\/types\/page"}],"author":[{"embeddable":true,"href":"https:\/\/mycor.iam.inrae.fr\/ARTEMIS\/index.php\/wp-json\/wp\/v2\/users\/1"}],"replies":[{"embeddable":true,"href":"https:\/\/mycor.iam.inrae.fr\/ARTEMIS\/index.php\/wp-json\/wp\/v2\/comments?post=27"}],"version-history":[{"count":54,"href":"https:\/\/mycor.iam.inrae.fr\/ARTEMIS\/index.php\/wp-json\/wp\/v2\/pages\/27\/revisions"}],"predecessor-version":[{"id":448,"href":"https:\/\/mycor.iam.inrae.fr\/ARTEMIS\/index.php\/wp-json\/wp\/v2\/pages\/27\/revisions\/448"}],"wp:attachment":[{"href":"https:\/\/mycor.iam.inrae.fr\/ARTEMIS\/index.php\/wp-json\/wp\/v2\/media?parent=27"}],"curies":[{"name":"wp","href":"https:\/\/api.w.org\/{rel}","templated":true}]}}