{"id":29,"date":"2025-01-31T17:18:13","date_gmt":"2025-01-31T17:18:13","guid":{"rendered":"https:\/\/mycor.iam.inrae.fr\/ARTEMIS\/?page_id=29"},"modified":"2026-04-02T07:17:05","modified_gmt":"2026-04-02T07:17:05","slug":"funding-request","status":"publish","type":"page","link":"https:\/\/mycor.iam.inrae.fr\/ARTEMIS\/index.php\/funding-request\/","title":{"rendered":"Funding request"},"content":{"rendered":"\r\n<p>Le programme ARTEMIS a la possibilit\u00e9 de soutenir des demandes au fil de l&#8217;eau li\u00e9es \u00e0 :<\/p>\r\n<p>i) des d\u00e9placements en colloque\/workshop, ii) des projets exploratoires (pilotes), iii) l&#8217;accueil de visiteurs, et iv) des projets de valorisation et formation.<\/p>\r\n<p>La demande se fait via le\u00a0<a href=\"https:\/\/mycor.iam.inrae.fr\/ARTEMIS\/wp-content\/uploads\/2026\/04\/Demande_Financement_PgI_ARTEMIS.docx\">document \u00e0 charger ici<\/a><\/p>\r\n<p>&nbsp;<\/p>\r\n\r\n\r\n\r\n<p>&nbsp;<\/p>\r\n","protected":false},"excerpt":{"rendered":"<p>Le programme ARTEMIS a la possibilit\u00e9 de soutenir des demandes au fil de l&#8217;eau li\u00e9es \u00e0 : i) des d\u00e9placements en colloque\/workshop, ii) des projets exploratoires (pilotes), iii) l&#8217;accueil de visiteurs, et iv) des projets de valorisation et formation. La &hellip; <a href=\"https:\/\/mycor.iam.inrae.fr\/ARTEMIS\/index.php\/funding-request\/\">Continue reading <span class=\"meta-nav\">&rarr;<\/span><\/a><\/p>\n","protected":false},"author":1,"featured_media":0,"parent":0,"menu_order":0,"comment_status":"closed","ping_status":"closed","template":"","meta":{"footnotes":""},"class_list":["post-29","page","type-page","status-publish","hentry"],"_links":{"self":[{"href":"https:\/\/mycor.iam.inrae.fr\/ARTEMIS\/index.php\/wp-json\/wp\/v2\/pages\/29","targetHints":{"allow":["GET"]}}],"collection":[{"href":"https:\/\/mycor.iam.inrae.fr\/ARTEMIS\/index.php\/wp-json\/wp\/v2\/pages"}],"about":[{"href":"https:\/\/mycor.iam.inrae.fr\/ARTEMIS\/index.php\/wp-json\/wp\/v2\/types\/page"}],"author":[{"embeddable":true,"href":"https:\/\/mycor.iam.inrae.fr\/ARTEMIS\/index.php\/wp-json\/wp\/v2\/users\/1"}],"replies":[{"embeddable":true,"href":"https:\/\/mycor.iam.inrae.fr\/ARTEMIS\/index.php\/wp-json\/wp\/v2\/comments?post=29"}],"version-history":[{"count":7,"href":"https:\/\/mycor.iam.inrae.fr\/ARTEMIS\/index.php\/wp-json\/wp\/v2\/pages\/29\/revisions"}],"predecessor-version":[{"id":518,"href":"https:\/\/mycor.iam.inrae.fr\/ARTEMIS\/index.php\/wp-json\/wp\/v2\/pages\/29\/revisions\/518"}],"wp:attachment":[{"href":"https:\/\/mycor.iam.inrae.fr\/ARTEMIS\/index.php\/wp-json\/wp\/v2\/media?parent=29"}],"curies":[{"name":"wp","href":"https:\/\/api.w.org\/{rel}","templated":true}]}}