{"id":438,"date":"2026-03-03T09:01:23","date_gmt":"2026-03-03T09:01:23","guid":{"rendered":"https:\/\/mycor.iam.inrae.fr\/ARTEMIS\/?page_id=438"},"modified":"2026-03-03T16:08:15","modified_gmt":"2026-03-03T16:08:15","slug":"appel-a-manifestation-dinteret-ami-2026","status":"publish","type":"page","link":"https:\/\/mycor.iam.inrae.fr\/ARTEMIS\/index.php\/appel-a-manifestation-dinteret-ami-2026\/","title":{"rendered":"Appel \u00e0 Manifestation d&#8217;Int\u00e9r\u00eat (AMI 2026)"},"content":{"rendered":"<p><strong>AMI 2026<\/strong><\/p>\n<div style=\"text-align: justify;\">\n<p>Dans le cadre de son appel \u00e0 projets 2026, le PI ARTEMIS lance en parall\u00e8le un appel \u00e0 manifestation d\u2019int\u00e9r\u00eat international ayant pour objectif de structurer la communaut\u00e9 scientifique dans le cadre du <strong>r\u00e9seau NFZ<\/strong> (<a href=\"https:\/\/www.nfz-forestnet.eu\/\">https:\/\/www.nfz-forestnet.eu\/<\/a>) en tenant compte de l\u2019existence de financements \u00ab\u00a0miroirs\u00a0\u00bb cons\u00e9quents en <strong>Suisse<\/strong> (<a href=\"https:\/\/swissforestlab.wsl.ch\/fr\/\">https:\/\/swissforestlab.wsl.ch\/fr\/<\/a>) et en <strong>Allemagne<\/strong> (<a href=\"https:\/\/uni-freiburg.de\/futureforests-en\/\">https:\/\/uni-freiburg.de\/futureforests-en\/<\/a>).L\u2019objectif est donc de pr\u00e9parer la s\u00e9lection d\u2019au moins un projet innovant international transfrontalier lors de l\u2019<strong>AAP 2027<\/strong>.<\/p>\n<p>Le pr\u00e9-projet (1 page, <em>cf.<\/em>, <a href=\"https:\/\/mycor.iam.inrae.fr\/ARTEMIS\/wp-content\/uploads\/2026\/02\/AAP-ARTEMIS-2026-Annexe-1d.docx\">AAP ARTEMIS 2026 &#8211; Annexe 1d<\/a>) devra porter sur les probl\u00e9matiques du programme ARTEMIS quelque soient les \u00e9chelles et disciplines consid\u00e9r\u00e9es, et d\u00e9crire clairement le sujet et le partenariat envisag\u00e9 dans le contexte Nancy Freiburg Zurich NFZ des diff\u00e9rentes structures miroirs (ARTEMIS, SuissForest lab et Future forest).<\/p>\n<p>Toutes les collaborations sont envisageables. Les projets incluant le dialogue avec les parties prenantes (gestionnaires forestiers, acteurs territoriaux) et\/ou valorisant les terrains de la vall\u00e9e du Rhin autour de B\u00e2le Mulhouse (d\u00e9p\u00e9rissements forestiers, biodiversit\u00e9 \u2026) et\/ou des questionnements communs transposables \u00e0 d&#8217;autres sites en France permettraient de possibles interactions avec le r\u00e9seau superpos\u00e9 Trinational forestlab (TNFL) qui est d\u00e9di\u00e9 \u00e0 la diffusion des savoirs pour des for\u00eats plus r\u00e9silientes (r\u00e9seau actuellement financ\u00e9 par la fondation VELUX) (<a href=\"https:\/\/trinational-forestlab.wsl.ch\/en\/\">https:\/\/trinational-forestlab.wsl.ch\/en\/<\/a>).<\/p>\n<p>Il appartient aux proposants de se rapprocher des scientifiques partenaires du r\u00e9seau NFZ avec leurs financements \u00ab\u00a0miroirs\u00a0\u00bb pour pr\u00e9parer ce projet. ARTEMIS pourra prendre en charge en 2026 des frais de d\u00e9placements et d\u2019organisation de r\u00e9unions pour pr\u00e9parer ledit projet dans une limite de 1 000 \u20ac. Contacter <a href=\"meriem.fournier@inrae.fr\">Meriem Fournier<\/a> pour une meilleure compr\u00e9hension des organisations \u00ab miroirs \u00bb et du r\u00e9seau NFZ.<\/p>\n<p>Le projet pourra courir sur plusieurs ann\u00e9es (2027-2029) et potentiellement \u00eatre initi\u00e9 en 2026 sur des cr\u00e9dits allou\u00e9s par les partenaires Allemands et\/ou Suisses selon le d\u00e9roul\u00e9 et\/ou la maturit\u00e9 du projet. Le projet disposera d\u2019une dotation d\u2019un maximum 80 k\u20ac c\u00f4t\u00e9 PI ARTEMIS et sera compl\u00e9t\u00e9 par un budget \u00e9quivalent allou\u00e9 par chaque partenaire (Suissforest lab WSL\/ SUISSE \/ Futureforest ALLEMAGNE).<\/p>\n<p><span style=\"color: #ff0000;\"><strong>Attention :<\/strong><\/span><\/p>\n<p>&#8211; Comme pour tous les projets ARTEMIS, le budget pourra correspondre au financement d\u2019un contrat postdoctoral**\u00a0 de 12 mois maximum (ou d\u2019un CDD (niveau ing\u00e9nieur)). Ce financement pourra couvrir des d\u00e9penses de consommables, missions, petits \u00e9quipements, main d\u2019\u0153uvre, stage et prestations de service. Les contrats doctoraux ne sont pas financ\u00e9s.<\/p>\n<p>-Pour une gestion simple entre partenaires, le montage du projet ne doit pas contenir de flux financiers entre partenaires. (trame de r\u00e9daction en Annexe 1d). Administrativement, il s\u2019agit donc bien de monter 3 projets distincts dans chaque pays, avec une coordination purement scientifique (mais importante pour les 3 entit\u00e9s nationales qui doivent justifier leur rayonnement international).<\/p>\n<\/div>\n<h1>Calendrier et modalit\u00e9s pratiques<\/h1>\n<ul>\n<li>Lancement de l\u2019AMI : <strong>3 mars<\/strong><strong> 2026<\/strong>.<\/li>\n<li>Date limite de d\u00e9p\u00f4t des projets : <strong>d\u00e9p\u00f4t des pr\u00e9-projets au fil de l&#8217;eau, jusqu&#8217;\u00e0 fin septembre<\/strong>\u00a0par e-mail \u00e0 : ARTEMIS-PgI@inrae.fr avec en copie stephane.uroz@inrae.fr et jeremie.bel@univ-lorraine.fr<\/li>\n<li>Formulaires de r\u00e9ponse :\u00a0<strong> <a href=\"https:\/\/mycor.iam.inrae.fr\/ARTEMIS\/wp-content\/uploads\/2026\/02\/AAP-ARTEMIS-2026-Annexe-1d.docx\">Annexe 1d<\/a> &#8211; AMI projet international NFZ<\/strong><\/li>\n<\/ul>\n<p>&nbsp;<\/p>\n","protected":false},"excerpt":{"rendered":"<p>AMI 2026 Dans le cadre de son appel \u00e0 projets 2026, le PI ARTEMIS lance en parall\u00e8le un appel \u00e0 manifestation d\u2019int\u00e9r\u00eat international ayant pour objectif de structurer la communaut\u00e9 scientifique dans le cadre du r\u00e9seau NFZ (https:\/\/www.nfz-forestnet.eu\/) en tenant &hellip; <a href=\"https:\/\/mycor.iam.inrae.fr\/ARTEMIS\/index.php\/appel-a-manifestation-dinteret-ami-2026\/\">Continue reading <span class=\"meta-nav\">&rarr;<\/span><\/a><\/p>\n","protected":false},"author":2,"featured_media":0,"parent":0,"menu_order":0,"comment_status":"closed","ping_status":"closed","template":"","meta":{"footnotes":""},"class_list":["post-438","page","type-page","status-publish","hentry"],"_links":{"self":[{"href":"https:\/\/mycor.iam.inrae.fr\/ARTEMIS\/index.php\/wp-json\/wp\/v2\/pages\/438","targetHints":{"allow":["GET"]}}],"collection":[{"href":"https:\/\/mycor.iam.inrae.fr\/ARTEMIS\/index.php\/wp-json\/wp\/v2\/pages"}],"about":[{"href":"https:\/\/mycor.iam.inrae.fr\/ARTEMIS\/index.php\/wp-json\/wp\/v2\/types\/page"}],"author":[{"embeddable":true,"href":"https:\/\/mycor.iam.inrae.fr\/ARTEMIS\/index.php\/wp-json\/wp\/v2\/users\/2"}],"replies":[{"embeddable":true,"href":"https:\/\/mycor.iam.inrae.fr\/ARTEMIS\/index.php\/wp-json\/wp\/v2\/comments?post=438"}],"version-history":[{"count":6,"href":"https:\/\/mycor.iam.inrae.fr\/ARTEMIS\/index.php\/wp-json\/wp\/v2\/pages\/438\/revisions"}],"predecessor-version":[{"id":447,"href":"https:\/\/mycor.iam.inrae.fr\/ARTEMIS\/index.php\/wp-json\/wp\/v2\/pages\/438\/revisions\/447"}],"wp:attachment":[{"href":"https:\/\/mycor.iam.inrae.fr\/ARTEMIS\/index.php\/wp-json\/wp\/v2\/media?parent=438"}],"curies":[{"name":"wp","href":"https:\/\/api.w.org\/{rel}","templated":true}]}}