{"id":1233,"date":"2013-05-23T11:54:54","date_gmt":"2013-05-23T11:54:54","guid":{"rendered":"https:\/\/mycor.iam.inrae.fr\/IAM\/?page_id=1233"},"modified":"2026-01-06T17:38:26","modified_gmt":"2026-01-06T17:38:26","slug":"contractuels","status":"publish","type":"page","link":"https:\/\/mycor.iam.inrae.fr\/IAM\/?page_id=1233","title":{"rendered":"Short-term staff"},"content":{"rendered":"<table style=\"border: none;\" width=\"100%\">\n<tbody>\n<tr>\n<td style=\"border-top: 1px solid black;\" width=\"150\">Name<\/td>\n<td style=\"border-top: 1px solid black;\"><strong> ANCEL H\u00e9lo\u00efse<br \/>\n<\/strong><a href=\"mailto:irene.carravieri@inrae.fr\">heloise.ancel@inrae.fr<\/a><\/td>\n<td style=\"border-top: 1px solid black;\" rowspan=\"6\" width=\"150\"><img loading=\"lazy\" decoding=\"async\" class=\"size-thumbnail wp-image-9511 alignnone\" src=\"https:\/\/mycor.iam.inrae.fr\/IAM\/wp-content\/uploads\/2025\/02\/HeloiseANCEL.jpg\" alt=\"H\u00e9lo\u00efse Ancel\" width=\"150\" height=\"150\" \/><\/td>\n<\/tr>\n<tr>\n<td style=\"border: none;\" width=\"150\">Position and team<\/td>\n<td style=\"border: none;\">Engineer<\/td>\n<\/tr>\n<tr>\n<td style=\"border: none;\" width=\"150\">Supervisor<\/td>\n<td style=\"border: none;\">Cl\u00e9mence Bonnot &amp; Marc Bu\u00e9e<\/td>\n<\/tr>\n<tr>\n<td style=\"border: none;\" width=\"150\">Subject<\/td>\n<td style=\"border: none;\"><em>Test of the effect of different input on trees mycorrhization and performance (Prematuration project DePasse)<\/em><\/td>\n<\/tr>\n<tr>\n<td style=\"border: none;\" width=\"150\">Period<\/td>\n<td style=\"border: none;\">02\/2025 &#8211; 02\/2026<\/td>\n<\/tr>\n<\/tbody>\n<\/table>\n<table style=\"border: none;\" width=\"100%\">\n<tbody>\n<tr>\n<td style=\"border-top: 1px solid black;\" width=\"150\">Name<\/td>\n<td style=\"border-top: 1px solid black;\"><strong> CARRAVIERI Irene<br \/>\n<\/strong><a href=\"mailto:irene.carravieri@inrae.fr\">irene.carravieri@inrae.fr<\/a><\/td>\n<td style=\"border-top: 1px solid black;\" rowspan=\"6\" width=\"150\">\u00a0 <img loading=\"lazy\" decoding=\"async\" class=\"size-thumbnail wp-image-9511 alignnone\" src=\"https:\/\/mycor.iam.inrae.fr\/IAM\/wp-content\/uploads\/2013\/05\/Irene-Carravieri-150x150.jpg\" alt=\"Irene Carravieri\" width=\"150\" height=\"150\" \/><\/td>\n<\/tr>\n<tr>\n<td style=\"border: none;\" width=\"150\">Position and team<\/td>\n<td style=\"border: none;\">Engineer \/ Tous Chercheurs team \/ Staff of the Permanent Center for Environmental Initiatives (CPIE)<\/td>\n<\/tr>\n<tr>\n<td style=\"border: none;\" width=\"150\">Supervisor<\/td>\n<td style=\"border: none;\">A. Brun-Jacob<\/td>\n<\/tr>\n<tr>\n<td style=\"border: none;\" width=\"150\">Subject<\/td>\n<td style=\"border: none;\"><em>Community manager for CiTIQUE<\/em><\/td>\n<\/tr>\n<tr>\n<td style=\"border: none;\" width=\"150\">Period<\/td>\n<td style=\"border: none;\">09\/2018 &#8211; 12\/2026<\/td>\n<\/tr>\n<\/tbody>\n<\/table>\n<table style=\"border: none;\" width=\"100%\">\n<tbody>\n<tr>\n<td style=\"border-top: 1px solid black;\" width=\"150\">Name<\/td>\n<td style=\"border-top: 1px solid black;\"><strong>FANTOZZI Benoit<\/strong><br \/>\n<a href=\"mailto:benoit.fantozzi@inrae.fr\">benoit.fantozzi@inrae.fr<\/a><\/td>\n<td style=\"border-top: 1px solid black;\" rowspan=\"6\" width=\"150\"><a href=\"https:\/\/mycor.iam.inrae.fr\/IAM\/wp-content\/uploads\/2025\/02\/photo_benoit.jpg\"><img loading=\"lazy\" decoding=\"async\" class=\"alignnone size-medium wp-image-12938\" src=\"https:\/\/mycor.iam.inrae.fr\/IAM\/wp-content\/uploads\/2025\/02\/photo_benoit-291x300.jpg\" alt=\"\" width=\"291\" height=\"300\" srcset=\"https:\/\/mycor.iam.inrae.fr\/IAM\/wp-content\/uploads\/2025\/02\/photo_benoit-291x300.jpg 291w, https:\/\/mycor.iam.inrae.fr\/IAM\/wp-content\/uploads\/2025\/02\/photo_benoit.jpg 560w\" sizes=\"auto, (max-width: 291px) 100vw, 291px\" \/><\/a><\/td>\n<\/tr>\n<tr>\n<td style=\"border: none;\" width=\"150\">Position and team<\/td>\n<td style=\"border: none;\">Assistant Engineer \/ Ecogenomics of interactions team<\/td>\n<\/tr>\n<tr>\n<td style=\"border: none;\" width=\"150\">Supervisor<\/td>\n<td style=\"border: none;\">Claire Veneault-Fourrey<\/td>\n<\/tr>\n<tr>\n<td style=\"border: none;\" width=\"150\">Subject<\/td>\n<td style=\"border: none;\">Study of interaction between poplar and symbiotic fungi<\/td>\n<\/tr>\n<tr>\n<td style=\"border: none;\" width=\"150\">Period<\/td>\n<td style=\"border: none;\">02\/2024 &#8211; 06\/2025<\/td>\n<\/tr>\n<\/tbody>\n<\/table>\n<table style=\"border: none;\" width=\"100%\">\n<tbody>\n<tr>\n<td style=\"border-top: 1px solid black;\" width=\"150\">Name<\/td>\n<td style=\"border-top: 1px solid black;\"><strong>GIGLEUX Lora<\/strong><br \/>\n<a href=\"mailto:lora.gigleux@inrae.fr\">lora.gigleux@inrae.fr<\/a><\/td>\n<td style=\"border-top: 1px solid black;\" rowspan=\"6\" width=\"150\"><a href=\"https:\/\/mycor.iam.inrae.fr\/IAM\/wp-content\/uploads\/2022\/01\/Profil-femme.jpg\"><img loading=\"lazy\" decoding=\"async\" class=\"wp-image-11382 alignnone\" src=\"https:\/\/mycor.iam.inrae.fr\/IAM\/wp-content\/uploads\/2022\/01\/Profil-femme.jpg\" alt=\"\" width=\"133\" height=\"137\" \/><\/a><\/td>\n<\/tr>\n<tr>\n<td style=\"border: none;\" width=\"150\">Position and team<\/td>\n<td style=\"border: none;\">Technician \/ Ecogenomics of interactions team<\/td>\n<\/tr>\n<tr>\n<td style=\"border: none;\" width=\"150\">Supervisor<\/td>\n<td style=\"border: none;\">Claude Murat<\/td>\n<\/tr>\n<tr>\n<td style=\"border: none;\" width=\"150\">Subject<\/td>\n<td style=\"border: none;\"><em>xx<\/em><\/td>\n<\/tr>\n<tr>\n<td style=\"border: none;\" width=\"150\">Period<\/td>\n<td style=\"border: none;\">01\/2022 &#8211; 12\/2025<\/td>\n<\/tr>\n<\/tbody>\n<\/table>\n<table style=\"border: none;\" width=\"100%\">\n<tbody>\n<tr>\n<td style=\"border-top: 1px solid black;\" width=\"150\">Name<\/td>\n<td style=\"border-top: 1px solid black;\"><strong>VILORIA Morgane<\/strong><br \/>\n<a href=\"mailto:morgane.viloria@univ-lorraine.fr\">morgane.viloria@univ-lorraine.fr<\/a><\/td>\n<td style=\"border-top: 1px solid black;\" rowspan=\"6\" width=\"150\"><img loading=\"lazy\" decoding=\"async\" class=\"wp-image-1390 alignnone\" src=\"https:\/\/mycor.iam.inrae.fr\/IAM\/wp-content\/uploads\/2013\/05\/Profil-femme.jpg\" alt=\"Profil femme\" width=\"132\" height=\"135\" \/><\/td>\n<\/tr>\n<tr>\n<td style=\"border: none;\" width=\"150\">Position and team<\/td>\n<td style=\"border: none;\">Engineer \/ Stress response and redox regulation team<\/td>\n<\/tr>\n<tr>\n<td style=\"border: none;\" width=\"150\">Supervisor<\/td>\n<td style=\"border: none;\">xx<\/td>\n<\/tr>\n<tr>\n<td style=\"border: none;\" width=\"150\">Subject<\/td>\n<td style=\"border: none;\"><em>xx<\/em><\/td>\n<\/tr>\n<tr>\n<td style=\"border: none;\" width=\"150\">Period<\/td>\n<td style=\"border: none;\">09\/2023 &#8211; 09\/2024<\/td>\n<\/tr>\n<\/tbody>\n<\/table>\n","protected":false},"excerpt":{"rendered":"<p>Name ANCEL H\u00e9lo\u00efse heloise.ancel@inrae.fr Position and team Engineer Supervisor Cl\u00e9mence Bonnot &amp; Marc Bu\u00e9e Subject Test of the effect of different input on trees mycorrhization and performance (Prematuration project DePasse) Period 02\/2025 &#8211; 02\/2026 Name CARRAVIERI Irene irene.carravieri@inrae.fr \u00a0 Position &hellip; <a href=\"https:\/\/mycor.iam.inrae.fr\/IAM\/?page_id=1233\">Continue reading <span class=\"meta-nav\">&rarr;<\/span><\/a><\/p>\n","protected":false},"author":7,"featured_media":0,"parent":850,"menu_order":0,"comment_status":"closed","ping_status":"closed","template":"","meta":{"footnotes":""},"class_list":["post-1233","page","type-page","status-publish","hentry"],"_links":{"self":[{"href":"https:\/\/mycor.iam.inrae.fr\/IAM\/index.php?rest_route=\/wp\/v2\/pages\/1233","targetHints":{"allow":["GET"]}}],"collection":[{"href":"https:\/\/mycor.iam.inrae.fr\/IAM\/index.php?rest_route=\/wp\/v2\/pages"}],"about":[{"href":"https:\/\/mycor.iam.inrae.fr\/IAM\/index.php?rest_route=\/wp\/v2\/types\/page"}],"author":[{"embeddable":true,"href":"https:\/\/mycor.iam.inrae.fr\/IAM\/index.php?rest_route=\/wp\/v2\/users\/7"}],"replies":[{"embeddable":true,"href":"https:\/\/mycor.iam.inrae.fr\/IAM\/index.php?rest_route=%2Fwp%2Fv2%2Fcomments&post=1233"}],"version-history":[{"count":17,"href":"https:\/\/mycor.iam.inrae.fr\/IAM\/index.php?rest_route=\/wp\/v2\/pages\/1233\/revisions"}],"predecessor-version":[{"id":13251,"href":"https:\/\/mycor.iam.inrae.fr\/IAM\/index.php?rest_route=\/wp\/v2\/pages\/1233\/revisions\/13251"}],"up":[{"embeddable":true,"href":"https:\/\/mycor.iam.inrae.fr\/IAM\/index.php?rest_route=\/wp\/v2\/pages\/850"}],"wp:attachment":[{"href":"https:\/\/mycor.iam.inrae.fr\/IAM\/index.php?rest_route=%2Fwp%2Fv2%2Fmedia&parent=1233"}],"curies":[{"name":"wp","href":"https:\/\/api.w.org\/{rel}","templated":true}]}}