{"id":12503,"date":"2024-02-26T13:02:13","date_gmt":"2024-02-26T13:02:13","guid":{"rendered":"https:\/\/mycor.iam.inrae.fr\/IAM\/?page_id=12503"},"modified":"2026-01-09T08:44:06","modified_gmt":"2026-01-09T08:44:06","slug":"emilie-robert","status":"publish","type":"page","link":"https:\/\/mycor.iam.inrae.fr\/IAM\/?page_id=12503","title":{"rendered":"Emilie Cl\u00e9ment"},"content":{"rendered":"<p style=\"text-align: left\"><a href=\"https:\/\/mycor.iam.inrae.fr\/IAM\/wp-content\/uploads\/2024\/01\/Emilie-ROBERT-002.jpg\"><img loading=\"lazy\" decoding=\"async\" class=\"size-medium wp-image-12287 alignright\" src=\"https:\/\/mycor.iam.inrae.fr\/IAM\/wp-content\/uploads\/2024\/01\/Emilie-ROBERT-002-207x300.jpg\" alt=\"\" width=\"207\" height=\"300\" srcset=\"https:\/\/mycor.iam.inrae.fr\/IAM\/wp-content\/uploads\/2024\/01\/Emilie-ROBERT-002-207x300.jpg 207w, https:\/\/mycor.iam.inrae.fr\/IAM\/wp-content\/uploads\/2024\/01\/Emilie-ROBERT-002-706x1024.jpg 706w, https:\/\/mycor.iam.inrae.fr\/IAM\/wp-content\/uploads\/2024\/01\/Emilie-ROBERT-002-768x1114.jpg 768w, https:\/\/mycor.iam.inrae.fr\/IAM\/wp-content\/uploads\/2024\/01\/Emilie-ROBERT-002-1059x1536.jpg 1059w, https:\/\/mycor.iam.inrae.fr\/IAM\/wp-content\/uploads\/2024\/01\/Emilie-ROBERT-002.jpg 1078w\" sizes=\"auto, (max-width: 207px) 100vw, 207px\" \/><\/a><\/p>\n<p style=\"text-align: left\"><strong>Assistante ing\u00e9nieure en exp\u00e9rimentation et instrumentation biologiques<\/strong><\/p>\n<p><strong>Contact Research IDs:<\/strong><\/p>\n<ul>\n<li>e-mail: emilie.clement@univ-lorraine.fr<\/li>\n<li>Phone: +33 (0)3 72 74 51 66<\/li>\n<li>Address: Plateforme ASIA\n<div>Universit\u00e9 de Lorraine \u2013 Facult\u00e9 des Sciences et Technologies<br \/>\nBoulevard des Aiguillettes<\/div>\n<div>BP 70239<br \/>\n54506 Vand\u0153uvre-l\u00e8s-Nancy Cedex<\/div>\n<\/li>\n<li><a href=\"https:\/\/orcid.org\/0009-0002-2848-111X\">Orcid<\/a><\/li>\n<li><a href=\"https:\/\/www.researchgate.net\/profile\/Emilie-Robert-5\">ReserchGate<\/a><\/li>\n<\/ul>\n<p><strong>Bio:\u00a0<\/strong><\/p>\n<p>After obtaining a bachelor&#8217;s degree in analytical and experimental biology at the Nancy Brabois IUT (University Institute of Technology) in 2015, I spent 4 years (2015 &#8211; 2019) as a contract biology technician supporting the research activities of the &#8220;ICE-Transfert et Adaptation&#8221; team of the &#8220;Dynamique des g\u00e9nomes et Adaptation Microbienne&#8221; (DynAMic) lab, based at the University of Lorraine. I&#8217;ve been recruited as biologist technician in 2019 on the &#8220;Approches Fonctionnelles et Structurales des InterActions Cellulaires&#8221; (ASIA) technology platform, set up in 2017 by 4 Research Units and attached to the &#8220;Agronomie, Agroalimentaire, For\u00eat&#8221; (A2F) scientific cluster. In 2022, I obtained a master&#8217;s degree in life sciences through validation of prior learning. In 2023, I joined the &#8220;Interaction Arbres-Microorganismes&#8221; (IAM) lab, one of ASIA&#8217;s founding laboratories, where I spend 20% of my time supporting research projects in the &#8220;R\u00e9ponse aux Stress et R\u00e9gulation Redox&#8221; team.<\/p>\n<p>I am the functional manager of the ASIA platform (https:\/\/a2f.univ-lorraine.fr\/asia\/) and I work alongside the operational manager who runs the platform. The platform provides around twenty pieces of devices used at different levels for: (I) the preparation and fractionation of biological samples, (II) the purification and characterisation of molecules, (III) the spectroscopic determination of samples and (IV) the study of molecular interactions and gene expression.<\/p>\n<p>I am a prevention assistant at the University of Lorraine and have been a certified first-aid worker since 2019.<\/p>\n<p><strong>Publications:<\/strong><\/p>\n<p><a href=\"https:\/\/scholar.google.fr\/citations?hl=fr&amp;user=Pd9SHBQAAAAJ&amp;view_op=list_works&amp;gmla=AILGF5Xal9TalIWmnxqHz9qyMmGCdIILMOxbyEZsJos4SIzyfdzAly0-64tqtEozbnL9eVqIhLXeVtu8ifTTt43XrK2QZDpU_3CF7PelR0iLw3rbvQ\">Link to google scholar<\/a><\/p>\n","protected":false},"excerpt":{"rendered":"<p>Assistante ing\u00e9nieure en exp\u00e9rimentation et instrumentation biologiques Contact Research IDs: e-mail: emilie.clement@univ-lorraine.fr Phone: +33 (0)3 72 74 51 66 Address: Plateforme ASIA Universit\u00e9 de Lorraine \u2013 Facult\u00e9 des Sciences et Technologies Boulevard des Aiguillettes BP 70239 54506 Vand\u0153uvre-l\u00e8s-Nancy Cedex Orcid &hellip; <a href=\"https:\/\/mycor.iam.inrae.fr\/IAM\/?page_id=12503\">Continue reading <span class=\"meta-nav\">&rarr;<\/span><\/a><\/p>\n","protected":false},"author":1,"featured_media":0,"parent":850,"menu_order":0,"comment_status":"closed","ping_status":"closed","template":"","meta":{"footnotes":""},"class_list":["post-12503","page","type-page","status-publish","hentry"],"_links":{"self":[{"href":"https:\/\/mycor.iam.inrae.fr\/IAM\/index.php?rest_route=\/wp\/v2\/pages\/12503","targetHints":{"allow":["GET"]}}],"collection":[{"href":"https:\/\/mycor.iam.inrae.fr\/IAM\/index.php?rest_route=\/wp\/v2\/pages"}],"about":[{"href":"https:\/\/mycor.iam.inrae.fr\/IAM\/index.php?rest_route=\/wp\/v2\/types\/page"}],"author":[{"embeddable":true,"href":"https:\/\/mycor.iam.inrae.fr\/IAM\/index.php?rest_route=\/wp\/v2\/users\/1"}],"replies":[{"embeddable":true,"href":"https:\/\/mycor.iam.inrae.fr\/IAM\/index.php?rest_route=%2Fwp%2Fv2%2Fcomments&post=12503"}],"version-history":[{"count":6,"href":"https:\/\/mycor.iam.inrae.fr\/IAM\/index.php?rest_route=\/wp\/v2\/pages\/12503\/revisions"}],"predecessor-version":[{"id":13262,"href":"https:\/\/mycor.iam.inrae.fr\/IAM\/index.php?rest_route=\/wp\/v2\/pages\/12503\/revisions\/13262"}],"up":[{"embeddable":true,"href":"https:\/\/mycor.iam.inrae.fr\/IAM\/index.php?rest_route=\/wp\/v2\/pages\/850"}],"wp:attachment":[{"href":"https:\/\/mycor.iam.inrae.fr\/IAM\/index.php?rest_route=%2Fwp%2Fv2%2Fmedia&parent=12503"}],"curies":[{"name":"wp","href":"https:\/\/api.w.org\/{rel}","templated":true}]}}