{"id":1573,"date":"2013-05-31T14:23:38","date_gmt":"2013-05-31T14:23:38","guid":{"rendered":"https:\/\/mycor.iam.inrae.fr\/IAM\/?page_id=1573"},"modified":"2024-08-21T14:45:47","modified_gmt":"2024-08-21T14:45:47","slug":"1573-2","status":"publish","type":"page","link":"https:\/\/mycor.iam.inrae.fr\/IAM\/?page_id=1573","title":{"rendered":"Contact us"},"content":{"rendered":"<p><strong>Responsable d&#8217;\u00e9quipe : <a href=\"https:\/\/mycor.iam.inrae.fr\/IAM\/?page_id=108\">M\u00e9lanie MOREL-ROUHIER<\/a><\/strong><\/p>\n<p><strong>Universit\u00e9 de Lorraine &#8211; Facult\u00e9 des Sciences et Technologie<\/strong><br \/>\nCampus Aiguillettes<br \/>\nBP 70239<br \/>\n54506 VANDOEUVRE-LES-NANCY Cedex<br \/>\nT\u00e9l : + 33 (0)3 83 68 40 00 &#8211; Fax : + 33 (0)3 83 68 40 01<\/p>\n<p>&#8211; Localisation : cliquez sur ce <strong><a href=\"https:\/\/maps.app.goo.gl\/5mTa8tTZD8EZaThe6\">lien<\/a><\/strong><\/p>\n<p>&#8211; Contacts mail:<\/p>\n<ul>\n<li><a href=\"mailto:melanie.morel@univ-lorraine.fr\">M\u00e9lanie Morel-Rouhier <\/a><\/li>\n<li><a href=\"mailto:corinne.teissier@univ-lorraine.fr\">Gestionnaire d&#8217;unit\u00e9 <\/a><br \/>\n","protected":false},"excerpt":{"rendered":"<p>Responsable d&#8217;\u00e9quipe : M\u00e9lanie MOREL-ROUHIER Universit\u00e9 de Lorraine &#8211; Facult\u00e9 des Sciences et Technologie Campus Aiguillettes BP 70239 54506 VANDOEUVRE-LES-NANCY Cedex T\u00e9l : + 33 (0)3 83 68 40 00 &#8211; Fax : + 33 (0)3 83 68 40 01 &hellip; <a href=\"https:\/\/mycor.iam.inrae.fr\/IAM\/?page_id=1573\">Continue reading <span class=\"meta-nav\">&rarr;<\/span><\/a><\/p>\n","protected":false},"author":7,"featured_media":0,"parent":6158,"menu_order":0,"comment_status":"closed","ping_status":"closed","template":"","meta":{"footnotes":""},"class_list":["post-1573","page","type-page","status-publish","hentry"],"_links":{"self":[{"href":"https:\/\/mycor.iam.inrae.fr\/IAM\/index.php?rest_route=\/wp\/v2\/pages\/1573","targetHints":{"allow":["GET"]}}],"collection":[{"href":"https:\/\/mycor.iam.inrae.fr\/IAM\/index.php?rest_route=\/wp\/v2\/pages"}],"about":[{"href":"https:\/\/mycor.iam.inrae.fr\/IAM\/index.php?rest_route=\/wp\/v2\/types\/page"}],"author":[{"embeddable":true,"href":"https:\/\/mycor.iam.inrae.fr\/IAM\/index.php?rest_route=\/wp\/v2\/users\/7"}],"replies":[{"embeddable":true,"href":"https:\/\/mycor.iam.inrae.fr\/IAM\/index.php?rest_route=%2Fwp%2Fv2%2Fcomments&post=1573"}],"version-history":[{"count":4,"href":"https:\/\/mycor.iam.inrae.fr\/IAM\/index.php?rest_route=\/wp\/v2\/pages\/1573\/revisions"}],"predecessor-version":[{"id":12671,"href":"https:\/\/mycor.iam.inrae.fr\/IAM\/index.php?rest_route=\/wp\/v2\/pages\/1573\/revisions\/12671"}],"up":[{"embeddable":true,"href":"https:\/\/mycor.iam.inrae.fr\/IAM\/index.php?rest_route=\/wp\/v2\/pages\/6158"}],"wp:attachment":[{"href":"https:\/\/mycor.iam.inrae.fr\/IAM\/index.php?rest_route=%2Fwp%2Fv2%2Fmedia&parent=1573"}],"curies":[{"name":"wp","href":"https:\/\/api.w.org\/{rel}","templated":true}]}}