{"id":318,"date":"2013-03-27T20:44:03","date_gmt":"2013-03-27T20:44:03","guid":{"rendered":"https:\/\/mycor.iam.inrae.fr\/IAM\/?page_id=318"},"modified":"2026-01-06T15:34:40","modified_gmt":"2026-01-06T15:34:40","slug":"publications","status":"publish","type":"page","link":"https:\/\/mycor.iam.inrae.fr\/IAM\/?page_id=318","title":{"rendered":"Publications"},"content":{"rendered":"<p>IAM researchers publish mainly in five disciplinary areas :<\/p>\n<blockquote>\n<h1 style=\"text-align: center;\"><strong>Plant Sciences, Biochemistry and Molecular biology, Microbiology, Genetics and Ecology<\/strong><\/h1>\n<\/blockquote>\n<p>In the following journals (more than 7 articles published during the last five years) :<\/p>\n<blockquote>\n<p style=\"text-align: justify;\"><strong>New phytologist, PLoS One, Frontiers in Plant Science, Environmental microbiology, Fungal Genetics and Biology, Annals of Forest Sciences, Proceedings of the National Academy of Sciences USA, Molecular Ecology, Plant Physiology, Mycorrhiza<\/strong><\/p>\n<\/blockquote>\n<p>Keywords from Abstracts\u00a0of the articles published in 2014:<a href=\"https:\/\/mycor.iam.inrae.fr\/IAM\/wp-content\/uploads\/2013\/03\/Sans-titre-1.png\"><img loading=\"lazy\" decoding=\"async\" class=\"wp-image-7303 aligncenter\" src=\"https:\/\/mycor.iam.inrae.fr\/IAM\/wp-content\/uploads\/2013\/03\/Sans-titre-1.png\" alt=\"Sans titre\" width=\"356\" height=\"200\" \/><\/a><\/p>\n<p><strong>Key\u00a0Indicators :<\/strong>\u00a0(January 2011-June 2016)<\/p>\n<ul>\n<li><strong>301 :\u00a0<\/strong>Articles in International Journals<\/li>\n<li><strong>3.4<\/strong>\u00a0<strong>:<\/strong> Articles per year\/full-time scientist<\/li>\n<li><strong>4.8 :<\/strong>\u00a0Average impact factor<\/li>\n<li><strong>95%<\/strong>\u00a0<strong>:<\/strong> of the\u00a0articles published in journals ranked as exceptional or excellent according to <a href=\"https:\/\/www6.inra.fr\/reselec\/Outils-d-evaluation\/NOtoriete-des-Revues-et-Indicateurs-d-Articles-NORIA\">Noria<\/a><\/li>\n<\/ul>\n<p style=\"text-align: justify;\"><strong>Accords INRAE-\u00e9diteurs:<\/strong><br \/>\nDes accords sp\u00e9cifiques sont conclus avec certains \u00e9diteurs pour faire b\u00e9n\u00e9ficier aux seuls chercheurs INRAE de r\u00e9ductions ou d&#8217;exon\u00e9ration de frais de publication ou bien de conditions particuli\u00e8res d&#8217;autoarchivage de leurs publications. <a href=\"https:\/\/science-ouverte.inrae.fr\/fr\/les-publications-scientifiques\/frais-de-publication\/accords-inrae-editeurs\">=&gt; lien<\/a><\/p>\n<p><strong>Publications\u00a0:<\/strong><\/p>\n<ul>\n<li class=\"gs_gray\">Publications <a href=\"https:\/\/mycor.iam.inrae.fr\/IAM\/?page_id=13035\"><strong>2025<\/strong><\/a><\/li>\n<li class=\"gs_gray\">Publications <a href=\"https:\/\/mycor.iam.inrae.fr\/IAM\/?page_id=12437\"><strong>2024<\/strong><\/a><\/li>\n<li class=\"gs_gray\">Publications <a href=\"https:\/\/mycor.iam.inrae.fr\/IAM\/?page_id=12435\"><strong>2023<\/strong><\/a><\/li>\n<li class=\"gs_gray\">Publications <a href=\"https:\/\/mycor.iam.inrae.fr\/IAM\/?page_id=11531\"><strong>2022<\/strong><\/a><\/li>\n<li class=\"gs_gray\">Publications <a href=\"https:\/\/mycor.iam.inrae.fr\/IAM\/?page_id=10956\"><strong>2021<\/strong><\/a><\/li>\n<li class=\"gs_gray\">Publications <a href=\"https:\/\/mycor.iam.inrae.fr\/IAM\/?page_id=10429\"><strong>2020<\/strong><\/a><\/li>\n<li class=\"gs_gray\">Publications\u00a0<strong><a href=\"https:\/\/mycor.iam.inrae.fr\/IAM\/?page_id=9453\">2019<\/a><\/strong><\/li>\n<li class=\"gs_gray\">Publications <strong><a href=\"https:\/\/mycor.iam.inrae.fr\/IAM\/?page_id=8525\">2018<\/a><\/strong><\/li>\n<li class=\"gs_gray\">Publications <strong><a href=\"https:\/\/mycor.iam.inrae.fr\/IAM\/?page_id=7800\">2017<\/a><\/strong><\/li>\n<li class=\"gs_gray\">Publications <a href=\"https:\/\/mycor.iam.inrae.fr\/IAM\/?page_id=7295\" target=\"_blank\" rel=\"noopener noreferrer\"><strong>2016<\/strong><\/a><\/li>\n<li class=\"gs_gray\">Publications <strong><a href=\"https:\/\/mycor.iam.inrae.fr\/IAM\/?page_id=5893\">2015<\/a><\/strong><\/li>\n<li>Publications <strong><a href=\"https:\/\/mycor.iam.inrae.fr\/IAM\/?page_id=4661\">2014<\/a><\/strong><\/li>\n<li>Publications <strong><a href=\"https:\/\/mycor.iam.inrae.fr\/IAM\/?page_id=3177\">2013<\/a><\/strong><\/li>\n<li>Publications <strong><a href=\"https:\/\/mycor.iam.inrae.fr\/IAM\/?page_id=781\">2012<\/a><\/strong><\/li>\n<li>Publications <strong><a href=\"https:\/\/mycor.iam.inrae.fr\/IAM\/?page_id=2995\">2011<\/a><\/strong><\/li>\n<\/ul>\n","protected":false},"excerpt":{"rendered":"<p>IAM researchers publish mainly in five disciplinary areas : Plant Sciences, Biochemistry and Molecular biology, Microbiology, Genetics and Ecology In the following journals (more than 7 articles published during the last five years) : New phytologist, PLoS One, Frontiers in &hellip; <a href=\"https:\/\/mycor.iam.inrae.fr\/IAM\/?page_id=318\">Continue reading <span class=\"meta-nav\">&rarr;<\/span><\/a><\/p>\n","protected":false},"author":2,"featured_media":0,"parent":0,"menu_order":4,"comment_status":"closed","ping_status":"closed","template":"","meta":{"footnotes":""},"class_list":["post-318","page","type-page","status-publish","hentry"],"_links":{"self":[{"href":"https:\/\/mycor.iam.inrae.fr\/IAM\/index.php?rest_route=\/wp\/v2\/pages\/318","targetHints":{"allow":["GET"]}}],"collection":[{"href":"https:\/\/mycor.iam.inrae.fr\/IAM\/index.php?rest_route=\/wp\/v2\/pages"}],"about":[{"href":"https:\/\/mycor.iam.inrae.fr\/IAM\/index.php?rest_route=\/wp\/v2\/types\/page"}],"author":[{"embeddable":true,"href":"https:\/\/mycor.iam.inrae.fr\/IAM\/index.php?rest_route=\/wp\/v2\/users\/2"}],"replies":[{"embeddable":true,"href":"https:\/\/mycor.iam.inrae.fr\/IAM\/index.php?rest_route=%2Fwp%2Fv2%2Fcomments&post=318"}],"version-history":[{"count":9,"href":"https:\/\/mycor.iam.inrae.fr\/IAM\/index.php?rest_route=\/wp\/v2\/pages\/318\/revisions"}],"predecessor-version":[{"id":13047,"href":"https:\/\/mycor.iam.inrae.fr\/IAM\/index.php?rest_route=\/wp\/v2\/pages\/318\/revisions\/13047"}],"wp:attachment":[{"href":"https:\/\/mycor.iam.inrae.fr\/IAM\/index.php?rest_route=%2Fwp%2Fv2%2Fmedia&parent=318"}],"curies":[{"name":"wp","href":"https:\/\/api.w.org\/{rel}","templated":true}]}}