{"id":3333,"date":"2014-01-30T13:55:19","date_gmt":"2014-01-30T13:55:19","guid":{"rendered":"https:\/\/mycor.iam.inrae.fr\/IAM\/?page_id=3333"},"modified":"2015-11-04T16:17:56","modified_gmt":"2015-11-04T16:17:56","slug":"former-members-2014","status":"publish","type":"page","link":"https:\/\/mycor.iam.inrae.fr\/IAM\/?page_id=3333","title":{"rendered":"Former members 2014"},"content":{"rendered":"<h1>POST-DOCTORAL RESEARCHERS<\/h1>\n<ul>\n<li>Sebastian WITTULSKY, Ecogenomics of interactions team, 2013- 2014<\/li>\n<li><a href=\"http:\/\/www.tsl.ac.uk\/staff\/ben-petre\/\">Benjamin PETRE <\/a>(CJS contract), Ecogenomics and Stress team, 2009- 2014<\/li>\n<li>Natalia SAVELEVA, Ecogenomics and Stress team, 2013-2014<\/li>\n<li>Aude MIGEON, Stress response and redox regulation team, 2013-2014<\/li>\n<li>Rita TEIXEIRA, Ecogenomics of interactions team, 2013-2014<\/li>\n<li>Emilie TISSERANT, Ecogenomics of interactions team, 2012-2014<\/li>\n<li><a href=\"http:\/\/www.sste.mmu.ac.uk\/staff\/staffbiog\/default.asp?StaffID=1134\">Laura KELLY<\/a>, Ecogenomics of interactions team, 2012-2014<\/li>\n<\/ul>\n<p>Short term stays:<\/p>\n<ul>\n<li>CASARUBIA Salvatore, Ecogenomics of interactions team, 03-07\/2014<\/li>\n<\/ul>\n<h1>PhD STUDENTS &amp; ATER:<\/h1>\n<ul>\n<li>Pierre-Alexandre LALLEMENT, Stress response and redox regulation team, 2011-2014<\/li>\n<li>Justine GALET-MAUER, Ecogenomics of interactions team, 2010-2014<\/li>\n<li><a href=\"http:\/\/www2.unine.ch\/lamun\/collaborateurs_actuels_2\">Herv\u00e9 VINCENT<\/a>, Ecogenomics of interactions team, 2010-2013<\/li>\n<li>Yann MATHIEU, Stress response and redox regulation team, 2009-2013<\/li>\n<\/ul>\n<p>Short term stays:<\/p>\n<ul>\n<li>Ma\u00efra DE FREITAS PEREIRA, Ecogenomics of interactions team, 05\/2013-12\/2014<\/li>\n<li><a href=\"http:\/\/www.ica.csic.es\/index.php\/es\/grupo\/ver-%20Interacciones%20Beneficiosas%20Planta-Microorganismo%20%20%20%20-at\/13\">Leticia PEREZ IZQUIERDO<\/a>, Ecogenomics of interactions team, 08-12\/2014<\/li>\n<li>Marta TORRES-BEJAR, Ecogenomics of interactions team, 05-08\/2014<\/li>\n<\/ul>\n<h1>ENGINEERS and TECHNICIANS<\/h1>\n<p>Permanent Staff:<\/p>\n<ul>\n<li>Jo\u00eblle GERARD, Ingineer assistant, moving to EEF department<\/li>\n<\/ul>\n<p>Short term staff:<\/p>\n<ul>\n<li>Thomas SCORDIA, engineer, Ecology of forest pathogenic fungi team, 11\/2010-12\/2014<\/li>\n<li>Fanny SAYAG, technician, Stress response and redox regulation team, 2014<\/li>\n<li>Olivier CUGIER, BTS work-study contract, Ecology of forest pathogenic fungi team, 2012-2014<\/li>\n<li>Nicolas CICHOCKI, engineer, Ecogenomics of interactions team, 2013-2014<\/li>\n<\/ul>\n<h1>SCIENTIFIC STAYS<\/h1>\n<ul>\n<li><a href=\"http:\/\/www.slu.se\/en\/about-slu\/contact-slu\/search\/search-employee\/person-presentation\/?emp=CF3CAA57A4F110F2202F9843F1572D85\">Professor Jehad SHAIKHALI<\/a>, coming from UPSC (Sweden), February to March, 2014<\/li>\n<\/ul>\n<h1>STUDENTS:<\/h1>\n<ul>\n<li>M1&amp;M2 internships :<br \/>\nTorda VARGA, Nicolas VALETTE, Leila PARIZADEH, Oc\u00e9ane NICOLITCH, C\u00e9cile LORRAIN, Paul GROSJEAN, Laure LECARDONNEL, Isa Diana REMDT, Lucille DELFOSSE, Ana\u00efs TURCK,\u00a0 Romain SCHELLENBERGER, H\u00e9ma FRITZ, Pierrick ROYER, Fran\u00e7ois JOBERT<\/li>\n<li>Licence, BTS internships :<br \/>\nAudrey PIZELLE, M\u00e9lanie LAGOGUET, C\u00e9lia GOBILLARD, Delphine VRYDAGH, Caroline MERCIER<\/li>\n<\/ul>\n","protected":false},"excerpt":{"rendered":"<p>POST-DOCTORAL RESEARCHERS Sebastian WITTULSKY, Ecogenomics of interactions team, 2013- 2014 Benjamin PETRE (CJS contract), Ecogenomics and Stress team, 2009- 2014 Natalia SAVELEVA, Ecogenomics and Stress team, 2013-2014 Aude MIGEON, Stress response and redox regulation team, 2013-2014 Rita TEIXEIRA, Ecogenomics of &hellip; <a href=\"https:\/\/mycor.iam.inrae.fr\/IAM\/?page_id=3333\">Continue reading <span class=\"meta-nav\">&rarr;<\/span><\/a><\/p>\n","protected":false},"author":7,"featured_media":0,"parent":1343,"menu_order":0,"comment_status":"closed","ping_status":"closed","template":"","meta":{"footnotes":""},"class_list":["post-3333","page","type-page","status-publish","hentry"],"_links":{"self":[{"href":"https:\/\/mycor.iam.inrae.fr\/IAM\/index.php?rest_route=\/wp\/v2\/pages\/3333","targetHints":{"allow":["GET"]}}],"collection":[{"href":"https:\/\/mycor.iam.inrae.fr\/IAM\/index.php?rest_route=\/wp\/v2\/pages"}],"about":[{"href":"https:\/\/mycor.iam.inrae.fr\/IAM\/index.php?rest_route=\/wp\/v2\/types\/page"}],"author":[{"embeddable":true,"href":"https:\/\/mycor.iam.inrae.fr\/IAM\/index.php?rest_route=\/wp\/v2\/users\/7"}],"replies":[{"embeddable":true,"href":"https:\/\/mycor.iam.inrae.fr\/IAM\/index.php?rest_route=%2Fwp%2Fv2%2Fcomments&post=3333"}],"version-history":[{"count":0,"href":"https:\/\/mycor.iam.inrae.fr\/IAM\/index.php?rest_route=\/wp\/v2\/pages\/3333\/revisions"}],"up":[{"embeddable":true,"href":"https:\/\/mycor.iam.inrae.fr\/IAM\/index.php?rest_route=\/wp\/v2\/pages\/1343"}],"wp:attachment":[{"href":"https:\/\/mycor.iam.inrae.fr\/IAM\/index.php?rest_route=%2Fwp%2Fv2%2Fmedia&parent=3333"}],"curies":[{"name":"wp","href":"https:\/\/api.w.org\/{rel}","templated":true}]}}