{"id":4655,"date":"2015-02-06T17:06:10","date_gmt":"2015-02-06T17:06:10","guid":{"rendered":"https:\/\/mycor.iam.inrae.fr\/IAM\/?page_id=4655"},"modified":"2020-05-12T14:08:46","modified_gmt":"2020-05-12T14:08:46","slug":"intranet","status":"publish","type":"page","link":"https:\/\/mycor.iam.inrae.fr\/IAM\/?page_id=4655","title":{"rendered":"Intranet"},"content":{"rendered":"<p style=\"font-size: 16pt; text-align: center;\"><img loading=\"lazy\" decoding=\"async\" class=\"wp-image-6803\" style=\"border: 0;\" src=\"https:\/\/mycor.iam.inrae.fr\/IAM\/wp-content\/uploads\/2015\/02\/main1.jpg\" alt=\"main1\" width=\"47\" height=\"35\" \/><em>Cliquez sur chaque rubrique pour acc\u00e9der \u00e0 son contenu<\/em><\/p>\n<p><img loading=\"lazy\" decoding=\"async\" class=\"aligncenter\" style=\"border: None;\" src=\"https:\/\/mycor.iam.inrae.fr\/IAM\/wp-content\/uploads\/2015\/02\/cube_tiroirs.png\" alt=\"cube_tiroirs\" usemap=\"#Map\" width=\"500\" height=\"420\" \/><\/p>\n<map id=\"Map\" name=\"Map\">\n<area title=\"Documentation interne\" alt=\"\" coords=\"3,36,109,56,114,212,11,186\" shape=\"poly\" href=\"https:\/\/mycor.iam.inrae.fr\/IAM\/?page_id=6410\" \/>\n<area title=\"Doctorants\" alt=\"\" coords=\"112,59,248,79,250,246,117,213\" shape=\"poly\" href=\"https:\/\/mycor.iam.inrae.fr\/IAM\/?page_id=6433\" \/>\n<area title=\"RH Missions Achats\" alt=\"\" coords=\"12,191,114,217,118,371,18,337\" shape=\"poly\" href=\"https:\/\/mycor.iam.inrae.fr\/IAM\/?page_id=6718\" \/>\n<area title=\"Savoirs-faire technologiques\" alt=\"\" coords=\"118,217,250,250,251,414,122,371\" shape=\"poly\" href=\"https:\/\/mycor.iam.inrae.fr\/IAM\/?page_id=5434\" \/>\n<area title=\"Ressources biologiques\" alt=\"\" coords=\"254,80,386,57,385,212,256,246\" shape=\"poly\" href=\"https:\/\/mycor.iam.inrae.fr\/IAM\/?page_id=5437\" \/>\n<area title=\"Hygi\u00e8ne &amp; S\u00e9curit\u00e9\" alt=\"\" coords=\"390,55,496,35,492,187,389,210\" shape=\"poly\" href=\"https:\/\/mycor.iam.inrae.fr\/IAM\/?page_id=6558\" \/>\n<area title=\"Ressources mat\u00e9rielles\" alt=\"\" coords=\"256,251,385,217,383,370,257,414\" shape=\"poly\" href=\"https:\/\/mycor.iam.inrae.fr\/IAM\/?page_id=5440\" \/>\n<area title=\"Documentation qualit\u00e9\" alt=\"\" coords=\"388,217,491,191,489,333,388,369\" shape=\"poly\" href=\"https:\/\/mycor.iam.inrae.fr\/IAM\/?page_id=6570\" \/> <\/map>\n<p><!--\n\n\n<h1 style=\"text-align: left;\"><strong>\u00a0<\/strong><span style=\"color: #000000;\"> Vous trouverez dans cette rubrique toutes les informations pratiques et utiles suivantes :<\/span><\/h1>\n\n\n\n\n<ul>\n \t\n\n<li>\n\n\n<h6 style=\"padding-left: 50px;\"><a href=\"https:\/\/mycor.iam.inrae.fr\/IAM\/?page_id=6410\" target=\"_blank\" rel=\"noopener noreferrer\">La documentation interne<\/a><\/h6>\n\n\n<\/li>\n\n\n \t\n\n<li>\n\n\n<h6 style=\"padding-left: 50px;\"><a href=\"https:\/\/mycor.iam.inrae.fr\/IAM\/?page_id=6425\" target=\"_blank\" rel=\"noopener noreferrer\">L'accueil et accompagnement RH<\/a><\/h6>\n\n\n<\/li>\n\n\n \t\n\n<li>\n\n\n<h6 style=\"padding-left: 50px;\"><a href=\"https:\/\/mycor.iam.inrae.fr\/IAM\/?page_id=5283\" target=\"_blank\" rel=\"noopener noreferrer\">Le d\u00e9part en mission<\/a><\/h6>\n\n\n<\/li>\n\n\n \t\n\n<li>\n\n\n<h6 style=\"padding-left: 50px;\"><a href=\"https:\/\/mycor.iam.inrae.fr\/IAM\/?page_id=5434\" target=\"_blank\" rel=\"noopener noreferrer\">Les savoirs-faire technologiques<\/a><\/h6>\n\n\n<\/li>\n\n\n \t\n\n<li>\n\n\n<h6 style=\"padding-left: 50px;\"><a href=\"https:\/\/mycor.iam.inrae.fr\/IAM\/?page_id=5437\" target=\"_blank\" rel=\"noopener noreferrer\">Les ressources biologiques<\/a><\/h6>\n\n\n<\/li>\n\n\n \t\n\n<li>\n\n\n<h6 style=\"padding-left: 50px;\"><a href=\"https:\/\/mycor.iam.inrae.fr\/IAM\/?page_id=5440\" target=\"_blank\" rel=\"noopener noreferrer\">Les ressources mat\u00e9rielles et les processus d'achat<\/a><\/h6>\n\n\n<\/li>\n\n\n \t\n\n<li>\n\n\n<h6 style=\"padding-left: 50px;\"><a href=\"https:\/\/mycor.iam.inrae.fr\/IAM\/?page_id=5212\" target=\"_blank\" rel=\"noopener noreferrer\">L'hygi\u00e8ne et la s\u00e9curit\u00e9<\/a><\/h6>\n\n\n<\/li>\n\n\n \t\n\n<li>\n\n\n<h6 style=\"padding-left: 50px;\"><a href=\"https:\/\/mycor.iam.inrae.fr\/IAM\/?page_id=5447\" target=\"_blank\" rel=\"noopener noreferrer\">La documentation qualit\u00e9<\/a><\/h6>\n\n\n<\/li>\n\n\n<\/ul>\n\n\n\n\n<h1 style=\"text-align: center;\"><\/h1>\n\n\n--><\/p>\n","protected":false},"excerpt":{"rendered":"<p>Cliquez sur chaque rubrique pour acc\u00e9der \u00e0 son contenu<\/p>\n","protected":false},"author":1,"featured_media":0,"parent":0,"menu_order":0,"comment_status":"closed","ping_status":"open","template":"","meta":{"footnotes":""},"class_list":["post-4655","page","type-page","status-publish","hentry"],"_links":{"self":[{"href":"https:\/\/mycor.iam.inrae.fr\/IAM\/index.php?rest_route=\/wp\/v2\/pages\/4655","targetHints":{"allow":["GET"]}}],"collection":[{"href":"https:\/\/mycor.iam.inrae.fr\/IAM\/index.php?rest_route=\/wp\/v2\/pages"}],"about":[{"href":"https:\/\/mycor.iam.inrae.fr\/IAM\/index.php?rest_route=\/wp\/v2\/types\/page"}],"author":[{"embeddable":true,"href":"https:\/\/mycor.iam.inrae.fr\/IAM\/index.php?rest_route=\/wp\/v2\/users\/1"}],"replies":[{"embeddable":true,"href":"https:\/\/mycor.iam.inrae.fr\/IAM\/index.php?rest_route=%2Fwp%2Fv2%2Fcomments&post=4655"}],"version-history":[{"count":0,"href":"https:\/\/mycor.iam.inrae.fr\/IAM\/index.php?rest_route=\/wp\/v2\/pages\/4655\/revisions"}],"wp:attachment":[{"href":"https:\/\/mycor.iam.inrae.fr\/IAM\/index.php?rest_route=%2Fwp%2Fv2%2Fmedia&parent=4655"}],"curies":[{"name":"wp","href":"https:\/\/api.w.org\/{rel}","templated":true}]}}