{"id":5200,"date":"2015-06-23T13:36:36","date_gmt":"2015-06-23T13:36:36","guid":{"rendered":"https:\/\/mycor.iam.inrae.fr\/IAM\/?page_id=5200"},"modified":"2016-11-03T16:08:07","modified_gmt":"2016-11-03T16:08:07","slug":"former-members-2015","status":"publish","type":"page","link":"https:\/\/mycor.iam.inrae.fr\/IAM\/?page_id=5200","title":{"rendered":"Former Members 2015"},"content":{"rendered":"<h1>POST-DOCTORAL RESEARCHERS<\/h1>\n<ul>\n<li><a href=\"https:\/\/mycor.iam.inrae.fr\/IAM\/?page_id=4781\" target=\"_blank\">Christine STRULLU-DERRIEN<\/a>, Ecogenomics of interactions team, 02-08\/2015<\/li>\n<li><a href=\"https:\/\/www.researchgate.net\/profile\/Becheler_Ronan\" target=\"_blank\">Ronan BECHELER<\/a>, Ecology of forest pathogenic fungi team, 01\/2014- 06\/2015<\/li>\n<li><a href=\"https:\/\/katjhayden.com\">Katherine HAYDEN<\/a>, Ecology of forest pathogenic fungi team, 07\/2013-06\/2015<\/li>\n<\/ul>\n<h1>PhD STUDENTS &amp; ATER:<\/h1>\n<ul>\n<li><a href=\"http:\/\/www.earlham.ac.uk\/antoine-persoons\" target=\"_blank\">Antoine PERSOONS<\/a>, Ecology of forest pathogenic fungi team, 2011-2015<\/li>\n<li><a href=\"https:\/\/mycor.iam.inrae.fr\/IAM\/?page_id=145\" target=\"_blank\">Aur\u00e9lie DEROY<\/a>, Stress response and redox regulation, 12\/2012-11\/2015<\/li>\n<li>Henri PEGEOT,\u00a0Stress response and redox regulation, 11\/2012-10\/2015<\/li>\n<li>Emila AKROUME, Ecogenomics of interactions team, 10\/2012-11\/2015<\/li>\n<li><a href=\"https:\/\/www.researchgate.net\/profile\/Michael_Pernaci\">Michael PERNACI<\/a>, Ecology of forest pathogenic fungi team, 2011-2015<\/li>\n<li><a href=\"https:\/\/mycor.iam.inrae.fr\/IAM\/?page_id=1541\">Thibaut PAYEN<\/a>, Ecogenomics of interactions team, 2011-2015<\/li>\n<\/ul>\n<p><span style=\"text-decoration: underline;\">Short term stays<\/span>:<\/p>\n<ul>\n<li>Giovanni RAGAGLIA, University of Sassaria, Italie, May-Sept., 2015<\/li>\n<li>Salvatore CASARRUBIA, University of Turin, April-July, 2015<\/li>\n<li>Leticia PEREZ-IZQUIERDO, University of Madrid, March-July, 2015<\/li>\n<\/ul>\n<h1>ENGINEERS and TECHNICIANS<\/h1>\n<p><span style=\"text-decoration: underline;\">Short term staff<\/span>:<\/p>\n<ul>\n<li>Dylan LEDOGAR, technician, Ecology of forest pathogenic fungi team, 05-06\/2015<\/li>\n<li>Hema FRITZ, Ingineer assistant, Ecogenomics of interactions team, 01-04\/2015<\/li>\n<\/ul>\n<h1>SCIENTIFIC STAYS<\/h1>\n<ul>\n<li><a href=\"http:\/\/goodell-biomaterials-bioenergy.sbio.vt.edu\/\">Barry GOODELL<\/a>, coming from Virginia Tech University, 06\/2015<\/li>\n<li>Stefania DAGHINO, coming from the University of Turin, Dept. Life Sciences and Systems Biology (05-06\/2015)<\/li>\n<\/ul>\n<h1>STUDENTS INTERNSHIPS:<\/h1>\n<ul>\n<li><span style=\"text-decoration: underline;\">M1&amp;M2 internships<\/span>: Simon CHAVEE (M1), Lauralie MANGEOT-PETER (M1), M\u00e9lanie ROLAND (M1), Imane BELKACEMI (M1), Abdellatif CHERRARED (M1), Cl\u00e9mence MARCHAL (M2), Laura WEISS (M2), Emeric BANKOLE (M2), Flavien ZANNINI (M2), Romain SCHELLENBERGER (M2),\u00a0 Thomas PERROT (M2),\u00a0 Benjamin BOUDIER (M2)<\/li>\n<li><span style=\"text-decoration: underline;\">Licence, BTS internships<\/span>: Flora TODESCO (Licence Pro), Corn\u00e9lia NOELLET (BTS), Perrine RICHET (BTS), Cl\u00e9ment RIEUX (BTS), Sol\u00e8ne TELLIEZ (L3)<\/li>\n<\/ul>\n","protected":false},"excerpt":{"rendered":"<p>POST-DOCTORAL RESEARCHERS Christine STRULLU-DERRIEN, Ecogenomics of interactions team, 02-08\/2015 Ronan BECHELER, Ecology of forest pathogenic fungi team, 01\/2014- 06\/2015 Katherine HAYDEN, Ecology of forest pathogenic fungi team, 07\/2013-06\/2015 PhD STUDENTS &amp; ATER: Antoine PERSOONS, Ecology of forest pathogenic fungi team, &hellip; <a href=\"https:\/\/mycor.iam.inrae.fr\/IAM\/?page_id=5200\">Continue reading <span class=\"meta-nav\">&rarr;<\/span><\/a><\/p>\n","protected":false},"author":7,"featured_media":0,"parent":1343,"menu_order":0,"comment_status":"closed","ping_status":"open","template":"","meta":{"footnotes":""},"class_list":["post-5200","page","type-page","status-publish","hentry"],"_links":{"self":[{"href":"https:\/\/mycor.iam.inrae.fr\/IAM\/index.php?rest_route=\/wp\/v2\/pages\/5200","targetHints":{"allow":["GET"]}}],"collection":[{"href":"https:\/\/mycor.iam.inrae.fr\/IAM\/index.php?rest_route=\/wp\/v2\/pages"}],"about":[{"href":"https:\/\/mycor.iam.inrae.fr\/IAM\/index.php?rest_route=\/wp\/v2\/types\/page"}],"author":[{"embeddable":true,"href":"https:\/\/mycor.iam.inrae.fr\/IAM\/index.php?rest_route=\/wp\/v2\/users\/7"}],"replies":[{"embeddable":true,"href":"https:\/\/mycor.iam.inrae.fr\/IAM\/index.php?rest_route=%2Fwp%2Fv2%2Fcomments&post=5200"}],"version-history":[{"count":0,"href":"https:\/\/mycor.iam.inrae.fr\/IAM\/index.php?rest_route=\/wp\/v2\/pages\/5200\/revisions"}],"up":[{"embeddable":true,"href":"https:\/\/mycor.iam.inrae.fr\/IAM\/index.php?rest_route=\/wp\/v2\/pages\/1343"}],"wp:attachment":[{"href":"https:\/\/mycor.iam.inrae.fr\/IAM\/index.php?rest_route=%2Fwp%2Fv2%2Fmedia&parent=5200"}],"curies":[{"name":"wp","href":"https:\/\/api.w.org\/{rel}","templated":true}]}}