{"id":5893,"date":"2016-01-26T16:54:43","date_gmt":"2016-01-26T16:54:43","guid":{"rendered":"https:\/\/mycor.iam.inrae.fr\/IAM\/?page_id=5893"},"modified":"2021-09-22T09:20:51","modified_gmt":"2021-09-22T09:20:51","slug":"publications-2015","status":"publish","type":"page","link":"https:\/\/mycor.iam.inrae.fr\/IAM\/?page_id=5893","title":{"rendered":"Publications 2015"},"content":{"rendered":"<ol>\n<li style=\"text-align: justify;\"><a class=\"gsc_a_at\" href=\"http:\/\/onlinelibrary.wiley.com\/doi\/10.1111\/nph.13290\/full\">Evolving insights to understanding mycorrhizas<\/a>.\u00a0IA Dickie, I Alexander, S Lennon, M \u00d6pik, MA Selosse, MGA Heijden, &#8230; New Phytologist 205 (4), 1369-1374<\/li>\n<li style=\"text-align: justify;\"><a class=\"gsc_a_at\" href=\"http:\/\/onlinelibrary.wiley.com\/doi\/10.1111\/nph.13288\/full\">Mycorrhizal ecology and evolution: the past, the present, and the future<\/a>\u00a0MGA Heijden, FM Martin, MA Selosse, IR Sanders. New Phytologist<\/li>\n<li style=\"text-align: justify;\"><a class=\"gsc_a_at\" href=\"http:\/\/apsjournals.apsnet.org\/doi\/abs\/10.1094\/MPMI-01-15-0003-R\">Candidate Effector Proteins of the Rust Pathogen Melampsora Larici-Populina Target Diverse Plant Cell Compartments<\/a>\u00a0B Petre, DGO Saunders, J Sklenar, C Lorrain, J Win, S Duplessis, &#8230; Molecular Plant-Microbe Interactions<\/li>\n<li style=\"text-align: justify;\"><a class=\"gsc_a_at\" href=\"http:\/\/www.sciencedirect.com\/science\/journal\/aip\/03044165\">Involvement of thiol-based mechanisms in plant development<\/a>\u00a0N Rouhier, D Cerveau, J Couturier, JP Reichheld, P Rey. Biochimica et Biophysica Acta (BBA)-General Subject<\/li>\n<li style=\"text-align: justify;\"><a href=\"http:\/\/link.springer.com\/article\/10.1007\/s13595-015-0461-1\">Certainties and uncertainties about the life cycle of the P\u00e9rigord black truffle (T<em>uber melanosporum<\/em> Vittad.)<\/a>\u00a0F. LeTacon, A Rubini, C Murat, C. Riccioni, C Robin&#8230;\u00a0Annals of Forest Science<\/li>\n<li style=\"text-align: justify;\"><a href=\"http:\/\/onlinelibrary.wiley.com\/doi\/10.1111\/1755-0998.12391\/abstract\" shape=\"rect\">A survey of genome-wide single nucleotide polymorphisms through genome re-sequencing in the P\u00e9rigord black truffle (<em>Tuber melanosporum<\/em>\u00a0Vittad.)<\/a>\u00a0T Payen, C Murat, A Gigant, E Morin, S De Mita and F Martin. Molecular Ecology Resources<\/li>\n<li style=\"text-align: justify;\"><a href=\"http:\/\/www.plantphysiol.org\/content\/167\/4\/1643.short\">Arabidopsis glutaredoxin S17 and its partner NF-YC11\/NC2\u03b1 contribute to maintenance of the shoot apical meristem under long-day photoperiod\u00a0<\/a>J Knuesting, C Riondet, C Maria, I Kruse, N Becuwe, N K\u00f6nig, C Berndt, &#8230; Plant Physiology, pp. 00049.2015<\/li>\n<li style=\"text-align: justify;\"><a href=\"http:\/\/www.nature.com\/ng\/journal\/vaop\/ncurrent\/full\/ng.3223.html\">Convergent losses of decay mechanisms and rapid turnover of symbiosis genes in mycorrhizal mutualists\u00a0<\/a>A Kohler, A Kuo, LG Nagy, E Morin, KW Barry, F Buscot, B Canb\u00e4ck, &#8230;Nature Genetics<\/li>\n<li style=\"text-align: justify;\"><a class=\"gsc_a_at\" href=\"http:\/\/www.nature.com\/ncomms\/2015\/150223\/ncomms7279\/full\/ncomms7279.html\">Volatile signalling by sesquiterpenes from ectomycorrhizal fungi reprogrammes root architecture.<\/a>\u00a0FA Ditengou, A M\u00fcller, M Rosenkranz, J Felten, H Lasok, MM van Doorn, &#8230; Nature communications 6, 6279<\/li>\n<li style=\"text-align: justify;\"><a href=\"http:\/\/link.springer.com\/article\/10.1007\/s10453-015-9370-x\">Relationship between the genetic characteristics of Botrytis sp. airborne inoculum and meteorological parameters, seasons and the origin of air masses\u00a0<\/a>C Leyronas, F Halkett, PC Nicot. Aerobiologia, 1-14<\/li>\n<li style=\"text-align: justify;\"><a class=\"gsc_a_at\" href=\"http:\/\/www.sciencedirect.com\/science\/article\/pii\/S1087184515000365\">Evidence for homoploid speciation in Phytophthora alni supports taxonomic reclassification in this species complex<\/a>\u00a0C Husson, J Aguayo, C Revellin, P Frey, R Ioos, B Mar\u00e7ais. Fungal Genetics and Biology<\/li>\n<li style=\"text-align: justify;\"><a href=\"http:\/\/aem.asm.org\/content\/early\/2015\/02\/23\/AEM.03520-14.abstract\">Pseudomonas fluorescens pirates both ferrioxamine and ferri-coelichelin siderophores from Streptomyces ambofaciens.<\/a>\u00a0J Galet, A Deveau, L H\u00f4tel, P Frey-Klett, P Leblond, B Aigle. Applied and Environmental Microbiology, 03520-14<\/li>\n<li style=\"text-align: justify;\"><a class=\"gsc_a_at\" href=\"http:\/\/onlinelibrary.wiley.com\/doi\/10.1111\/1462-2920.12840\/abstract\">Metagenome sequence of Elaphomyces granulatus from sporocarp tissue reveals Ascomycota ectomycorrhizal fingerprints of genome expansion and a Proteobacteria rich microbiome<\/a>\u00a0CA Quandt, A Kohler, C Hesse, T Sharpton, F Martin, JW Spatafora.\u00a0Environmental Microbiology<\/li>\n<li style=\"text-align: justify;\"><a class=\"gsc_a_at\" href=\"http:\/\/jxb.oxfordjournals.org\/content\/early\/2015\/03\/03\/jxb.erv066.abstract\">Function of glutathione peroxidases in legume root nodules<\/a>\u00a0MA Matamoros, A Saiz, M Pe\u00f1uelas, P Bustos-Sanmamed, JM Mulet, &#8230; Journal of Experimental Botany, erv066<\/li>\n<li style=\"text-align: justify;\"><a class=\"gsc_a_at\" href=\"http:\/\/pubs.rsc.org\/en\/content\/articlelanding\/2015\/mt\/c5mt00024f#!divAbstract\">Common and metal-specific proteomic responses to cadmium and zinc in the metal tolerant ericoid mycorrhizal fungus Oidiodendron maius Zn<\/a>\u00a0 M Chiapello, E Martino, S Perotto Metallomics<\/li>\n<li style=\"text-align: justify;\"><a href=\"http:\/\/link.springer.com\/article\/10.1007\/s13595-015-0468-7\">Can mosses serve as model organisms for forest research?<\/a> S M\u00fcller, D G\u00fctle, JP Jacquot, R Reski. Annals of Forest Science.<\/li>\n<li style=\"text-align: justify;\"><a class=\"gsc_a_at\" href=\"http:\/\/onlinelibrary.wiley.com\/doi\/10.1111\/nph.13371\/full\">Plants, fungi and oomycetes: a 400\u2010million year affair that shapes the biosphere<\/a>.\u00a0MA Selosse, C Strullu\u2010Derrien, FM Martin, S Kamoun, P Kenrick. New Phytologist 206 (2), 501-506<\/li>\n<li style=\"text-align: justify;\"><a class=\"gsc_a_at\" href=\"http:\/\/onlinelibrary.wiley.com\/doi\/10.1111\/tpj.12867\/abstract\">PtaRHE1, a Populus tremula x P. alba RING\u2010H2 protein of the ATL family, has a regulatory role in secondary phloem fiber development<\/a>\u00a0F Baldacci\u2010Cresp, J Moussawi, JC Lepl\u00e9, R Van Acker, A Kohler, &#8230; The Plant Journal<\/li>\n<li style=\"text-align: justify;\"><a class=\"gsc_a_at\" href=\"http:\/\/onlinelibrary.wiley.com\/doi\/10.1111\/1755-0998.12425\/abstract\">Decoding the oak genome: public release of sequence data, assembly, annotation and publication strategies<\/a>.\u00a0C Plomion, JM Aury, J Amselem, T Alaeitabar, V Barbe, C Belser, &#8230; Molecular Ecology Resources<\/li>\n<li style=\"text-align: justify;\"><a class=\"gsc_a_at\" href=\"http:\/\/onlinelibrary.wiley.com\/doi\/10.1111\/1462-2920.12894\/abstract\">Compartmentalized and contrasted response of ectomycorrhizal and soil fungal communities of Scots pine forests along elevation gradients in France and Spain<\/a>.\u00a0A Rinc\u00f3n, B Santamar\u00eda\u2010P\u00e9rez, SG Rabasa, A Coince, B Mar\u00e7ais, &#8230; Environmental Microbiology<\/li>\n<li style=\"text-align: justify;\"><a class=\"gsc_a_at\" href=\"https:\/\/scholar.google.fr\/citations?view_op=view_citation&amp;hl=fr&amp;user=tgYrvTUAAAAJ&amp;sortby=pubdate&amp;citation_for_view=tgYrvTUAAAAJ:j3f4tGmQtD8C\">An evolutionary ecology perspective to address forest pathology challenges of today and tomorrow<\/a>.\u00a0ML Desprez-Loustau, J Aguayo, C Dutech, KJ Hayden, C Husson, &#8230;Annals of Forest Science, 1-23<\/li>\n<li style=\"text-align: justify;\"><a class=\"gsc_a_at\" href=\"http:\/\/www.sciencedirect.com\/science\/article\/pii\/S0038071715001765\">Functional guild classification predicts the enzymatic role of fungi in litter and soil biogeochemistry<\/a>\u00a0JM Talbot, F Martin, A Kohler, B Henrissat, KG Peay. Soil Biology and Biochemistry<\/li>\n<li style=\"text-align: justify;\"><a href=\"http:\/\/onlinelibrary.wiley.com\/doi\/10.1111\/1462-2920.12910\/abstract\">Fine-scale spatial genetic structure analysis of the black truffle T<em>uber aestivum<\/em> and its link to aroma variability.<\/a> V Molinier, C Murat, H Crochet, D Wipf, R Splivallo. Environmental Microbiology<\/li>\n<li style=\"text-align: justify;\"><a href=\"http:\/\/onlinelibrary.wiley.com\/doi\/10.1111\/ppa.12418\/abstract\">Assessment of inoculation methods for screening black alder resistance to Phytophthora\u00d7 alni.<\/a>\u00a0A Chandelier, C Husson, P Druart, B Mar\u00e7ais. Plant Pathology<\/li>\n<li style=\"text-align: justify;\"><a href=\"http:\/\/link.springer.com\/article\/10.1007\/s00572-015-0649-0\">SSR-based identification of genetic groups within European populations of T<em>uber aestivum<\/em> Vittad<\/a>. V Molinier, C Murat, M Peter, A Golotte, H De la Varga,&#8230; Mycorrhiza<\/li>\n<li style=\"text-align: justify;\"><a class=\"gsc_a_at\" href=\"http:\/\/link.springer.com\/article\/10.1007\/s13595-015-0488-3\">Forest tree genomics: 10 achievements from the past 10 years and future prospects<\/a>.\u00a0C Plomion, C Bastien, MB Bogeat-Triboulot, L Bouffier, A D\u00e9jardin, &#8230; Annals of Forest Science, 1-27<\/li>\n<li style=\"text-align: justify;\"><a href=\"http:\/\/onlinelibrary.wiley.com\/doi\/10.1111\/ppa.12426\/abstract;jsessionid=DBD9166985DF5DAE5646178AD8A4AD6E.f01t02\">Simultaneous monitoring and quantification of Melampsora allii-populina and Melampsora larici-populina on infected poplar leaves using a duplex real-time PCR assay.<\/a> C. Guinet, AL Boutigny, A Vialle, RC Hammelin, P Frey, R Ioos. Plant pathology<\/li>\n<li style=\"text-align: justify;\"><a href=\"http:\/\/www.biomedcentral.com\/1471-2180\/15\/123\">Characterization of glutathione transferases involved in the pathogenicity of\u00a0Alternaria brassicicola.<\/a>\u00a0B Calmes, M Morel-Rouhier, N Bataill\u00e9-Simoneau, E Gelhaye, T Guillemette, P Simoneau.\u00a0<span class=\"article-citation\">BMC Microbiology<\/span><\/li>\n<li style=\"text-align: justify;\"><a href=\"http:\/\/link.springer.com\/article\/10.1186\/s12864-015-1660-8#page-1\">Sex and parasites: genomic and transcriptomic analysis of Microbotryum lychnidis-dioicae, the biotrophic and plant-castrating anther smut fungus\u00a0<\/a>MH Perlin, J Amselem, E Fontanillas, S San Toh, Z Chen, J Goldberg, &#8230; BMC Genomics 16 (1), 1-24<span class=\"gs_oph\">, 2015<\/span><\/li>\n<li style=\"text-align: justify;\"><a class=\"gsc_a_at\" href=\"http:\/\/www.plantphysiol.org\/content\/early\/2015\/06\/17\/pp.114.255620.short\">Development of the Populus-Laccaria bicolor ectomycorrhiza modifies root auxin metabolism, signalling and response<\/a>.\u00a0A Vayssi\u00e8res, A P\u011bn\u010d\u00edk, J Felten, A Kohler, K Ljung, FM Martin, V Legue. Plant Physiology, pp. 114.255620<\/li>\n<li style=\"text-align: justify;\"><a class=\"gsc_a_at\" href=\"http:\/\/www.sciencedirect.com\/science\/article\/pii\/S0038071715002175\">Soil conditions and land use intensification effects on soil microbial communities across a range of European field sites<\/a>\u00a0BC Thomson, E Tisserant, P Plassart, S Uroz, RI Griffiths, SE Hannula, &#8230; Soil Biology and Biochemistry<\/li>\n<li style=\"text-align: justify;\"><a class=\"gsc_a_at\" href=\"http:\/\/www.actabp.pl\/pdf\/Preprint\/2015_1003.pdf\">Quinone-and nitroreductase reactions of Thermotoga maritima thioredoxin reductase.<\/a>\u00a0B Valiauga, N Rouhier, JP Jacquot, N \u010c\u0117nas. Acta biochimica Polonica<\/li>\n<li style=\"text-align: justify;\"><a class=\"gsc_a_at\" href=\"http:\/\/www.sciencedirect.com\/science\/article\/pii\/S1369526615000825\">Reconsidering mutualistic plant\u2013fungal interactions through the lens of effector biology<\/a>.\u00a0JM Plett, F Martin. Current Opinion in Plant Biology 26, 45-50<\/li>\n<li style=\"text-align: justify;\"><a class=\"gsc_a_at\" href=\"http:\/\/onlinelibrary.wiley.com\/doi\/10.1111\/nph.13546\/abstract;jsessionid=7A2628106C481619E72B9788BCD420B8.f03t03?userIsAuthenticated=false&amp;deniedAccessCustomisedMessage=\">Comparative genomics, proteomics and transcriptomics give new insight into the exoproteome of the basidiomycete Hebeloma cylindrosporum and its involvement in ectomycorrhizal symbiosis<\/a>\u00a0J Dor\u00e9, M Perraud, C Dieryckx, A Kohler, E Morin, B Henrissat, &#8230;New Phytologist<\/li>\n<li style=\"text-align: justify;\"><a href=\"http:\/\/genomea.asm.org\/content\/3\/4\/e00798-15.short\">Draft Genome Sequence of Burkholderia sp. Strain PML1 (12), an Ectomycorrhizosphere-Inhabiting Bacterium with Effective Mineral-Weathering Ability.<\/a>\u00a0S Uroz, P Oger Genome announcements 3 (4), e00798-15<\/li>\n<li style=\"text-align: justify;\"><a href=\"http:\/\/www.sciencedirect.com\/science\/article\/pii\/S0929139315300597\">Ecological network analysis reveals the inter-connection between soil biodiversity and ecosystem function as affected by land use across Europe<\/a>.\u00a0RE Creamer, SE Hannula, JP Van Leeuwen, D Stone, M Rutgers, &#8230; Applied Soil Ecology<\/li>\n<li style=\"text-align: justify;\"><a class=\"gsc_a_at\" href=\"http:\/\/www.sciencedirect.com\/science\/article\/pii\/S1087184515300268\">Evolutionary divergence of Ure2pA glutathione transferases in wood degrading fungi<\/a>.\u00a0T Roret, A Thuillier, F Favier, E Gelhaye, C Didierjean, M Morel-Rouhier. Fungal Genetics and Biology<\/li>\n<li style=\"text-align: justify;\"><a href=\"http:\/\/link.springer.com\/article\/10.1007\/s13595-015-0514-5\">Total phenolic and lignin contents, phytochemical screening, antioxidant and fungal inhibition properties of the heartwood extractives of ten Congo Basin tree species.<\/a>\u00a0S Mounguengui, JBS Tchinda, MK Ndikontar, S Dumar\u00e7ay, C Att\u00e9k\u00e9, &#8230; Annals of Forest Science, 1-10<\/li>\n<li style=\"text-align: justify;\"><a class=\"gsc_a_at\" href=\"http:\/\/www.sciencedirect.com\/science\/article\/pii\/S0378112715004600\">Pre-existing forests as sources of pathogens? The emergence of Armillaria ostoyae in a recently planted pine forest<\/a>\u00a0F Labb\u00e9, B Marcais, JL Dupouey, T B\u00e9louard, X Capdevielle, D Piou, &#8230;. Forest Ecology and Management 357, 248-258<\/li>\n<li style=\"text-align: justify;\"><a class=\"gsc_a_at\" href=\"http:\/\/journals.plos.org\/plosone\/article?id=10.1371\/journal.pone.0137083\">The GSTome Reflects the Chemical Environment of White-Rot Fungi<\/a>.\u00a0A Deroy, F Saiag, Z Kebbi-Benkeder, N Touahri, A Hecker, &#8230; PloS one 10 (10), e0137083<\/li>\n<li style=\"text-align: justify;\"><a href=\"http:\/\/onlinelibrary.wiley.com\/doi\/10.1111\/cmi.12530\/abstract\">Rust fungal effectors mimic host transit peptides to translocate into chloroplasts.<\/a>\u00a0B Petre, C Lorrain, D Saunders, S Duplessis, S Kamoun. Cellular Microbiology,\u00a0DOI:\u00a010.1111\/cmi.12530<\/li>\n<li style=\"text-align: justify;\"><a href=\"http:\/\/journals.plos.org\/plosone\/article?id=10.1371\/journal.pone.0140014\">Profiling the Succession of Bacterial Communities throughout the Life Stages of a Higher Termite Nasutitermes arborum (Termitidae, Nasutitermitinae) Using 16S rRNA Gene Pyrosequencing<\/a>\u00a0M Diouf, V Roy, P Mora, S Frechault, T Lefebvre, V Herv\u00e9, &#8230; PLoS ONE 10 (10), e0140014<\/li>\n<li style=\"text-align: justify;\"><a href=\"http:\/\/www.nature.com\/articles\/srep14881\">Highly Efficient CYP167A1 (EpoK) dependent Epothilone B Formation and Production of 7-Ketone Epothilone D as a New Epothilone Derivative<\/a>. F Kern, T K. F. Dier, Y Khatri , K M. Ewen, JPJacquot, DA. Volmer, R Bernhardt. Scientific Reports | 5:14881 | DOI: 10.1038\/srep14881<\/li>\n<li style=\"text-align: justify;\"><a class=\"gsc_a_at\" href=\"http:\/\/www.pnas.org\/content\/early\/2015\/10\/16\/1510835112.full.pdf\">The mitochondrial monothiol glutaredoxin S15 is essential for iron-sulfur protein maturation in Arabidopsis thaliana<\/a>.\u00a0A Moseler, I Aller, S Wagner, T Nietzel, J Przybyla-Toscano, U M\u00fchlenhoff, &#8230; Proceedings of the National Academy of Sciences, 201510835<\/li>\n<li style=\"text-align: justify;\"><a href=\"http:\/\/journals.iucr.org\/d\/issues\/2015\/11\/00\/xo0021\/index.html\">History and Philosophy of Biology<\/a>. By Robert Kretsinger. World Scientific, 2015. Pp. 364. JP Jacquot. Acta crystallographica section D.<\/li>\n<li style=\"text-align: justify;\"><a class=\"gsc_a_at\" href=\"http:\/\/link.springer.com\/article\/10.1007\/s11104-015-2557-7\">Study of nitrogen and carbon transfer from soil organic matter to Tuber melanosporum mycorrhizas and ascocarps using 15N and 13C soil labelling and whole-genome oligoarrays<\/a>\u00a0F Le Tacon, B Zeller, C Plain, C Hossann, C Br\u00e9chet, F Martin, A Kohler, &#8230; Plant and Soil 395 (1-2), 351-373<\/li>\n<li style=\"text-align: justify;\"><a href=\"http:\/\/onlinelibrary.wiley.com\/doi\/10.1111\/nph.13722\/full\">Ectomycorrhizal fungi decompose soil organic matter using oxidative mechanisms adapted from saprotrophic ancestors.<\/a>\u00a0F Shah, C Nicol\u00e1s, J Bentzer, M Ellstr\u00f6m, M Smits, F Rineau, B Canb\u00e4ck, &#8230; New Phytologist<\/li>\n<li style=\"text-align: justify;\"><span class=\"publication-title js-publication-title\"><a href=\"http:\/\/www.cell.com\/trends\/microbiology\/abstract\/S0966-842X(15)00230-9\">The Mineralosphere Concept: Mineralogical Control of the Distribution and Function of Mineral-associated Bacterial Communities<\/a>. S. Uroz,\u00a0L. Kelly,\u00a0MP Turpault,\u00a0C Lepleux,\u00a0P Frey-Klett. Trends in Microbiology.<\/span><\/li>\n<li style=\"text-align: justify;\"><a class=\"gsc_a_at\" href=\"http:\/\/journal.frontiersin.org\/article\/10.3389\/fpls.2015.01051\/abstract\">Effector-mining in the poplar rust fungus Melampsora larici populina secretome<\/a>.\u00a0C Lorrain, A Hecker, S Duplessis. Frontiers in Plant Science 6, 1051<\/li>\n<li style=\"text-align: justify;\"><a href=\"http:\/\/journal.frontiersin.org\/article\/10.3389\/fmicb.2015.01278\/abstract\">Comparative Analysis of secretomes from ectomycorrhizal fungi with emphasis on small-secreted proteins<\/a>. C. Pellegrin, E Morin, F Martin, C Veneault-Fourrey. Frontiers in Microbiology.10.3389\/fmicb.2015.01278<\/li>\n<li style=\"text-align: justify;\"><a href=\"http:\/\/mbe.oxfordjournals.org\/content\/early\/2015\/12\/10\/molbev.msv337.abstract\">Comparative genomics of early-diverging mushroom-forming fungi provides insights into the origins of lignocellulose decay capabilities<\/a><a class=\"gsc_a_at\" href=\"https:\/\/scholar.google.com\/citations?view_op=view_citation&amp;hl=en&amp;user=1BZ2sa0AAAAJ&amp;sortby=pubdate&amp;citation_for_view=1BZ2sa0AAAAJ:nPTYJWkExTIC\">.<\/a>\u00a0LG Nagy, R Riley, A Tritt, C Adam, C Daum, D Floudas, H Sun, JS Yadav, &#8230; Molecular Biology and Evolution, msv337<\/li>\n<li style=\"text-align: justify;\"><a class=\"gsc_a_at\" href=\"http:\/\/www.biochemj.org\/content\/early\/2015\/12\/23\/BJ20151147.abstract\">Insights into ascorbate regeneration in plants: investigating the redox and structural properties of dehydroascorbate reductases from Populus trichocarpa<\/a>.\u00a0PA Lallement, T Roret, P Tsan, JM Gualberto, JM Girardet, &#8230; Biochemical Journal, BJ20151147<\/li>\n<\/ol>\n","protected":false},"excerpt":{"rendered":"<p>Evolving insights to understanding mycorrhizas.\u00a0IA Dickie, I Alexander, S Lennon, M \u00d6pik, MA Selosse, MGA Heijden, &#8230; New Phytologist 205 (4), 1369-1374 Mycorrhizal ecology and evolution: the past, the present, and the future\u00a0MGA Heijden, FM Martin, MA Selosse, IR Sanders. &hellip; <a href=\"https:\/\/mycor.iam.inrae.fr\/IAM\/?page_id=5893\">Continue reading <span class=\"meta-nav\">&rarr;<\/span><\/a><\/p>\n","protected":false},"author":2,"featured_media":0,"parent":318,"menu_order":0,"comment_status":"closed","ping_status":"open","template":"","meta":{"footnotes":""},"class_list":["post-5893","page","type-page","status-publish","hentry"],"_links":{"self":[{"href":"https:\/\/mycor.iam.inrae.fr\/IAM\/index.php?rest_route=\/wp\/v2\/pages\/5893","targetHints":{"allow":["GET"]}}],"collection":[{"href":"https:\/\/mycor.iam.inrae.fr\/IAM\/index.php?rest_route=\/wp\/v2\/pages"}],"about":[{"href":"https:\/\/mycor.iam.inrae.fr\/IAM\/index.php?rest_route=\/wp\/v2\/types\/page"}],"author":[{"embeddable":true,"href":"https:\/\/mycor.iam.inrae.fr\/IAM\/index.php?rest_route=\/wp\/v2\/users\/2"}],"replies":[{"embeddable":true,"href":"https:\/\/mycor.iam.inrae.fr\/IAM\/index.php?rest_route=%2Fwp%2Fv2%2Fcomments&post=5893"}],"version-history":[{"count":0,"href":"https:\/\/mycor.iam.inrae.fr\/IAM\/index.php?rest_route=\/wp\/v2\/pages\/5893\/revisions"}],"up":[{"embeddable":true,"href":"https:\/\/mycor.iam.inrae.fr\/IAM\/index.php?rest_route=\/wp\/v2\/pages\/318"}],"wp:attachment":[{"href":"https:\/\/mycor.iam.inrae.fr\/IAM\/index.php?rest_route=%2Fwp%2Fv2%2Fmedia&parent=5893"}],"curies":[{"name":"wp","href":"https:\/\/api.w.org\/{rel}","templated":true}]}}