{"id":6158,"date":"2016-03-01T13:14:06","date_gmt":"2016-03-01T13:14:06","guid":{"rendered":"https:\/\/mycor.iam.inrae.fr\/IAM\/?page_id=6158"},"modified":"2025-01-19T11:06:31","modified_gmt":"2025-01-19T11:06:31","slug":"research-teams","status":"publish","type":"page","link":"https:\/\/mycor.iam.inrae.fr\/IAM\/?page_id=6158","title":{"rendered":"Organization and Research teams"},"content":{"rendered":"<p style=\"text-align: justify;\"><a href=\"https:\/\/mycor.iam.inrae.fr\/IAM\/?page_id=2255\"><strong><img loading=\"lazy\" decoding=\"async\" class=\"wp-image-1686 alignright\" src=\"https:\/\/mycor.iam.inrae.fr\/IAM\/wp-content\/uploads\/2013\/01\/Drapeau_francais.jpg\" alt=\"Drapeau_francais\" width=\"21\" height=\"13\" srcset=\"https:\/\/mycor.iam.inrae.fr\/IAM\/wp-content\/uploads\/2013\/01\/Drapeau_francais.jpg 661w, https:\/\/mycor.iam.inrae.fr\/IAM\/wp-content\/uploads\/2013\/01\/Drapeau_francais-300x182.jpg 300w, https:\/\/mycor.iam.inrae.fr\/IAM\/wp-content\/uploads\/2013\/01\/Drapeau_francais-493x300.jpg 493w\" sizes=\"auto, (max-width: 21px) 100vw, 21px\" \/><\/strong><\/a>The Joint <strong>Research Department (In French, UMR) 1136 Tree-Microbe Interactions <\/strong>is part of the Laboratory of Excellence for<b> A<\/b>dvanced <b>R<\/b>esearch on the <b>B<\/b>iology of T<b>R<\/b>ee and Forest <b>E<\/b>cosystems (<b>ARBRE<\/b>). It is under the double tutelage of INRAE and Universit\u00e9 de Lorraine.<\/p>\n<p><img loading=\"lazy\" decoding=\"async\" class=\"aligncenter size-large wp-image-6947\" src=\"https:\/\/mycor.iam.inrae.fr\/IAM\/wp-content\/uploads\/2016\/03\/Photo-groupe-UMR-07-07-16-reduit-1024x598.jpg\" alt=\"Photo groupe UMR 07-07-16 - reduit\" width=\"584\" height=\"341\" srcset=\"https:\/\/mycor.iam.inrae.fr\/IAM\/wp-content\/uploads\/2016\/03\/Photo-groupe-UMR-07-07-16-reduit-1024x598.jpg 1024w, https:\/\/mycor.iam.inrae.fr\/IAM\/wp-content\/uploads\/2016\/03\/Photo-groupe-UMR-07-07-16-reduit-300x175.jpg 300w, https:\/\/mycor.iam.inrae.fr\/IAM\/wp-content\/uploads\/2016\/03\/Photo-groupe-UMR-07-07-16-reduit-768x448.jpg 768w, https:\/\/mycor.iam.inrae.fr\/IAM\/wp-content\/uploads\/2016\/03\/Photo-groupe-UMR-07-07-16-reduit-500x292.jpg 500w\" sizes=\"auto, (max-width: 584px) 100vw, 584px\" \/><\/p>\n<p>The present Head of the departement (DU) is Pascal FREY (DR INRAE), who is assisted by two Deputy Directors (DUAs): Claire Veneault-Fourrey (DR INRAE) and Arnaud Hecker (Prof. Universit\u00e9 de Lorraine).<\/p>\n<p><em><a href=\"https:\/\/mycor.iam.inrae.fr\/IAM\/?page_id=226\" target=\"_blank\" rel=\"noopener noreferrer\">Direction and administrative sections<\/a><\/em><\/p>\n<p style=\"text-align: justify;\">The Department is composed of<strong> four functional research teams<\/strong> that are under the supervision of B\u00e9n\u00e9dicte Fabre, Marc Bu\u00e9e and Pascale Frey Klett (INRAE campus of Champenoux), M\u00e9lanie Morel-Rouhier (Universit\u00e9 de Lorraine campus at Vandoeuvre-l\u00e8s-Nancy):<\/p>\n<ul>\n<li><strong><a href=\"https:\/\/mycor.iam.inrae.fr\/IAM\/?page_id=219\" target=\"_blank\" rel=\"noopener noreferrer\">Ecogenomics of interactions team<\/a><\/strong> managed by Marc Bu\u00e9e, located on the <em><a href=\"http:\/\/www.nancy.inra.fr\/\"> Campus INRAE of Nancy-Lorraine<\/a><\/em>\u00a0at Champenoux<\/li>\n<li><strong><a href=\"https:\/\/mycor.iam.inrae.fr\/IAM\/?page_id=224\" target=\"_blank\" rel=\"noopener noreferrer\">Ecology of forest pathogenic fungi team<\/a><\/strong> managed by B\u00e9n\u00e9dicte Fabre, located on the <em><a href=\"http:\/\/www.nancy.inra.fr\/\"> Campus INRAE of Nancy-Lorraine<\/a><\/em>\u00a0at Champenoux<\/li>\n<li><a href=\"https:\/\/mycor.iam.inrae.fr\/IAM\/?page_id=12425\"><strong>Tous chercheur team<\/strong><\/a> managed by Pascale Frey Klett, located on the <em><a href=\"http:\/\/www.nancy.inra.fr\/\"> Campus INRAE of Nancy-Lorraine<\/a><\/em>\u00a0at Champenoux<\/li>\n<li><a href=\"https:\/\/mycor.iam.inrae.fr\/IAM\/?page_id=17\" target=\"_blank\" rel=\"noopener noreferrer\"><strong>Stress response and redox regulation team<\/strong><\/a> managed by M\u00e9lanie Morel-Rouhier, located on the <em><a href=\"http:\/\/www.univ-lorraine.fr\/content\/facult\u00e9-des-sciences-et-technologies\">Universit\u00e9 de Lorraine<\/a><\/em> campus (in french : Facult\u00e9 des Sciences et Technologies)\u00a0 at Vandoeuvre-l\u00e8s-Nancy<\/li>\n<\/ul>\n<p style=\"text-align: right;\">\n","protected":false},"excerpt":{"rendered":"<p>The Joint Research Department (In French, UMR) 1136 Tree-Microbe Interactions is part of the Laboratory of Excellence for Advanced Research on the Biology of TRee and Forest Ecosystems (ARBRE). It is under the double tutelage of INRAE and Universit\u00e9 de &hellip; <a href=\"https:\/\/mycor.iam.inrae.fr\/IAM\/?page_id=6158\">Continue reading <span class=\"meta-nav\">&rarr;<\/span><\/a><\/p>\n","protected":false},"author":7,"featured_media":0,"parent":0,"menu_order":0,"comment_status":"closed","ping_status":"open","template":"","meta":{"footnotes":""},"class_list":["post-6158","page","type-page","status-publish","hentry"],"_links":{"self":[{"href":"https:\/\/mycor.iam.inrae.fr\/IAM\/index.php?rest_route=\/wp\/v2\/pages\/6158","targetHints":{"allow":["GET"]}}],"collection":[{"href":"https:\/\/mycor.iam.inrae.fr\/IAM\/index.php?rest_route=\/wp\/v2\/pages"}],"about":[{"href":"https:\/\/mycor.iam.inrae.fr\/IAM\/index.php?rest_route=\/wp\/v2\/types\/page"}],"author":[{"embeddable":true,"href":"https:\/\/mycor.iam.inrae.fr\/IAM\/index.php?rest_route=\/wp\/v2\/users\/7"}],"replies":[{"embeddable":true,"href":"https:\/\/mycor.iam.inrae.fr\/IAM\/index.php?rest_route=%2Fwp%2Fv2%2Fcomments&post=6158"}],"version-history":[{"count":3,"href":"https:\/\/mycor.iam.inrae.fr\/IAM\/index.php?rest_route=\/wp\/v2\/pages\/6158\/revisions"}],"predecessor-version":[{"id":12910,"href":"https:\/\/mycor.iam.inrae.fr\/IAM\/index.php?rest_route=\/wp\/v2\/pages\/6158\/revisions\/12910"}],"wp:attachment":[{"href":"https:\/\/mycor.iam.inrae.fr\/IAM\/index.php?rest_route=%2Fwp%2Fv2%2Fmedia&parent=6158"}],"curies":[{"name":"wp","href":"https:\/\/api.w.org\/{rel}","templated":true}]}}