{"id":6308,"date":"2016-05-03T08:04:11","date_gmt":"2016-05-03T08:04:11","guid":{"rendered":"https:\/\/mycor.iam.inrae.fr\/IAM\/?page_id=6308"},"modified":"2022-02-21T10:10:07","modified_gmt":"2022-02-21T10:10:07","slug":"former-members-2016","status":"publish","type":"page","link":"https:\/\/mycor.iam.inrae.fr\/IAM\/?page_id=6308","title":{"rendered":"Former members 2016"},"content":{"rendered":"<h1>POST-DOCTORAL RESEARCHERS<\/h1>\n<ul>\n<li>Erwin SENTAUSA , Ecogenomics of interactions team, 2014-2016<\/li>\n<li>Yohann DAGUERRE, Ecogenomics of interactions team, 2014-2016<\/li>\n<li>Joske RUYTINX, Ecogenomics of interactions team, 2014-2016<\/li>\n<li>Herminia DE LA VARGA, Ecogenomics of interactions team, 2013-2016<\/li>\n<li>Yannick COLIN, Ecogenomics of interactions team, 2014-2016<\/li>\n<li>Thomas RORET, Stress response and redox regulation, 2014-2016<\/li>\n<\/ul>\n<p><span style=\"text-decoration: underline;\">Scientific stays<\/span>:<\/p>\n<ul>\n<li>Hairu JIN, coming from Jiangnan University, China 09\/15-09<\/li>\n<li>Joey SPATAFORA, coming from from Oregon State University (OSU), 09\/15-03\/16<\/li>\n<li>Lo\u00efda LOPEZ, coming from University Rovira i Virgili, Spain 02-03\/16<\/li>\n<\/ul>\n<h1>PhD STUDENTS &amp; ATER:<\/h1>\n<ul>\n<li>Cl\u00e9ment PELLEGRIN, Ecogenomics of interactions team, 2012-2016<\/li>\n<li>D\u00e9sir\u00e9 GUTLE, Stress response and redox regulation, 2013-2016<\/li>\n<\/ul>\n<p><span style=\"text-decoration: underline;\">Short term stays<\/span>:<\/p>\n<ul>\n<li>Juan CHEN (PhD student), coming from Institute of\u00a0Medicinal\u00a0Plant Development, Chinese Academy of Medical Sciences, China, 03\/15-03\/16<\/li>\n<\/ul>\n<h1>ENGINEERS and TECHNICIANS<\/h1>\n<p><span style=\"text-decoration: underline;\">Short term staff<\/span>:<\/p>\n<ul>\n<li>Mehdi MAAROUGI (technician) 09-10\/2016<\/li>\n<li>Camille COMMUNAL (technician) 07-09\/2016<\/li>\n<li>Emilie HOSCHEIT (BTS gestion foresti\u00e8re work-study) 09\/2014-09\/2016<\/li>\n<li>Myriam DELARUELLE (engineer assistant) 06-08\/2016<\/li>\n<li>Cl\u00e9ment RIEUX (technician) 06-07\/2016<\/li>\n<li>Fran\u00e7ois RITTIE (technician) 06-07\/2016<\/li>\n<li>Sol\u00e8ne TELLIEZ 10\/2015-06\/2016<\/li>\n<\/ul>\n<h1>STUDENTS INTERNSHIPS:<\/h1>\n<ul>\n<li><span style=\"text-decoration: underline;\">Master and engineer school internships<\/span>:<br \/>\nClaire LETANNEUR (Bachelor, coming from University of Qu\u00e9bec), Marie-Ange MASSICOTTE (Bachelor, coming from University of Qu\u00e9bec), Davide FINELLI (Master), Aur\u00e9lien SCHWEITZER (Master), Julie RUCH (engineer school), Aur\u00e9lie BACKES (M1), Amrane CHABANE CHAOUCHE (M1), Laura MEYER (M1), Thibaut PETIT (M1), Maxime SALOT (M2), Bertrand EVEN (M1), Fran\u00e7ois JOUSSEMET (Ing. Supagro), Valentin LEDUC (Ing. INSTOM), D\u00e9sir\u00e9 GUTLE (<\/li>\n<\/ul>\n<ul>\n<li><span style=\"text-decoration: underline;\">Licence, BTS and other internships<\/span>:<br \/>\nS\u00e9bastien TORRES (licence Pro) Clo\u00e9 THOIRAIN (BTS), Bernadette-Acha ANTOINE (BTS), Samantha VILLERMAIN (BTS), Alicia ANCELIN (BTS), Marie FREJAVILLE (IUT), Elodie GONIS (L3), Delphine NOEL (L2), Even BERTRAND (stage)<\/li>\n<\/ul>\n","protected":false},"excerpt":{"rendered":"<p>POST-DOCTORAL RESEARCHERS Erwin SENTAUSA , Ecogenomics of interactions team, 2014-2016 Yohann DAGUERRE, Ecogenomics of interactions team, 2014-2016 Joske RUYTINX, Ecogenomics of interactions team, 2014-2016 Herminia DE LA VARGA, Ecogenomics of interactions team, 2013-2016 Yannick COLIN, Ecogenomics of interactions team, 2014-2016 &hellip; <a href=\"https:\/\/mycor.iam.inrae.fr\/IAM\/?page_id=6308\">Continue reading <span class=\"meta-nav\">&rarr;<\/span><\/a><\/p>\n","protected":false},"author":7,"featured_media":0,"parent":1343,"menu_order":0,"comment_status":"closed","ping_status":"open","template":"","meta":{"footnotes":""},"class_list":["post-6308","page","type-page","status-publish","hentry"],"_links":{"self":[{"href":"https:\/\/mycor.iam.inrae.fr\/IAM\/index.php?rest_route=\/wp\/v2\/pages\/6308","targetHints":{"allow":["GET"]}}],"collection":[{"href":"https:\/\/mycor.iam.inrae.fr\/IAM\/index.php?rest_route=\/wp\/v2\/pages"}],"about":[{"href":"https:\/\/mycor.iam.inrae.fr\/IAM\/index.php?rest_route=\/wp\/v2\/types\/page"}],"author":[{"embeddable":true,"href":"https:\/\/mycor.iam.inrae.fr\/IAM\/index.php?rest_route=\/wp\/v2\/users\/7"}],"replies":[{"embeddable":true,"href":"https:\/\/mycor.iam.inrae.fr\/IAM\/index.php?rest_route=%2Fwp%2Fv2%2Fcomments&post=6308"}],"version-history":[{"count":0,"href":"https:\/\/mycor.iam.inrae.fr\/IAM\/index.php?rest_route=\/wp\/v2\/pages\/6308\/revisions"}],"up":[{"embeddable":true,"href":"https:\/\/mycor.iam.inrae.fr\/IAM\/index.php?rest_route=\/wp\/v2\/pages\/1343"}],"wp:attachment":[{"href":"https:\/\/mycor.iam.inrae.fr\/IAM\/index.php?rest_route=%2Fwp%2Fv2%2Fmedia&parent=6308"}],"curies":[{"name":"wp","href":"https:\/\/api.w.org\/{rel}","templated":true}]}}