{"id":710,"date":"2013-03-31T19:13:41","date_gmt":"2013-03-31T19:13:41","guid":{"rendered":"https:\/\/mycor.iam.inrae.fr\/IAM\/?page_id=710"},"modified":"2021-08-27T12:58:56","modified_gmt":"2021-08-27T12:58:56","slug":"kohler-a","status":"publish","type":"page","link":"https:\/\/mycor.iam.inrae.fr\/IAM\/?page_id=710","title":{"rendered":"Kohler Annegret"},"content":{"rendered":"<p style=\"text-align: justify;\"><strong><a href=\"https:\/\/mycor.iam.inrae.fr\/IAM\/?attachment_id=3030\" rel=\"attachment wp-att-3030\"><img loading=\"lazy\" decoding=\"async\" class=\"alignnone size-medium wp-image-3030\" src=\"https:\/\/mycor.iam.inrae.fr\/IAM\/wp-content\/uploads\/2013\/03\/Photo-du-60056307-10-a\u0300-16.40-300x225.jpg\" alt=\"Photo du 60056307-10- a\u0300 16.40\" width=\"300\" height=\"225\" srcset=\"https:\/\/mycor.iam.inrae.fr\/IAM\/wp-content\/uploads\/2013\/03\/Photo-du-60056307-10-a\u0300-16.40-300x225.jpg 300w, https:\/\/mycor.iam.inrae.fr\/IAM\/wp-content\/uploads\/2013\/03\/Photo-du-60056307-10-a\u0300-16.40-400x300.jpg 400w, https:\/\/mycor.iam.inrae.fr\/IAM\/wp-content\/uploads\/2013\/03\/Photo-du-60056307-10-a\u0300-16.40.jpg 640w\" sizes=\"auto, (max-width: 300px) 100vw, 300px\" \/><\/a><\/strong><\/p>\n<p style=\"text-align: justify;\"><strong>Contact<\/strong><\/p>\n<p>Phone: +33 (0)3 83 39 40 72<br \/>\nFax: +33 (0)3 83 39 40 69<br \/>\ne-mail: annegret.kohler@inra.fr<\/p>\n<p>I received my Ph.D. in plant physiology from the University of Kaiserslautern, Germany, in 1996. During my postdoctoral research, I was first interested in benzothiadiazole-induced priming in <em>Arabidopsis<\/em> spp. and the priming activity of oligosaccharides from marine algae. I started to work on ectomycorrhizal interactions in 2000. Since 2006, I\u2019m research engineer at the French National Institute for Agricultural Research (INRA) in Nancy, France and responsable for the <a href=\"https:\/\/mycor.iam.inrae.fr\/IAM\/?page_id=6365\">ecogenomics platform<\/a>. My research interests mainly focus on comparative genomics and transcriptomics of mycorrhizal interactions to understand their evolution and function.<\/p>\n<p><strong>Publications<\/strong><\/p>\n<p>Complete list via Google Scholar:<\/p>\n<p><a href=\"https:\/\/scholar.google.fr\/citations?user=SfIO43cAAAAJ&amp;hl=fr\">Google Scholar<\/a><\/p>\n<p><strong>Selected Publications:<\/strong><\/p>\n<p><a href=\"http:\/\/www.nature.com\/nrmicro\/journal\/vaop\/ncurrent\/full\/nrmicro.2016.149.html\">Unearthing the roots of ectomycorrhizal symbioses<\/a>\u00a0F Martin, A Kohler, C Murat, C Veneault-Fourrey, DS Hibbett Nature Reviews Microbiology<\/p>\n<p><a href=\"http:\/\/www.nature.com\/ncomms\/2016\/160907\/ncomms12662\/full\/ncomms12662.html\">Ectomycorrhizal ecology is imprinted in the genome of the dominant symbiotic fungus Cenococcum geophilum<\/a>\u00a0M Peter, A Kohler, RA Ohm, A Kuo, J Kr\u00fctzmann, E Morin, M Arend, \u2026\u00a0Nature Communications 7, 12662<\/p>\n<p><a href=\"http:\/\/www.nature.com\/ng\/journal\/vaop\/ncurrent\/full\/ng.3223.html\">Convergent losses of decay mechanisms and rapid turnover of symbiosis genes in mycorrhizal mutualists\u00a0<\/a>A Kohler, A Kuo, LG Nagy, E Morin, KW Barry, F Buscot, B Canb\u00e4ck, \u2026Nature Genetics<\/p>\n<p><a href=\"http:\/\/onlinelibrary.wiley.com\/doi\/10.1111\/nph.13546\/abstract;jsessionid=7A2628106C481619E72B9788BCD420B8.f03t03?userIsAuthenticated=false&amp;deniedAccessCustomisedMessage=\">Comparative genomics, proteomics and transcriptomics give new insight into the exoproteome of the basidiomycete Hebeloma cylindrosporum and its involvement in ectomycorrhizal symbiosis<\/a>\u00a0J Dor\u00e9, M Perraud, C Dieryckx, A Kohler, E Morin, B Henrissat, \u2026New Phytologist<\/p>\n<p><a href=\"http:\/\/onlinelibrary.wiley.com\/doi\/10.1111\/nph.13103\/abstract;jsessionid=B37862E86C502A260AD7D04BFBD3DA71.f01t01?deniedAccessCustomisedMessage=&amp;userIsAuthenticated=false\">The effect of elevated carbon dioxide on the interaction between Eucalyptus grandis and diverse isolates of Pisolithus sp. is associated with a complex shift in the root transcriptome<\/a>\u00a0JM Plett, A Kohler, A Khachane, K Keniry, KL Plett, F Martin, IC Anderson. New Phytologist<\/p>\n<p><a href=\"http:\/\/scholar.google.com\/citations?view_op=view_citation&amp;hl=fr&amp;user=1BZ2sa0AAAAJ&amp;sortby=pubdate&amp;citation_for_view=1BZ2sa0AAAAJ:YB4bud6kWLwC\">The mutualist Laccaria bicolor expresses a core gene regulon during the colonization of diverse host plants and a variable regulon to counteract host-specific defenses<\/a>\u00a0JM Plett, E Tisserant, A Brun, E Morin, IV Grigoriev, A Kuo, FM Martin, \u2026 Molecular Plant-Microbe Interactions<\/p>\n<p><a href=\"http:\/\/www.pnas.org\/content\/early\/2014\/05\/20\/1322671111.short\">Effector MiSSP7 of the mutualistic fungus Laccaria bicolor stabilizes the Populus JAZ6 protein and represses jasmonic acid (JA) responsive genes<\/a>.\u00a0JM Plett, Y Daguerre, S Wittulsky, A Vayssi\u00e8res, A Deveau, SJ Melton, \u2026Proceedings of the National Academy of Sciences,<\/p>\n<p><a href=\"http:\/\/www.pnas.org\/content\/early\/2013\/11\/21\/1313452110.abstract\">The genome of an arbuscular mycorrhizal fungus provides insights into the oldest plant symbiosis<\/a>. E Tisserant, M Malbreil, A Kuo, A Kohler, et al. Proceedings of the National Academy of Sciences<\/p>\n<p><a href=\"http:\/\/onlinelibrary.wiley.com\/doi\/10.1111\/1462-2920.12080\/full\">Laser microdissection and microarray analysis of\u00a0<em>Tuber melanosporum<\/em>\u00a0ectomycorrhizas reveal functional heterogeneity between mantle and Hartig net compartments<\/a>.\u00a0St\u00e9phane Hacquard, Emilie Tisserant, Annick Brun, Val\u00e9rie Legu\u00e9, Francis Martin, Annegret Kohler. \u00a0Environmental Microbiology<\/p>\n<p><a href=\"http:\/\/scholar.google.com\/citations?view_op=view_citation&amp;hl=en&amp;user=1BZ2sa0AAAAJ&amp;cstart=20&amp;sortby=pubdate&amp;citation_for_view=1BZ2sa0AAAAJ:GFxP56DSvIMC\">The transcriptome of the arbuscular mycorrhizal fungus Glomus intraradices (DAOM 197198) reveals functional tradeoffs in an obligate symbiont<\/a>.\u00a0E Tisserant, A Kohler, P Dozolme\u2010Seddas, R Balestrini, K Benabdellah, A \u2026\u00a0New Phytologist 193 (3), 755-769<\/p>\n<p>The genome of Laccaria bicolor provides insights into mycorrhizal symbiosis. Nature. <strong>Martin F, Aerts A, Ahr\u00e9n D, Brun A, Danchin EG, Duchaussoy F, Gibon J, Kohler A, Lindquist E, Pereda V, Salamov A, Shapiro HJ, Wuyts J et al. <\/strong>2008.Mar 6;452(7183):88-92<\/p>\n<p>Genome-wide identification of NBS resistance genes in Populus trichocarpa <strong><a href=\"http:\/\/www.ncbi.nlm.nih.gov\/sites\/entrez?Db=pubmed&amp;Cmd=Search&amp;Term=%22Kohler%20A%22%5BAuthor%5D&amp;itool=EntrezSystem2.PEntrez.Pubmed.Pubmed_ResultsPanel.Pubmed_DiscoveryPanel.Pubmed_RVAbstractPlus\">Kohler A<\/a><\/strong><strong>, <a href=\"http:\/\/www.ncbi.nlm.nih.gov\/sites\/entrez?Db=pubmed&amp;Cmd=Search&amp;Term=%22Rinaldi%20C%22%5BAuthor%5D&amp;itool=EntrezSystem2.PEntrez.Pubmed.Pubmed_ResultsPanel.Pubmed_DiscoveryPanel.Pubmed_RVAbstractPlus\">Rinaldi C<\/a>, <a href=\"http:\/\/www.ncbi.nlm.nih.gov\/sites\/entrez?Db=pubmed&amp;Cmd=Search&amp;Term=%22Duplessis%20S%22%5BAuthor%5D&amp;itool=EntrezSystem2.PEntrez.Pubmed.Pubmed_ResultsPanel.Pubmed_DiscoveryPanel.Pubmed_RVAbstractPlus\">Duplessis S<\/a>, <a href=\"http:\/\/www.ncbi.nlm.nih.gov\/sites\/entrez?Db=pubmed&amp;Cmd=Search&amp;Term=%22Baucher%20M%22%5BAuthor%5D&amp;itool=EntrezSystem2.PEntrez.Pubmed.Pubmed_ResultsPanel.Pubmed_DiscoveryPanel.Pubmed_RVAbstractPlus\">Baucher M<\/a>, <a href=\"http:\/\/www.ncbi.nlm.nih.gov\/sites\/entrez?Db=pubmed&amp;Cmd=Search&amp;Term=%22Geelen%20D%22%5BAuthor%5D&amp;itool=EntrezSystem2.PEntrez.Pubmed.Pubmed_ResultsPanel.Pubmed_DiscoveryPanel.Pubmed_RVAbstractPlus\">Geelen D<\/a>, <a href=\"http:\/\/www.ncbi.nlm.nih.gov\/sites\/entrez?Db=pubmed&amp;Cmd=Search&amp;Term=%22Duchaussoy%20F%22%5BAuthor%5D&amp;itool=EntrezSystem2.PEntrez.Pubmed.Pubmed_ResultsPanel.Pubmed_DiscoveryPanel.Pubmed_RVAbstractPlus\">Duchaussoy F<\/a>, <a href=\"http:\/\/www.ncbi.nlm.nih.gov\/sites\/entrez?Db=pubmed&amp;Cmd=Search&amp;Term=%22Meyers%20BC%22%5BAuthor%5D&amp;itool=EntrezSystem2.PEntrez.Pubmed.Pubmed_ResultsPanel.Pubmed_DiscoveryPanel.Pubmed_RVAbstractPlus\">Meyers BC<\/a>, <a href=\"http:\/\/www.ncbi.nlm.nih.gov\/sites\/entrez?Db=pubmed&amp;Cmd=Search&amp;Term=%22Boerjan%20W%22%5BAuthor%5D&amp;itool=EntrezSystem2.PEntrez.Pubmed.Pubmed_ResultsPanel.Pubmed_DiscoveryPanel.Pubmed_RVAbstractPlus\">Boerjan W<\/a>, <a href=\"http:\/\/www.ncbi.nlm.nih.gov\/sites\/entrez?Db=pubmed&amp;Cmd=Search&amp;Term=%22Martin%20F%22%5BAuthor%5D&amp;itool=EntrezSystem2.PEntrez.Pubmed.Pubmed_ResultsPanel.Pubmed_DiscoveryPanel.Pubmed_RVAbstractPlus\">Martin F<\/a> <\/strong> 2008 <a><span style=\"text-decoration: underline;\">Plant Mol Biol.<\/span><\/a> Apr;66(6):619-36<\/p>\n<p>The genome of black cottonwood, Populus trichocarpa (Torr. &amp; Gray). <strong>Tuskan GA et al..<\/strong> 2006.Science. 313(5793):1596-604.<\/p>\n<p>Poplar Metal Tolerance Protein 1 confers\u00a0 zinc tolerance and is an oligomeric vacuolar zinc transporter with an essential leucine zipper motif. <strong>D. Blaudez, A. KOHLER, F. Martin, D. Sanders et M. Chalot<\/strong>. 2003.The Plant Cell 15 : 2911-2928<\/p>\n","protected":false},"excerpt":{"rendered":"<p>Contact Phone: +33 (0)3 83 39 40 72 Fax: +33 (0)3 83 39 40 69 e-mail: annegret.kohler@inra.fr I received my Ph.D. in plant physiology from the University of Kaiserslautern, Germany, in 1996. During my postdoctoral research, I was first interested &hellip; <a href=\"https:\/\/mycor.iam.inrae.fr\/IAM\/?page_id=710\">Continue reading <span class=\"meta-nav\">&rarr;<\/span><\/a><\/p>\n","protected":false},"author":2,"featured_media":0,"parent":850,"menu_order":0,"comment_status":"closed","ping_status":"closed","template":"","meta":{"footnotes":""},"class_list":["post-710","page","type-page","status-publish","hentry"],"_links":{"self":[{"href":"https:\/\/mycor.iam.inrae.fr\/IAM\/index.php?rest_route=\/wp\/v2\/pages\/710","targetHints":{"allow":["GET"]}}],"collection":[{"href":"https:\/\/mycor.iam.inrae.fr\/IAM\/index.php?rest_route=\/wp\/v2\/pages"}],"about":[{"href":"https:\/\/mycor.iam.inrae.fr\/IAM\/index.php?rest_route=\/wp\/v2\/types\/page"}],"author":[{"embeddable":true,"href":"https:\/\/mycor.iam.inrae.fr\/IAM\/index.php?rest_route=\/wp\/v2\/users\/2"}],"replies":[{"embeddable":true,"href":"https:\/\/mycor.iam.inrae.fr\/IAM\/index.php?rest_route=%2Fwp%2Fv2%2Fcomments&post=710"}],"version-history":[{"count":0,"href":"https:\/\/mycor.iam.inrae.fr\/IAM\/index.php?rest_route=\/wp\/v2\/pages\/710\/revisions"}],"up":[{"embeddable":true,"href":"https:\/\/mycor.iam.inrae.fr\/IAM\/index.php?rest_route=\/wp\/v2\/pages\/850"}],"wp:attachment":[{"href":"https:\/\/mycor.iam.inrae.fr\/IAM\/index.php?rest_route=%2Fwp%2Fv2%2Fmedia&parent=710"}],"curies":[{"name":"wp","href":"https:\/\/api.w.org\/{rel}","templated":true}]}}