{"id":781,"date":"2013-04-03T19:06:43","date_gmt":"2013-04-03T19:06:43","guid":{"rendered":"https:\/\/mycor.iam.inrae.fr\/IAM\/?page_id=781"},"modified":"2013-11-24T10:50:35","modified_gmt":"2013-11-24T10:50:35","slug":"2012-2","status":"publish","type":"page","link":"https:\/\/mycor.iam.inrae.fr\/IAM\/?page_id=781","title":{"rendered":"Publications 2012"},"content":{"rendered":"<ol>\n<li style=\"text-align: justify;\"><a href=\"http:\/\/scholar.google.fr\/citations?view_op=view_citation&amp;hl=fr&amp;user=u0KB0xMAAAAJ&amp;sortby=pubdate&amp;citation_for_view=u0KB0xMAAAAJ:vV6vV6tmYwMC\">Affinity chromatography: a valuable strategy to isolate substrates of methionine sulfoxide reductases<\/a>\u00a0L Tarrago, S Kieffer-Jaquinod, T Lamant, M Marcellin, J Garin, N Rouhier, P Rey.\u00a0Antioxidants &amp; redox signaling 16 (1), 79-84<\/li>\n<li style=\"text-align: justify;\"><a href=\"http:\/\/scholar.google.com\/citations?view_op=view_citation&amp;hl=en&amp;user=1BZ2sa0AAAAJ&amp;sortby=pubdate&amp;citation_for_view=1BZ2sa0AAAAJ:rmuvC79q63oC\">A comprehensive analysis of genes encoding small secreted proteins identifies candidate effectors in Melampsora larici-populina (poplar leaf rust)<\/a>.\u00a0S Hacquard, DL Joly, YC Lin, E Tisserant, N Feau, C Delaruelle, V Legu\u00e9, A &#8230;\u00a0Molecular Plant-Microbe Interactions 25 (3), 279-293<\/li>\n<li style=\"text-align: justify;\"><a href=\"http:\/\/scholar.google.fr\/citations?view_op=view_citation&amp;hl=fr&amp;user=u0KB0xMAAAAJ&amp;sortby=pubdate&amp;citation_for_view=u0KB0xMAAAAJ:bFI3QPDXJZMC\">Atypical thioredoxins in poplar: the glutathione-dependent thioredoxin-like 2.1 supports the activity of target enzymes possessing a single redox active cysteine<\/a>.K Chibani, L Tarrago, JM Gualberto, G Wingsle, P Rey, JP Jacquot, N Rouhier.\u00a0Plant physiology 159 (2), 592-605<\/li>\n<li style=\"text-align: justify;\"><a href=\"http:\/\/scholar.google.com\/citations?view_op=view_citation&amp;hl=en&amp;user=1BZ2sa0AAAAJ&amp;sortby=pubdate&amp;citation_for_view=1BZ2sa0AAAAJ:4X0JR2_MtJMC\">Beech roots are simultaneously colonized by multiple genets of the ectomycorrhizal fungus Laccaria amethystina clustered in two genetic groups<\/a>.\u00a0S Hortal, LK Trocha, C Murat, IJ Chybicki, M Bu\u00e9e, M Trojankiewicz, J &#8230;\u00a0Molecular Ecology 21 (9), 2116-2129<\/li>\n<li style=\"text-align: justify;\"><a href=\"http:\/\/scholar.google.com\/citations?view_op=view_citation&amp;hl=en&amp;user=eUEKPngAAAAJ&amp;sortby=pubdate&amp;citation_for_view=eUEKPngAAAAJ:JV2RwH3_ST0C\">Breeding poplars with durable resistance to Melampsora larici-populina leaf rust: a multidisciplinary approach to understand and delay pathogen adaptation<\/a>.\u00a0VJ Dowkiw, M Villar, E Voisin, V Gu\u00e9rin, P Faivre-Rampant, A Bresson, F &#8230;Proceedings of the fourth international workshop on the genetics of host-parasite interactions in forestry: Disease and insect resistance in forest trees.<\/li>\n<li style=\"text-align: justify;\"><a href=\"http:\/\/scholar.google.fr\/citations?view_op=view_citation&amp;hl=fr&amp;user=-rQVZsQAAAAJ&amp;sortby=pubdate&amp;citation_for_view=-rQVZsQAAAAJ:ILKRHgRFtOwC\">Characterization of a Phanerochaete chrysosporium glutathione transferase reveals a novel structural and functional class with ligandin properties<\/a>.\u00a0Y Mathieu, P Prosper, M Bu\u00e9e, S Dumar\u00e7ay, F Favier, E Gelhaye, P G\u00e9rardin, L &#8230;\u00a0Journal of Biological Chemistry 287 (46), 39001-39011<\/li>\n<li style=\"text-align: justify;\"><a href=\"http:\/\/scholar.google.com\/citations?view_op=view_citation&amp;hl=en&amp;user=1BZ2sa0AAAAJ&amp;sortby=pubdate&amp;citation_for_view=1BZ2sa0AAAAJ:QD3KBmkZPeQC\">Characterization of transposable elements in the ectomycorrhizal fungus Laccaria bicolor<\/a>.\u00a0J Labbe, C Murat, E Morin, GA Tuskan, F Le Tacon, F Martin.\u00a0PLoS One 7 (8), e40197<\/li>\n<li style=\"text-align: justify;\"><a href=\"http:\/\/scholar.google.com\/citations?view_op=view_citation&amp;hl=en&amp;user=1BZ2sa0AAAAJ&amp;cstart=20&amp;sortby=pubdate&amp;citation_for_view=1BZ2sa0AAAAJ:uDGL6kOW6j0C\">Communication Between Plant, Ectomycorrhizal Fungi and Helper Bacteria<\/a>.\u00a0A Deveau, JM Plett, V Legu\u00e9, P Frey-Klett, F Martin.\u00a0Biocommunication of Fungi, 229-247<\/li>\n<li style=\"text-align: justify;\"><a href=\"http:\/\/scholar.google.com\/citations?view_op=view_citation&amp;hl=en&amp;user=wPyOffoAAAAJ&amp;sortby=pubdate&amp;citation_for_view=wPyOffoAAAAJ:pYKElYtJMmwC\">Correlation of the abundance of betaproteobacteria on mineral surfaces with mineral weathering in forest soils<\/a>.\u00a0C Lepleux, MP Turpault, P Oger, P Frey-Klett, S Uroz.\u00a0Applied and environmental microbiology 78 (19), 7114-7119<\/li>\n<li style=\"text-align: justify;\"><a href=\"http:\/\/scholar.google.com\/citations?view_op=view_citation&amp;hl=en&amp;user=1BZ2sa0AAAAJ&amp;cstart=20&amp;sortby=pubdate&amp;citation_for_view=1BZ2sa0AAAAJ:LdasjJ6CEcoC\">De-Constructing a Mutualist: How the Molecular Blueprints of Model Symbiotic Fungi Are Changing Our Understanding of Mutualism<\/a>.\u00a0JM Plett, A Kohler, F Martin.\u00a0Fungal Associations, 93-117<\/li>\n<li style=\"text-align: justify;\"><a href=\"http:\/\/scholar.google.fr\/citations?view_op=view_citation&amp;hl=fr&amp;user=tgYrvTUAAAAJ&amp;sortby=pubdate&amp;citation_for_view=tgYrvTUAAAAJ:ULOm3_A8WrAC\">Development and use of new sensitive molecular tools for diagnosis and detection of Melampsora rusts on cultivated poplar<\/a>.\u00a0C Husson, R Ioos, A Andrieux, P Frey.\u00a0Forest Pathology<\/li>\n<li style=\"text-align: justify;\"><a href=\"http:\/\/scholar.google.fr\/citations?view_op=view_citation&amp;hl=fr&amp;user=qrOM-zoAAAAJ&amp;sortby=pubdate&amp;citation_for_view=qrOM-zoAAAAJ:Wp0gIr-vW9MC\">Disentangling the genetic origins of a plant pathogen during disease spread using an original molecular epidemiology approach<\/a>.\u00a0C XHAARD, B BARR\u00c8S, A ANDRIEUX, L BOUSSET, F HALKETT, P FREY.\u00a0Molecular Ecology<\/li>\n<li style=\"text-align: justify;\"><a href=\"http:\/\/scholar.google.com\/citations?view_op=view_citation&amp;hl=en&amp;user=wPyOffoAAAAJ&amp;sortby=pubdate&amp;citation_for_view=wPyOffoAAAAJ:hNSvKAmkeYkC\">Distinct ectomycorrhizospheres share similar bacterial communities as revealed by pyrosequencing-based analysis of 16S rRNA genes<\/a>.\u00a0S Uroz, P Oger, E Morin, P Frey-Klett.\u00a0Applied and environmental microbiology 78 (8), 3020-3024<\/li>\n<li style=\"text-align: justify;\"><a href=\"http:\/\/scholar.google.fr\/citations?view_op=view_citation&amp;hl=fr&amp;user=qrOM-zoAAAAJ&amp;sortby=pubdate&amp;citation_for_view=qrOM-zoAAAAJ:hFOr9nPyWt4C\">Exploring the role of asexual multiplication in poplar rust epidemics: impact on diversity and genetic structure<\/a>.\u00a0B Barr\u00e8s, C Dutech, A Andrieux, F Halkett, P Frey.\u00a0Molecular Ecology<\/li>\n<li style=\"text-align: justify;\"><a href=\"http:\/\/scholar.google.com\/citations?view_op=view_citation&amp;hl=en&amp;user=1BZ2sa0AAAAJ&amp;cstart=20&amp;sortby=pubdate&amp;citation_for_view=1BZ2sa0AAAAJ:fbc8zXXH2BUC\">Extensive gene flow over Europe and possible speciation over Eurasia in the ectomycorrhizal basidiomycete Laccaria amethystina complex<\/a>.\u00a0L VINCENOT, K NARA, C STHULTZ, J LABB\u00c9, MP DUBOIS, L TEDERSOO, F Martin, MA &#8230;\u00a0Molecular ecology 21 (2), 281-299<\/li>\n<li style=\"text-align: justify;\"><a href=\"http:\/\/scholar.google.com\/citations?view_op=view_citation&amp;hl=en&amp;user=25Iw7BQAAAAJ&amp;sortby=pubdate&amp;citation_for_view=25Iw7BQAAAAJ:W7OEmFMy1HYC\">Farnesol and cAMP signaling effects on the hypha-to-yeast transition in Candida albicans<\/a>.\u00a0AK Lindsay, A Deveau, AE Piispanen, DA Hogan.\u00a0Eukaryotic Cell<\/li>\n<li style=\"text-align: justify;\"><a href=\"http:\/\/scholar.google.fr\/citations?view_op=view_citation&amp;hl=fr&amp;user=-rQVZsQAAAAJ&amp;sortby=pubdate&amp;citation_for_view=-rQVZsQAAAAJ:tKAzc9rXhukC\">Fifty years in the thioredoxin field and a bountiful harvest<\/a>.\u00a0BB Buchanan, A Holmgren, JP Jacquot, R Scheibe.\u00a0Biochimica et Biophysica Acta (BBA)-General Subjects<\/li>\n<li style=\"text-align: justify;\"><a href=\"http:\/\/scholar.google.com\/citations?view_op=view_citation&amp;hl=en&amp;user=1BZ2sa0AAAAJ&amp;cstart=20&amp;sortby=pubdate&amp;citation_for_view=1BZ2sa0AAAAJ:3NQIlFlcGxIC\">Forest Trees: Chapter 15<\/a>.\u00a0DL Rockwood, M Kirst, JG Isebrands, JY Zhu, N Ip, JM Considine, KT Turner, J &#8230;.\u00a0Carbohydrate Polymers 87, 2488-2495<\/li>\n<li style=\"text-align: justify;\"><a href=\"http:\/\/scholar.google.fr\/citations?view_op=view_citation&amp;hl=fr&amp;user=bNmLFk0AAAAJ&amp;sortby=pubdate&amp;citation_for_view=bNmLFk0AAAAJ:qxL8FJ1GzNcC\">Fungal diversity is not determined by mineral and chemical differences in serpentine substrates<\/a>.\u00a0S Daghino, C Murat, E Sizzano, M Girlanda, S Perotto.\u00a0Plos One 7 (9), e44233<\/li>\n<li style=\"text-align: justify;\"><a href=\"http:\/\/scholar.google.com\/citations?view_op=view_citation&amp;hl=en&amp;user=1BZ2sa0AAAAJ&amp;sortby=pubdate&amp;citation_for_view=1BZ2sa0AAAAJ:jL-93Qbq4QoC\">Fungal soil communities in a young transgenic poplar plantation form a rich reservoir for fungal root communities<\/a>.\u00a0L Danielsen, A Th\u00fcrmer, P Meinicke, M Bu\u00e9e, E Morin, F Martin, G Pilate, R &#8230;\u00a0Ecology and Evolution 2 (8), 1935-1948<\/li>\n<li style=\"text-align: justify;\"><a href=\"http:\/\/scholar.google.com\/citations?view_op=view_citation&amp;hl=en&amp;user=1BZ2sa0AAAAJ&amp;sortby=pubdate&amp;citation_for_view=1BZ2sa0AAAAJ:zCSUwVk65WsC\">Genome sequence of the button mushroom Agaricus bisporus reveals mechanisms governing adaptation to a humic-rich ecological niche<\/a>.\u00a0E Morin, A Kohler, AR Baker, M Foulongne-Oriol, V Lombard, LG Nagy, RA Ohm &#8230;\u00a0Proceedings of the National Academy of Sciences 109 (43), 17501-17506<\/li>\n<li style=\"text-align: justify;\"><a href=\"http:\/\/scholar.google.com\/citations?view_op=view_citation&amp;hl=en&amp;user=1BZ2sa0AAAAJ&amp;sortby=pubdate&amp;citation_for_view=1BZ2sa0AAAAJ:NyGDZy8z5eUC\">Genome-wide analysis of cell wall-related genes in Tuber melanosporum<\/a>.\u00a0R Balestrini, F Sillo, A Kohler, G Schneider, A Faccio, E Tisserant, F &#8230;\u00a0Current genetics 58 (3), 165-177<\/li>\n<li style=\"text-align: justify;\"><a href=\"http:\/\/scholar.google.fr\/citations?view_op=view_citation&amp;hl=fr&amp;user=u0KB0xMAAAAJ&amp;sortby=pubdate&amp;citation_for_view=u0KB0xMAAAAJ:NhqRSupF_l8C\">Glutathione-and glutaredoxin-dependent reduction of methionine sulfoxide reductase A<\/a>\u00a0J Couturier, F Vignols, JP Jacquot, N Rouhier.\u00a0FEBS letters<\/li>\n<li style=\"text-align: justify;\"><a href=\"http:\/\/scholar.google.fr\/citations?view_op=view_citation&amp;hl=fr&amp;user=u0KB0xMAAAAJ&amp;sortby=pubdate&amp;citation_for_view=u0KB0xMAAAAJ:u_35RYKgDlwC\">Glutathione regulates the transfer of iron-sulfur cluster from monothiol and dithiol glutaredoxins to apo ferredoxin<\/a>.\u00a0L Wang, B Ouyang, Y Li, Y Feng, JP Jacquot, N Rouhier, B Xia.\u00a0Protein &amp; cell 3 (9), 714-721<\/li>\n<li style=\"text-align: justify;\"><a href=\"http:\/\/scholar.google.fr\/citations?view_op=view_citation&amp;hl=fr&amp;user=u0KB0xMAAAAJ&amp;sortby=pubdate&amp;citation_for_view=u0KB0xMAAAAJ:iH-uZ7U-co4C\">Glutaredoxin S12: unique properties for redox signaling<\/a>.\u00a0M Zaffagnini, M Bedhomme, CH Marchand, J Couturier, XH Gao, N Rouhier, P &#8230;.\u00a0Antioxidants &amp; redox signaling 16 (1), 17-32<\/li>\n<li style=\"text-align: justify;\"><a href=\"http:\/\/scholar.google.fr\/citations?view_op=view_citation&amp;hl=fr&amp;user=qrOM-zoAAAAJ&amp;sortby=pubdate&amp;citation_for_view=qrOM-zoAAAAJ:R3hNpaxXUhUC\">Impact of ectomycorrhizal colonization and rust infection on the secondary metabolism of poplar (Populus trichocarpa\u00d7 deltoides)<\/a>.\u00a0C Pfabel, KU Eckhardt, C Baum, C Struck, P Frey, M Weih.\u00a0Tree physiology 32 (11), 1357-1364<\/li>\n<li style=\"text-align: justify;\"><a href=\"http:\/\/scholar.google.fr\/citations?view_op=view_citation&amp;hl=fr&amp;user=u0KB0xMAAAAJ&amp;sortby=pubdate&amp;citation_for_view=u0KB0xMAAAAJ:b0M2c_1WBrUC\">In the Absence of Thioredoxins, What Are the Reductants for Peroxiredoxins in Thermotoga maritima?<\/a>.\u00a0J Couturier, P Prosper, AM Winger, A Hecker, M Hirasawa, DB Knaff, P Gans &#8230;\u00a0Antioxidants &amp; Redox Signaling<\/li>\n<li style=\"text-align: justify;\"><a href=\"http:\/\/scholar.google.com\/citations?view_op=view_citation&amp;hl=en&amp;user=1BZ2sa0AAAAJ&amp;sortby=pubdate&amp;citation_for_view=1BZ2sa0AAAAJ:7BrZ7Jt4UNcC\">Inside arbuscular mycorrhizal roots\u2013Molecular probes to understand the symbiosis<\/a>.\u00a0D Ruzicka, S Chamala, FH Barrios-Masias, F Martin, S Smith, LE Jackson, WB &#8230;\u00a0The Plant Genome<\/li>\n<li style=\"text-align: justify;\"><a href=\"http:\/\/scholar.google.com\/citations?view_op=view_citation&amp;hl=en&amp;user=1BZ2sa0AAAAJ&amp;sortby=pubdate&amp;citation_for_view=1BZ2sa0AAAAJ:6yz0xqPARnAC\">Insight into trade\u2010off between wood decay and parasitism from the genome of a fungal forest pathogen<\/a>.\u00a0\u00c5 Olson, A Aerts, F Asiegbu, L Belbahri, O Bouzid, A Broberg, B Canb\u00e4ck, PM &#8230;\u00a0New Phytologist 194 (4), 1001-1013<\/li>\n<li style=\"text-align: justify;\"><a href=\"http:\/\/scholar.google.com\/citations?view_op=view_citation&amp;hl=en&amp;user=1BZ2sa0AAAAJ&amp;sortby=pubdate&amp;citation_for_view=1BZ2sa0AAAAJ:lvd772isFD0C\">Insights into Populus XIP aquaporins: evolutionary expansion, protein functionality, and environmental regulation<\/a>.\u00a0D Lopez, G Bronner, N Brunel, D Auguin, S Bourgerie, F Brignolas, S Carpin &#8230;\u00a0Journal of experimental botany 63 (5), 2217-2230<\/li>\n<li style=\"text-align: justify;\"><a href=\"http:\/\/scholar.google.com\/citations?view_op=view_citation&amp;hl=en&amp;user=wPyOffoAAAAJ&amp;sortby=pubdate&amp;citation_for_view=wPyOffoAAAAJ:wSy_KLzO7YEC\">Minerals affect the specific diversity of forest soil bacterial communities<\/a>.\u00a0S Uroz, MP Turpault, C Delaruelle, L Mareschal, JC Pierrat, P Frey-Klett.\u00a0Geomicrobiology Journal 29 (1), 88-98<\/li>\n<li style=\"text-align: justify;\"><a href=\"http:\/\/scholar.google.com\/citations?view_op=view_citation&amp;hl=en&amp;user=eUEKPngAAAAJ&amp;sortby=pubdate&amp;citation_for_view=eUEKPngAAAAJ:bEWYMUwI8FkC\">Mitogen-activated protein kinase signaling in plant-interacting fungi: Distinct messages from conserved messengers<\/a>.\u00a0LP Hamel, MC Nicole, S Duplessis, BE Ellis.\u00a0The Plant Cell Online 24 (4), 1327-1351<\/li>\n<li style=\"text-align: justify;\"><a href=\"http:\/\/scholar.google.com\/citations?view_op=view_citation&amp;hl=en&amp;user=1BZ2sa0AAAAJ&amp;sortby=pubdate&amp;citation_for_view=1BZ2sa0AAAAJ:sJsF-0ZLhtgC\">Molecular method for the identification of mating type genes of truffles species<\/a>.\u00a0F Martin, C Murat-furminieux, F Paolocci, A Rubini, C Riccioni, B Belfiori &#8230;\u00a0EP Patent 2,426,215<\/li>\n<li style=\"text-align: justify;\"><a href=\"http:\/\/scholar.google.fr\/citations?view_op=view_citation&amp;hl=fr&amp;user=WXK9kwwAAAAJ&amp;sortby=pubdate&amp;citation_for_view=WXK9kwwAAAAJ:5nxA0vEk-isC\">Multiple markers pyrosequencing reveals highly diverse and host\u2010specific fungal communities on the mangrove trees Avicennia marina and Rhizophora stylosa<\/a>.\u00a0Y Arfi, M Bu\u00e9e, C Marchand, A Levasseur, E Record.\u00a0FEMS microbiology ecology 79 (2), 433-444<\/li>\n<li style=\"text-align: justify;\"><a href=\"http:\/\/scholar.google.fr\/citations?view_op=view_citation&amp;hl=fr&amp;user=-rQVZsQAAAAJ&amp;sortby=pubdate&amp;citation_for_view=-rQVZsQAAAAJ:tYavs44e6CUC\">New substrates and activity of&lt; i&gt; Phanerochaete chrysosporium&lt;\/i&gt; Omega Glutathione transferases<\/a>.\u00a0E Meux, M Morel, T Lamant, P G\u00e9rardin, JP Jacquot, S Dumar\u00e7ay, E Gelhaye.\u00a0Biochimie<\/li>\n<li style=\"text-align: justify;\"><a href=\"http:\/\/scholar.google.fr\/citations?view_op=view_citation&amp;hl=fr&amp;user=tgYrvTUAAAAJ&amp;sortby=pubdate&amp;citation_for_view=tgYrvTUAAAAJ:5nxA0vEk-isC\">Occurrence of Hymenoscyphus pseudoalbidus on infected ash logs<\/a>.\u00a0C Husson, O Ca\u00ebl, JP Grandjean, LM Nageleisen, B Mar\u00e7ais.\u00a0Plant Pathology 61 (5), 889-895<\/li>\n<li style=\"text-align: justify;\"><a href=\"http:\/\/scholar.google.com\/citations?view_op=view_citation&amp;hl=en&amp;user=1BZ2sa0AAAAJ&amp;sortby=pubdate&amp;citation_for_view=1BZ2sa0AAAAJ:tH6gc1N1XXoC\">Phylogenetic, genomic organization and expression analysis of hydrophobin genes in the ectomycorrhizal basidiomycete\u00a0<em>Laccaria bicolor<\/em><\/a>.\u00a0JM Plett, J Gibon, A Kohler, K Duffy, PJ Hoegger, R Velagapudi, J Han, U &#8230;\u00a0Fungal Genetics and Biology 49 (3), 199-209<\/li>\n<li style=\"text-align: justify;\"><a href=\"http:\/\/scholar.google.fr\/citations?view_op=view_citation&amp;hl=fr&amp;user=tgYrvTUAAAAJ&amp;sortby=pubdate&amp;citation_for_view=tgYrvTUAAAAJ:Zph67rFs4hoC\">Phytophthora on Alnus spp.(alders)<\/a>\u00a0B Mar\u00e7ais, C Husson.\u00a0JKI Data sheets-Plant Diseases and Diagnosis<\/li>\n<li style=\"text-align: justify;\"><a href=\"http:\/\/scholar.google.com\/citations?view_op=view_citation&amp;hl=en&amp;user=1BZ2sa0AAAAJ&amp;cstart=20&amp;sortby=pubdate&amp;citation_for_view=1BZ2sa0AAAAJ:9pM33mqn1YgC\">Poplar root exudates contain compounds that induce the expression of MiSSP7 in Laccaria bicolor<\/a>.\u00a0JM Plett, F Martin.\u00a0Plant Signaling &amp; Behavior 7 (1), 12-15<\/li>\n<li style=\"text-align: justify;\"><a href=\"http:\/\/scholar.google.com\/citations?view_op=view_citation&amp;hl=en&amp;user=1BZ2sa0AAAAJ&amp;sortby=pubdate&amp;citation_for_view=1BZ2sa0AAAAJ:OBSaB-F7qqsC\">Protein disorder and short conserved motifs in disordered regions are enriched near the cytoplasmic side of single-pass transmembrane proteins<\/a>.\u00a0I Stavropoulos, N Khaldi, NE Davey, K O\u2019Brien, F Martin, DC Shields.\u00a0PLoS One 7 (9), e44389<\/li>\n<li style=\"text-align: justify;\"><a href=\"http:\/\/scholar.google.fr\/citations?view_op=view_citation&amp;hl=fr&amp;user=u0KB0xMAAAAJ&amp;sortby=pubdate&amp;citation_for_view=u0KB0xMAAAAJ:pyW8ca7W8N0C\">Quinone-and nitroreductase reactions of\u00a0<em>Thermotoga maritima<\/em>\u00a0peroxiredoxin-nitroreductase hybrid enzyme<\/a>.\u00a0\u017d Anusevi\u010dius, L Misevi\u010dien\u0117, J \u0160arlauskas, N Rouhier, JP Jacquot, N \u010c\u0117nas.\u00a0Archives of Biochemistry and Biophysics<\/li>\n<li style=\"text-align: justify;\"><a href=\"http:\/\/scholar.google.fr\/citations?view_op=view_citation&amp;hl=fr&amp;user=u0KB0xMAAAAJ&amp;sortby=pubdate&amp;citation_for_view=u0KB0xMAAAAJ:dfsIfKJdRG4C\">RNA-Seq of Early-Infected Poplar Leaves by the Rust Pathogen Melampsora larici-populina Uncovers PtSultr3; 5, a Fungal-Induced Host Sulfate Transporter<\/a>.\u00a0B Petre, E Morin, E Tisserant, S Hacquard, C Da Silva, J Poulain, C &#8230;\u00a0PloS one 7 (8), e44408<\/li>\n<li style=\"text-align: justify;\"><a href=\"http:\/\/scholar.google.com\/citations?view_op=view_citation&amp;hl=en&amp;user=eUEKPngAAAAJ&amp;sortby=pubdate&amp;citation_for_view=eUEKPngAAAAJ:qxL8FJ1GzNcC\">Rust Effectors<\/a>.\u00a0S Duplessis, DL Joly, PN Dodds.\u00a0Effectors in Plant\u2013Microbe Interactions, 155-193<\/li>\n<li style=\"text-align: justify;\"><a href=\"http:\/\/scholar.google.fr\/citations?view_op=view_citation&amp;hl=fr&amp;user=WXK9kwwAAAAJ&amp;sortby=pubdate&amp;citation_for_view=WXK9kwwAAAAJ:4DMP91E08xMC\">Selection and validation of enzymatic activities as functional markers in wood biotechnology and fungal ecology<\/a>.\u00a0Y Mathieu, E Gelhaye, S Dumar\u00e7ay, P G\u00e9rardin, L Harvengt, M Bu\u00e9e.\u00a0Journal of microbiological methods<\/li>\n<li style=\"text-align: justify;\"><a href=\"http:\/\/scholar.google.com\/citations?view_op=view_citation&amp;hl=en&amp;user=1BZ2sa0AAAAJ&amp;cstart=20&amp;sortby=pubdate&amp;citation_for_view=1BZ2sa0AAAAJ:k8Z6L05lTy4C\">Signalling in ectomycorrhizal symbiosis<\/a>.J Felten, F Martin, V Legu\u00e9.\u00a0Signaling and Communication in Plant Symbiosis, 123-142<\/li>\n<li style=\"text-align: justify;\"><a href=\"http:\/\/scholar.google.com\/citations?view_op=view_citation&amp;hl=en&amp;user=1BZ2sa0AAAAJ&amp;cstart=20&amp;sortby=pubdate&amp;citation_for_view=1BZ2sa0AAAAJ:LPtt_HFRSbwC\">Ten Years of Genomics for Ectomycorrhizal Fungi: What Have We Achieved and Where Are We Heading?<\/a>\u00a0F Martin, G Bonito.\u00a0Edible Ectomycorrhizal Mushrooms, 383-401<\/li>\n<li style=\"text-align: justify;\"><a href=\"http:\/\/scholar.google.com\/citations?view_op=view_citation&amp;hl=en&amp;user=1BZ2sa0AAAAJ&amp;sortby=pubdate&amp;citation_for_view=1BZ2sa0AAAAJ:kVjdVfd2voEC\">The AINTEGUMENTA LIKE1 Homeotic Transcription Factor PtAIL1 Controls the Formation of Adventitious Root Primordia in Poplar<\/a>.\u00a0A Rigal, YS Yordanov, I Perrone, A Karlberg, E Tisserant, C Bellini, VB &#8230;\u00a0Plant physiology 160 (4), 1996-2006<\/li>\n<li style=\"text-align: justify;\"><a href=\"http:\/\/scholar.google.com\/citations?view_op=view_citation&amp;hl=en&amp;user=1BZ2sa0AAAAJ&amp;sortby=pubdate&amp;citation_for_view=1BZ2sa0AAAAJ:Ak0FvsSvgGUC\">The importance of individuals: intraspecific diversity of mycorrhizal plants and fungi in ecosystems<\/a>.\u00a0D Johnson, F Martin, JWG Cairney, IC Anderson.\u00a0New Phytologist 194 (3), 614-628<\/li>\n<li style=\"text-align: justify;\"><a href=\"http:\/\/scholar.google.com\/citations?view_op=view_citation&amp;hl=en&amp;user=1BZ2sa0AAAAJ&amp;sortby=pubdate&amp;citation_for_view=1BZ2sa0AAAAJ:4xDN1ZYqzskC\">The Paleozoic origin of enzymatic lignin decomposition reconstructed from 31 fungal genomes<\/a>.\u00a0D Floudas, M Binder, R Riley, K Barry, RA Blanchette, B Henrissat, AT &#8230;\u00a0Science 336 (6089), 1715-1719<\/li>\n<li style=\"text-align: justify;\"><a href=\"http:\/\/scholar.google.com\/citations?view_op=view_citation&amp;hl=en&amp;user=1BZ2sa0AAAAJ&amp;cstart=20&amp;sortby=pubdate&amp;citation_for_view=1BZ2sa0AAAAJ:GFxP56DSvIMC\">The transcriptome of the arbuscular mycorrhizal fungus Glomus intraradices (DAOM 197198) reveals functional tradeoffs in an obligate symbiont<\/a>.\u00a0E Tisserant, A Kohler, P Dozolme\u2010Seddas, R Balestrini, K Benabdellah, A &#8230;\u00a0New Phytologist 193 (3), 755-769<\/li>\n<li style=\"text-align: justify;\"><a href=\"http:\/\/scholar.google.fr\/citations?view_op=view_citation&amp;hl=fr&amp;user=u0KB0xMAAAAJ&amp;sortby=pubdate&amp;citation_for_view=u0KB0xMAAAAJ:HoB7MX3m0LUC\">Two Sinorhizobium meliloti glutaredoxins regulate iron metabolism and symbiotic bacteroid differentiation<\/a>.\u00a0SM Benyamina, F Baldacci\u2010Cresp, J Couturier, K Chibani, J Hopkins, A Bekki &#8230;\u00a0Environmental Microbiology<\/li>\n<li style=\"text-align: justify;\"><a href=\"http:\/\/scholar.google.fr\/citations?view_op=view_citation&amp;hl=en&amp;user=GsK21SsAAAAJ&amp;sortby=pubdate&amp;citation_for_view=GsK21SsAAAAJ:Zph67rFs4hoC\">Variation in aggressiveness is detected among Puccinia triticina isolates of the same pathotype and clonal lineage in the adult plant stage<\/a>.\u00a0B Pariaud, H Goyeau, F Halkett, C Robert, C Lannou.\u00a0European Journal of Plant Pathology, 1-11<\/li>\n<li style=\"text-align: justify;\"><a href=\"http:\/\/scholar.google.fr\/citations?view_op=view_citation&amp;hl=fr&amp;user=bNmLFk0AAAAJ&amp;sortby=pubdate&amp;citation_for_view=bNmLFk0AAAAJ:ZeXyd9-uunAC\">Wild and cultivated mushrooms as a model of sustainable development<\/a>.\u00a0D Donnini, ML Gargano, C Perini, E Savino, C Murat, S Di Piazza, E Altobelli &#8230;\u00a0Plant Biosystems<\/li>\n<\/ol>\n<p style=\"text-align: justify;\">Publications de l&#8217;ann\u00e9e\u00a0<strong><a href=\"https:\/\/mycor.iam.inrae.fr\/IAM\/?page_id=2995\">2011<\/a><\/strong><\/p>\n","protected":false},"excerpt":{"rendered":"<p>Affinity chromatography: a valuable strategy to isolate substrates of methionine sulfoxide reductases\u00a0L Tarrago, S Kieffer-Jaquinod, T Lamant, M Marcellin, J Garin, N Rouhier, P Rey.\u00a0Antioxidants &amp; redox signaling 16 (1), 79-84 A comprehensive analysis of genes encoding small secreted proteins &hellip; <a href=\"https:\/\/mycor.iam.inrae.fr\/IAM\/?page_id=781\">Continue reading <span class=\"meta-nav\">&rarr;<\/span><\/a><\/p>\n","protected":false},"author":2,"featured_media":0,"parent":318,"menu_order":0,"comment_status":"closed","ping_status":"closed","template":"","meta":{"footnotes":""},"class_list":["post-781","page","type-page","status-publish","hentry"],"_links":{"self":[{"href":"https:\/\/mycor.iam.inrae.fr\/IAM\/index.php?rest_route=\/wp\/v2\/pages\/781","targetHints":{"allow":["GET"]}}],"collection":[{"href":"https:\/\/mycor.iam.inrae.fr\/IAM\/index.php?rest_route=\/wp\/v2\/pages"}],"about":[{"href":"https:\/\/mycor.iam.inrae.fr\/IAM\/index.php?rest_route=\/wp\/v2\/types\/page"}],"author":[{"embeddable":true,"href":"https:\/\/mycor.iam.inrae.fr\/IAM\/index.php?rest_route=\/wp\/v2\/users\/2"}],"replies":[{"embeddable":true,"href":"https:\/\/mycor.iam.inrae.fr\/IAM\/index.php?rest_route=%2Fwp%2Fv2%2Fcomments&post=781"}],"version-history":[{"count":0,"href":"https:\/\/mycor.iam.inrae.fr\/IAM\/index.php?rest_route=\/wp\/v2\/pages\/781\/revisions"}],"up":[{"embeddable":true,"href":"https:\/\/mycor.iam.inrae.fr\/IAM\/index.php?rest_route=\/wp\/v2\/pages\/318"}],"wp:attachment":[{"href":"https:\/\/mycor.iam.inrae.fr\/IAM\/index.php?rest_route=%2Fwp%2Fv2%2Fmedia&parent=781"}],"curies":[{"name":"wp","href":"https:\/\/api.w.org\/{rel}","templated":true}]}}