{"id":8788,"date":"2018-03-27T12:24:50","date_gmt":"2018-03-27T12:24:50","guid":{"rendered":"https:\/\/mycor.iam.inrae.fr\/IAM\/?page_id=8788"},"modified":"2026-03-09T09:31:42","modified_gmt":"2026-03-09T09:31:42","slug":"nouveaux-seminaires-au-programme-new-seminars-to-come","status":"publish","type":"page","link":"https:\/\/mycor.iam.inrae.fr\/IAM\/?page_id=8788","title":{"rendered":"Seminars, PhD and HDR viva"},"content":{"rendered":"<p><strong>Seminars 2026<\/strong><\/p>\n<div class=\"x_x_WordSection1\">\n<ul>\n<li><u>12\/02\/26 (<\/u><span lang=\"EN-US\"><u>site\u00a0<\/u><\/span><span lang=\"EN-US\"><u>University of Lorraine<\/u><\/span><u>)<\/u>: <strong><b>Julian Guichard <\/b><\/strong>Engineer in the <a href=\"https:\/\/mycor.iam.inrae.fr\/IAM\/?page_id=17\">Stress response and redox regulation<\/a><a href=\"https:\/\/mycor.iam.inrae.fr\/IAM\/?page_id=219\">\u00a0<\/a>team, <strong>&#8221; Characterization of ATPase activity of proteins invovled in Fe-S biogenesis. &#8220;<\/strong><\/li>\n<li><u>10\/02\/26 (site INRAE)<\/u>: <strong><b>Marco Cosme <\/b><\/strong>Professor at University of Picardie (UMR EDYSAN: Ecology and Dynamics of Human-influenced Systems) visiting researcher with Marc Bu\u00e9e in the <a href=\"https:\/\/mycor.iam.inrae.fr\/IAM\/?page_id=219\">Ecogenomics\u00a0of interactions <\/a>team, <strong>&#8221; My scientific journey. &#8220;<\/strong><\/li>\n<li><u>30\/01\/26 (site INRAE)<\/u>: <strong><b>Fran\u00e7ois Rineau <\/b><\/strong>associate professor at the University of Hasselt (Belgium) visiting researcher with Marc Bu\u00e9e in the <a href=\"https:\/\/mycor.iam.inrae.fr\/IAM\/?page_id=219\">Ecogenomics\u00a0of interactions <\/a>team, <strong>&#8221; Integrated impacts of climate change: assessing ecosystem functioning, microbes, crop growth, and sustainable mitigation in three natural &amp; non-natural ecosystems. &#8220;<\/strong><\/li>\n<li><u>23\/01\/26 (site INRAE)<\/u>: <strong><b>Ma\u00eblle Pomi\u00e8s <\/b><\/strong>engineer with Lucas Auer and Marc Bu\u00e9e in the <a href=\"https:\/\/mycor.iam.inrae.fr\/IAM\/?page_id=219\">Ecogenomics\u00a0of interactions <\/a>team, <strong>&#8221; Metabarcoding with long read sequencing data, transmission of bacteria between sows and piglets. &#8220;<\/strong><\/li>\n<li><u>22\/01\/26 (site INRAE)<\/u>: <strong><b>Jean-Pierre Jacquot <\/b><\/strong>Emeritus Professor in the <a href=\"https:\/\/mycor.iam.inrae.fr\/IAM\/?page_id=17\">Stress response and redox regulation<\/a><a href=\"https:\/\/mycor.iam.inrae.fr\/IAM\/?page_id=219\">\u00a0<\/a>team, <strong>&#8221; Redox biochemistry in plants 50 years ago and today. &#8220;<\/strong><\/li>\n<li><u>15\/01\/26 (site INRAE)<\/u>: <strong><b>Lama Osman <\/b><\/strong>PhD student with Melanie Morel-Rouhier and Annegret Kohler in the <a href=\"https:\/\/mycor.iam.inrae.fr\/IAM\/?page_id=17\">Stress response and redox regulation<\/a><a href=\"https:\/\/mycor.iam.inrae.fr\/IAM\/?page_id=219\">\u00a0<\/a>team, <strong>&#8221; Detoxify or die: How do ectomycorrhizal fungi compete for root colonization. &#8220;<\/strong><\/li>\n<\/ul>\n<\/div>\n<p><strong>PhD viva 2026<\/strong><\/p>\n<ul>\n<li>none yet<\/li>\n<\/ul>\n<p><strong>HDR 2026<\/strong><\/p>\n<ul>\n<li>none yet<\/li>\n<\/ul>\n<p><strong>Seminars 2025<\/strong><\/p>\n<div class=\"x_x_WordSection1\">\n<ul>\n<li><u>12\/12\/25 (site INRAE)<\/u>: <strong><b>Chidimma Joy Akabuogu <\/b><\/strong>PhD student with Cl\u00e9mence Bonnot and Claire Veneault-Fourrey in <a href=\"https:\/\/mycor.iam.inrae.fr\/IAM\/?page_id=219\">Ecogenomics\u00a0of interactions <\/a>team, <strong>&#8221; M2 Internship: Evaluation of the biostimulating and protective capacities of macroalgae fractions from the French Coast. &#8220;<\/strong><\/li>\n<li><u>14\/11\/25 (site INRAE)<\/u>: <strong><b>S\u00e9gol\u00e8ne Bouche <\/b><\/strong>PhD student with St\u00e9phane Uroz and Marie-Pierre Turpault (BEF) in <a href=\"https:\/\/mycor.iam.inrae.fr\/IAM\/?page_id=219\">Ecogenomics\u00a0of interactions <\/a>team, <strong>&#8221; Caract\u00e9risation des d\u00e9terminants mol\u00e9culaires et m\u00e9taboliques associ\u00e9s \u00e0 la capacit\u00e9 \u00e0 alt\u00e9rer les min\u00e9raux de la souche mycorhizosph\u00e9rique Pseudomonas spelaei PML3(3). &#8220;<\/strong><\/li>\n<li><u>13\/11\/25 (site INRAE)<\/u>: <strong><b>Lara Thornton <\/b><\/strong>PhD student at the University of Buenos Aires (Argentina)\u00a0 visiting researcher with Claude Murat in the <a href=\"https:\/\/mycor.iam.inrae.fr\/IAM\/?page_id=219\">Ecogenomics\u00a0of interactions <\/a>team, <strong>&#8221; PhD in Progress: Phlebopus bruchii (Boletales, Basidiomycota) \u2014 A Critically Endangered Endemic Species from Central Argentina and Its Link to the INTACT Project. &#8220;<\/strong><\/li>\n<li><u>13\/11\/25 (<\/u><span lang=\"EN-US\"><u>site\u00a0<\/u><\/span><span lang=\"EN-US\"><u>University of Lorraine<\/u><\/span><u>)<\/u>: <strong><b>Antoine Kairis <\/b><\/strong>PhD student with Nicolas Rouhier and Claire Remacle (University of Li\u00e8ge) in the <a href=\"https:\/\/mycor.iam.inrae.fr\/IAM\/?page_id=17\">Stress response and redox regulation<\/a><a href=\"https:\/\/mycor.iam.inrae.fr\/IAM\/?page_id=219\">\u00a0<\/a>team, <strong>&#8221; Chlamydomonas reinhardtii HCF101: new insights on its mechanism and function.&#8221;<\/strong><\/li>\n<li><u>13\/11\/25 (site INRAE)<\/u>: <strong><b>Gabriel Grilli\u00a0<\/b><\/strong>Research Fellow at the National Scientific and Technical research Council (CONICET) in Buenos Aires (Argentina) visiting researcher with Claude Murat in the <a href=\"https:\/\/mycor.iam.inrae.fr\/IAM\/?page_id=219\">Ecogenomics\u00a0of interactions <\/a>team, <strong>&#8220;<\/strong><strong>Impact of land-use change on plant mutualistic and antagonistic interactions in central Argentina.<\/strong><strong>&#8220;<\/strong><\/li>\n<li><u>07\/11\/25 (site INRAE)<\/u>:\u00a0<strong>Beno\u00eet Fantozzi<\/strong><b>\u00a0<\/b>Assitant engineer\u00a0in the <a href=\"https:\/\/mycor.iam.inrae.fr\/IAM\/?page_id=219\">Ecogenomics\u00a0of interactions <\/a>team, <strong>&#8220;<\/strong><strong>Uncovering the Symbiotic Potential of Hyaloscypha\u00a0 in Poplar Nutrient Acquisition.<\/strong><strong>&#8220;<\/strong><\/li>\n<li><u>03\/11\/25 (site INRAE)<\/u>: <strong>Long Peng<\/strong><b>\u00a0<\/b>Research Fellow<b>\u00a0<\/b>at the Research Institute of Subtropical Research in Hangzhou (China) visiting researcher with Francis Martin in the <a href=\"https:\/\/mycor.iam.inrae.fr\/IAM\/?page_id=219\">Ecogenomics\u00a0of interactions <\/a>team, <strong>&#8220;<\/strong><strong>Fungal derived Biostimulants: A New Approach to Solving Forestry Problems.&#8221;<\/strong><strong>\u00a0<\/strong><\/li>\n<li><u>03\/11\/25 (site INRAE)<\/u>: <strong>Zhilin Yuan <\/strong>Professor at the Research Institute of Subtropical Research in Hangzhou (China) visiting researchers with Francis Martin in the <a href=\"https:\/\/mycor.iam.inrae.fr\/IAM\/?page_id=219\">Ecogenomics\u00a0of interactions <\/a>team, <strong>&#8220;Symbiotic potentials of agaric Clitopilus fungi on trees the heterozygosity and karyotype matter<\/strong><strong>.&#8221;<\/strong><\/li>\n<li><u>30\/10\/25 (<\/u><span lang=\"EN-US\"><u>site\u00a0<\/u><\/span><span lang=\"EN-US\"><u>University of Lorraine<\/u><\/span><u>)<\/u>: <strong>Alix Martinet<\/strong>, <span lang=\"en-US\">PhD student with Sylvain Jeandroz in the UMR Agroecology (Dijon)<\/span>, visiting researcher in the <a href=\"https:\/\/mycor.iam.inrae.fr\/IAM\/?page_id=17\">Stress response and redox regulation<\/a><a href=\"https:\/\/mycor.iam.inrae.fr\/IAM\/?page_id=219\">\u00a0<\/a>team,\u00a0 <strong>&#8221; Caract\u00e9risation structurale et fonctionnelle des Fructose-1,6-Bisphosphatases chloroplastiques de l&#8217;algue verte Klebsormidium nitens, des prot\u00e9ines potentiellement r\u00e9gul\u00e9es par le monoxyde d\u2019azote.&#8221;<\/strong><\/li>\n<li><u>24\/10\/25 (site INRAE)<\/u>: <strong>Feng Zhang<\/strong>, <span lang=\"en-US\">Research Fellow at the\u00a0<\/span>State Key Laboratory of Grassland Agro-Ecosystems &amp; Institute of Innovation Ecology, Lanzhou University (China), visiting researcher with Francis Martin in the <a href=\"https:\/\/mycor.iam.inrae.fr\/IAM\/?page_id=219\">Ecogenomics\u00a0of interactions <\/a>team,\u00a0 <strong>&#8220;<b>The nutrient exchange and assimilation between ectomycorrhizal fungi and poplar.<\/b>&#8220;<\/strong><\/li>\n<li><u>23\/10\/25 (<\/u><span lang=\"EN-US\"><u>site\u00a0<\/u><\/span><span lang=\"EN-US\"><u>University of Lorraine<\/u><\/span><u>)<\/u>: <strong>Cintia Blanco-Nouche<\/strong>, Postdoctoral researcher with Rodnay Sormani in the <a href=\"https:\/\/mycor.iam.inrae.fr\/IAM\/?page_id=17\">Stress response and redox regulation<\/a><a href=\"https:\/\/mycor.iam.inrae.fr\/IAM\/?page_id=219\">\u00a0<\/a>team,\u00a0 <strong>&#8220;Use of Phanerochaete chrysosporium mutants resistant to rapamycin to study the antifungal molecules produced by Streptomyces strains.&#8221;<\/strong><\/li>\n<li><u>17\/10\/25 (site INRAE)<\/u>: <strong>Scott Heslop<\/strong>, PhD student with Fabien Halkett in the <a href=\"https:\/\/mycor.iam.inrae.fr\/IAM\/?page_id=17\">Ecology of Forest Pathogenic Fungi<\/a> team,\u00a0\u00a0<strong>&#8220;<b>Role of Effectors in the Kauri Dieback Pathosystem.<\/b>&#8220;<\/strong><\/li>\n<li><u>14\/10\/25 (site INRAE)<\/u>: <strong>Matthieu Barret &amp; Alain Sarguinet<\/strong>,\u00a0both research directors at IRHS (Research Institute on Horticulure and Seeds) working on the seed microbiota assembly and impact on plant fitness, visiting researcher with Aur\u00e9lie Deveau in the <a href=\"https:\/\/mycor.iam.inrae.fr\/IAM\/?page_id=219\">Ecogenomics\u00a0of interactions <\/a>team,\u00a0 <strong>&#8220;New lipopeptide siderophores from Pseudomonas lactucae.&#8221;\u00a0<\/strong><\/li>\n<li><span style=\"text-decoration: underline\">19\/09\/25 (site INRAE)<\/span>: <strong>Ammar Abdalrahem<\/strong>, PhD student with Pascal Frey and Sebastien Duplessis in the <a href=\"https:\/\/mycor.iam.inrae.fr\/IAM\/?page_id=17\">Ecology of Forest Pathogenic Fungi<\/a> team,\u00a0\u00a0<strong>&#8220;<b>Functional and Evolutionary Comparison of Sexual and Asexual Poplar Rust Lineages: Do They Follow the Same Life Cycle?<\/b>&#8220;<\/strong><\/li>\n<li><span style=\"text-decoration: underline\">12\/09\/25 (site INRAE):<\/span>\u00a0<strong>M\u00e9line Poch<\/strong>, PhD student with Mireia G\u00f3mez-Gallego and Beno\u00eet Mar\u00e7ais in the <a href=\"https:\/\/mycor.iam.inrae.fr\/IAM\/?page_id=17\">Ecology of Forest Pathogenic Fungi<\/a>\u00a0team,\u00a0\u00a0<strong>&#8220;<b>Understanding the inoculum dynamics of the fungal pathogen Diplodia sapinea in pine stands<\/b><b>.<\/b>&#8220;<\/strong><\/li>\n<li><span style=\"text-decoration: underline\">05\/09\/25 (site INRAE):<\/span> <strong><b>H\u00e9lo\u00efse Ancel<\/b><\/strong>, engineer with Cl\u00e9mence Bonnot, Marc Bu\u00e9e, Claude Murat and Cyrille Bach in the <a href=\"https:\/\/mycor.iam.inrae.fr\/IAM\/?page_id=219\">Ecogenomics\u00a0of interactions <\/a>team. <strong>&#8220;<b>Exploring the influence of diverse molecules on the establishment of ectomycorrhizal symbiosis with trees<\/b>.&#8221;<\/strong><\/li>\n<li><span style=\"text-decoration: underline\">19\/06\/25\u00a0(site\u00a0University of Lorraine)<\/span>: <strong>No\u00e9mie Simon<\/strong>, young researcher with J\u00e9r\u00e9my Couturier in the <a href=\"https:\/\/mycor.iam.inrae.fr\/IAM\/?page_id=17\">Stress response and redox regulation<\/a>\u00a0team,\u00a0\u00a0<strong>&#8220;A journey in the world of protein persulfidation.&#8221;<\/strong><\/li>\n<li><span style=\"text-decoration: underline\">13\/06\/25\u00a0(site INRAE):<\/span>\u00a0<strong>Giuliana Brambilla<\/strong>, master 2 student with Mireia G\u00f3mez-Gallego and Beno\u00eet Mar\u00e7ais in the <a href=\"https:\/\/mycor.iam.inrae.fr\/IAM\/?page_id=17\">Ecology of Forest Pathogenic Fungi<\/a>\u00a0team,\u00a0\u00a0<strong>&#8220;<b>Determinants of <em>Diplodia sapinea<\/em> pines decline occurence in France &#8211; association with hail and drought in relation to the pine species and the region<\/b><b>.<\/b>&#8220;<\/strong><\/li>\n<li><span style=\"text-decoration: underline\">06\/06\/25 (site INRAE):<\/span>\u00a0<strong>S\u00e9bastien Duplessis<\/strong>, research director in the <a href=\"https:\/\/mycor.iam.inrae.fr\/IAM\/?page_id=219\">Ecogenomics\u00a0of interactions <\/a>team. <strong>&#8220;<b>Updates on rust fungi genomics: current and future projects<\/b>.&#8221;<\/strong><\/li>\n<li><span style=\"text-decoration: underline\">26\/05\/25\u00a0(site\u00a0University of Lorraine)<\/span>:\u00a0<strong>Carla Vandekerkhove<\/strong>,\u00a0PhD student\u00a0with\u00a0Sylvain Darnet and M\u00e9lanie Morel-Rouhier in the <a href=\"https:\/\/mycor.iam.inrae.fr\/IAM\/?page_id=17\">Stress response and redox regulation<\/a>\u00a0team,\u00a0\u00a0<strong>&#8220;Sterol metabolism of ophiostomatalean fungi associated with the spruce bark beetle <em>Ips typographus<\/em> (Coleoptera, Scolytinae).&#8221;<\/strong><\/li>\n<li><span style=\"text-decoration: underline\">23\/05\/25 (site INRAE):<\/span>\u00a0<strong>Fr\u00e9d\u00e9rique Reverchon<\/strong>, visiting researcher of the\u00a0Institute of Ecology (INECOL) (Mexico)\u00a0in the <a href=\"https:\/\/mycor.iam.inrae.fr\/IAM\/?page_id=219\">Ecogenomics\u00a0of interactions <\/a>team. Her team works on\u00a0elucidating the factors structuring plant and soil microbiomes.\u00a0<strong>\u00a0&#8220;<b>Shifts in soil microbial communities induced by forest conversion to avocado orchards<\/b>.&#8221;<\/strong><\/li>\n<li><span style=\"text-decoration: underline\">16\/05\/25\u00a0(site INRAE):<\/span>\u00a0<strong>Mireia G\u00f3mez-Gallego<\/strong>, research engineer in the <a href=\"https:\/\/mycor.iam.inrae.fr\/IAM\/?page_id=17\">Ecology of Forest Pathogenic Fungi<\/a>\u00a0team,\u00a0\u00a0<strong>&#8220;Understanding the link between host resistance to drought and its susceptibility to <em>Diplodia sapinea.<\/em>&#8220;<\/strong><\/li>\n<li><span lang=\"EN-US\"><u>15\/05\/25 (site\u00a0<\/u><\/span><span lang=\"EN-US\"><u>University of Lorraine)<\/u><\/span><span style=\"color: black;font-size: large\">:<\/span><span style=\"color: #bd1398;font-size: large\">\u00a0<\/span><strong>Sofia Inturri<\/strong>,\u00a0PhD student\u00a0with\u00a0Nicolas Rouhier and Claire Remacle (Genetics and Physiology of Microalgae laboratory at\u00a0University of Li\u00e8ge)\u00a0in the <a href=\"https:\/\/mycor.iam.inrae.fr\/IAM\/?page_id=17\">Stress response and redox regulation<\/a>\u00a0team,\u00a0\u00a0<strong>&#8220;Bioenergetics in the green microalga <em>Chlamydomonas reinhardtii:<\/em> maturation of Fe-S proteins and hydrogen production in organelles.&#8221;<\/strong><\/li>\n<li><span lang=\"EN-US\"><u>11\/04\/2<\/u><u>5 (site INRAE)<\/u><\/span>:\u00a0<strong>Marceau Levasseur, <\/strong>Postdoctoral researcher in <a href=\"https:\/\/mycor.iam.inrae.fr\/IAM\/?page_id=219\">Ecogenomics\u00a0of interactions <\/a>team,\u00a0\u00a0<b>&#8220;<\/b>\u00a0<strong>Bacterial and lignovorous fungal interactions during the aerobic biodegradation of triazoles in wood waste.<\/strong>\u00a0<b>&#8220;<\/b><\/li>\n<li><span lang=\"EN-US\"><u>04\/04\/2<\/u><u>5 (site INRAE)<\/u><\/span>:\u00a0<strong>Lisa Beguinet, <\/strong>PhD student with Annegret Kohler and Claire Venault-Fourrey iin the <a href=\"https:\/\/mycor.iam.inrae.fr\/IAM\/?page_id=219\">Ecogenomics\u00a0of interactions<\/a> team,\u00a0\u00a0<b>&#8220;<\/b>\u00a0<b>Poplar fungi interfaces: how do ectomycorrhizal fungi and endophytes interact ?<\/b>\u00a0<b>&#8220;<\/b><\/li>\n<li><span lang=\"EN-US\"><u>28\/03\/2<\/u><u>5 (site INRAE)<\/u><\/span>:\u00a0<strong>Elodie Muller, <\/strong>PhD student with Mireia Gomez-Gallego, Jaime Aguayo and Benoit Mar\u00e7ais\u00a0in the <a href=\"https:\/\/mycor.iam.inrae.fr\/IAM\/?page_id=224\" target=\"_blank\" rel=\"noopener noreferrer\">Ecology of Forest Pathogenic Fungi<\/a>\u00a0team,\u00a0\u00a0<b>&#8220;<\/b>\u00a0<b>Prevalence of\u00a0<\/b><b><i>Cryptostroma corticale<\/i><\/b><b>\u00a0in asymptomatic sycamore maples is larger than expected in France<\/b>.\u00a0<b>&#8220;<\/b><\/li>\n<li><span lang=\"EN-US\"><u>20\/03\/2<\/u><u>5 (site\u00a0<\/u><\/span><span lang=\"EN-US\"><u>University of Lorraine)<\/u><\/span>:\u00a0<strong>Benjamin Das Neves, <\/strong>PhD student with<span style=\"color: #bd1398;font-family: Cambria, Georgia, serif;font-size: large\">\u00a0<\/span>Nicolas Rouhier and J\u00e9r\u00e9my Couturier\u00a0in the\u00a0<a href=\"https:\/\/mycor.iam.inrae.fr\/IAM\/?page_id=17\">Stress response and redox regulation team<\/a>,\u00a0\u00a0<b>&#8220;<\/b><b>\u00a0<\/b><b>Molecular mechanisms of the assembly and transfer of iron-sulfur clusters by the SUF machinery in chloroplasts.\u00a0<\/b><b>&#8220;<\/b><\/li>\n<li><span lang=\"EN-US\"><u>14\/03\/2<\/u><u>5 (site INRAE)<\/u><\/span>:\u00a0<strong>Elsa Hilaire<\/strong>, PhD student with Marc Bu\u00e9e\u00a0in the <a href=\"https:\/\/mycor.iam.inrae.fr\/IAM\/?page_id=219\">Ecogenomics\u00a0of interactions team<\/a>,\u00a0\u00a0<b>&#8220;<\/b>\u00a0<b>Role of microbial community and ecological factors in forest organic matter decomposition<\/b><b>.<\/b><b>&#8220;<\/b><b>\u00a0<\/b><\/li>\n<li><span lang=\"EN-US\"><u>13\/03\/2<\/u><u>5 (site\u00a0<\/u><\/span><span lang=\"EN-US\"><u>University of Lorraine)<\/u><\/span>:\u00a0<strong>Romain Fran\u00e7ois<\/strong>, ATER in the UMR CRM2 (Cristallographie, R\u00e9sonance Magn\u00e9tique et Mod\u00e9lisations), <strong>&#8221; Towards novel bioactive compounds through characterization of polyketide synthases: the case of monooxygenases.<\/strong>&#8220;<\/li>\n<li><span lang=\"EN-US\"><u>05\/03\/2<\/u><u>5 (site INRAE)<\/u><\/span>: <strong>Juliana Almario,<\/strong> Researcher UMR Laboratory of Microbial Ecology (LEM, Lyon, France)\u00a0\u00a0<b>&#8220;<\/b><b>\u00a0<\/b><b>Adapting to symbiosis loss: new microbial associations in non-mycorrhizal plants?<\/b>\u00a0<b>&#8220;<\/b><\/li>\n<li><span lang=\"EN-US\"><u>28\/02\/2<\/u><u>5 (site INRAE)<\/u><\/span>:\u00a0<strong>Hai-Xia Wu<\/strong>, Invited researcher with Francis Martin and Marc Bu\u00e9e in the <a href=\"https:\/\/mycor.iam.inrae.fr\/IAM\/?page_id=219\">Ecogenomics\u00a0of interactions team<\/a>, <strong>&#8221; Microfungi. &#8220;<\/strong><\/li>\n<li><span lang=\"EN-US\"><u>27\/02\/2<\/u><u>5 (site\u00a0<\/u><\/span><span lang=\"EN-US\"><u>University of Lorraine)<\/u><\/span>:\u00a0<strong>Simon Rochou<\/strong>, PhD student with Arnaud Hecker in the <a href=\"https:\/\/mycor.iam.inrae.fr\/IAM\/?page_id=17\">Stress response and redox regulation team<\/a>.<\/li>\n<li><span lang=\"EN-US\"><u>21\/02\/2<\/u><u>5 (site INRAE)<\/u><\/span>:\u00a0<strong>Emma Corre<\/strong>, PhD student\u00a0with S\u00e9bastien Duplessis in the <a href=\"https:\/\/mycor.iam.inrae.fr\/IAM\/?page_id=219\">Ecogenomics\u00a0of interactions team<\/a>,\u00a0\u00a0<strong>&#8220;A comparative analysis of transposable elements in the subphylum Pucciniomycotina<b>.\u00a0<\/b>&#8220;<\/strong><\/li>\n<li><span lang=\"EN-US\"><u>07\/02\/2<\/u><u>5 (site INRAE)<\/u><\/span>:\u00a0<strong>Gaurav Pandharikar<\/strong>, Postdoctoral researcher\u00a0with Claire Veneault-Fourrey in the <a href=\"https:\/\/mycor.iam.inrae.fr\/IAM\/?page_id=219\">Ecogenomics\u00a0of interactions team<\/a>,\u00a0\u00a0<b>&#8220;Tree-Fungi Mutualistic Interactions: The Roles of Poplar Triterpenes.\u00a0&#8220;<\/b><\/li>\n<li><span lang=\"EN-US\"><u>06\/02\/2<\/u><u>5 (site\u00a0<\/u><\/span><span lang=\"EN-US\"><u>University of Lorraine)<\/u><\/span>:\u00a0<strong>Cintia Blanco-Nouche<\/strong>, Postdoctoral researcher with Rodnay Sormani in the <a href=\"https:\/\/mycor.iam.inrae.fr\/IAM\/?page_id=17\">Stress response and redox regulation team<\/a>,\u00a0 <b>&#8220;From doctoral findings to postdoctoral ambitions.&#8221;<\/b><\/li>\n<li><a id=\"LPlnk587057\" href=\"https:\/\/docs.google.com\/spreadsheets\/d\/1UPYRrIUE-4xphBAsn0FImag_vd4EMvNL95JhB0YGv30\/edit?gid=0#gid=0\" target=\"_blank\" rel=\"noopener noreferrer\"><\/a><span lang=\"EN-US\"><u>31\/02\/2<\/u><u>5 (site INRAE)<\/u><\/span>:\u00a0<strong>Fabien Halkett<\/strong>, Researcher in the <a href=\"https:\/\/mycor.iam.inrae.fr\/IAM\/?page_id=224\" target=\"_blank\" rel=\"noopener noreferrer\">Ecology of Forest Pathogenic Fungi <\/a>team , <b>&#8221; Inferring the cost of virulence from temporal survey of a rust population.\u00a0&#8220;<\/b><\/li>\n<li><span lang=\"EN-US\"><u>17\/02\/2<\/u><u>5 (site INRAE)<\/u><\/span>:\u00a0<strong>Kadiatou Schiffer-Forsyth<\/strong>, Master 2 student (ECPF) in the team <a href=\"https:\/\/mycor.iam.inrae.fr\/IAM\/?page_id=224\" target=\"_blank\" rel=\"noopener noreferrer\">Ecology of Forest Pathogenic Fungi<\/a>,\u00a0<b>&#8220;Phytophthora in horticultural nursery green waste &#8211; A risk to plant health.\u00a0&#8220;<\/b><\/li>\n<\/ul>\n<\/div>\n<p><strong>PhD viva 2025<\/strong><\/p>\n<ul>\n<li><span lang=\"EN-US\"><u>18\/12\/2<\/u><u>5 (site INRAE)<\/u><\/span>:\u00a0<strong>Elodie Muller<\/strong>, <b>PhD student with Benoit Mar\u00e7ais research director and Mireia Gomez-Gallego research engineer in the <\/b><a href=\"https:\/\/mycor.iam.inrae.fr\/IAM\/?page_id=219\">Ecogenomics\u00a0of interactions <\/a>team<b> and Jaime Aguayo researcher at ANSES,<\/b>\u00a0<b>&#8221; <\/b><strong><b>Etude des conditions de l\u2019\u00e9mergence d\u2019un pathog\u00e8ne envahissant : Cryptostroma corticale sur l\u2019\u00e9rable sycomore.<\/b><\/strong><b> &#8220;<\/b><\/li>\n<li><span lang=\"EN-US\"><u>31\/10\/2<\/u><u>5 (site INRAE)<\/u><\/span>:\u00a0<strong>Emma Corre<\/strong>, <b>PhD student with S\u00e9bastien Duplessis research director in the <\/b><a href=\"https:\/\/mycor.iam.inrae.fr\/IAM\/?page_id=219\">Ecogenomics\u00a0of interactions <\/a>team<b> and C\u00e9cile Lorrain researcher at Swiss Federal Institute of Technology,<\/b>\u00a0<b>&#8221; <\/b><strong><b>Invasion of Pucciniales genomes by transposable elements: How transposition events shape the evolution and the genomic architecture in rust fungi.<\/b><\/strong><b> &#8220;<\/b><\/li>\n<li><span lang=\"EN-US\"><u>22\/10\/2<\/u><u>5 (site INRAE)<\/u><\/span>:\u00a0<strong>Ammar Abdalrahem<\/strong>, <b>PhD student with S\u00e9bastien Duplessis, Pascal Frey, Fabien Halkett in the <\/b><a href=\"https:\/\/mycor.iam.inrae.fr\/IAM\/?page_id=224\" target=\"_blank\" rel=\"noopener noreferrer\">Ecology of Forest Pathogenic Fungi <\/a><b>team, &#8221; <\/b><strong><b>Evolutionary and functional investigations of reproductivre mode polymorphism in the poplar rust fungus<\/b><\/strong><b>. &#8220;<\/b><b><\/b><\/li>\n<\/ul>\n<p><strong>HDR 2025<\/strong><\/p>\n<ul>\n<li>none<\/li>\n<\/ul>\n<ul>\n<li style=\"list-style-type: none\"><\/li>\n<\/ul>\n","protected":false},"excerpt":{"rendered":"<p>Seminars 2026 12\/02\/26 (site\u00a0University of Lorraine): Julian Guichard Engineer in the Stress response and redox regulation\u00a0team, &#8221; Characterization of ATPase activity of proteins invovled in Fe-S biogenesis. &#8220; 10\/02\/26 (site INRAE): Marco Cosme Professor at University of Picardie (UMR EDYSAN: &hellip; <a href=\"https:\/\/mycor.iam.inrae.fr\/IAM\/?page_id=8788\">Continue reading <span class=\"meta-nav\">&rarr;<\/span><\/a><\/p>\n","protected":false},"author":7,"featured_media":0,"parent":0,"menu_order":0,"comment_status":"closed","ping_status":"closed","template":"","meta":{"footnotes":""},"class_list":["post-8788","page","type-page","status-publish","hentry"],"_links":{"self":[{"href":"https:\/\/mycor.iam.inrae.fr\/IAM\/index.php?rest_route=\/wp\/v2\/pages\/8788","targetHints":{"allow":["GET"]}}],"collection":[{"href":"https:\/\/mycor.iam.inrae.fr\/IAM\/index.php?rest_route=\/wp\/v2\/pages"}],"about":[{"href":"https:\/\/mycor.iam.inrae.fr\/IAM\/index.php?rest_route=\/wp\/v2\/types\/page"}],"author":[{"embeddable":true,"href":"https:\/\/mycor.iam.inrae.fr\/IAM\/index.php?rest_route=\/wp\/v2\/users\/7"}],"replies":[{"embeddable":true,"href":"https:\/\/mycor.iam.inrae.fr\/IAM\/index.php?rest_route=%2Fwp%2Fv2%2Fcomments&post=8788"}],"version-history":[{"count":32,"href":"https:\/\/mycor.iam.inrae.fr\/IAM\/index.php?rest_route=\/wp\/v2\/pages\/8788\/revisions"}],"predecessor-version":[{"id":13284,"href":"https:\/\/mycor.iam.inrae.fr\/IAM\/index.php?rest_route=\/wp\/v2\/pages\/8788\/revisions\/13284"}],"wp:attachment":[{"href":"https:\/\/mycor.iam.inrae.fr\/IAM\/index.php?rest_route=%2Fwp%2Fv2%2Fmedia&parent=8788"}],"curies":[{"name":"wp","href":"https:\/\/api.w.org\/{rel}","templated":true}]}}