{"id":8968,"date":"2018-05-30T14:40:25","date_gmt":"2018-05-30T14:40:25","guid":{"rendered":"https:\/\/mycor.iam.inrae.fr\/IAM\/?page_id=8968"},"modified":"2022-03-29T13:30:34","modified_gmt":"2022-03-29T13:30:34","slug":"former-members-2018","status":"publish","type":"page","link":"https:\/\/mycor.iam.inrae.fr\/IAM\/?page_id=8968","title":{"rendered":"Former members 2018"},"content":{"rendered":"<p><span style=\"text-decoration: underline;\"><strong>Permanent Staff:<\/strong><\/span><\/p>\n<ul>\n<li><a href=\"https:\/\/mycor.iam.inrae.fr\/IAM\/?page_id=4090\" target=\"_blank\" rel=\"noopener noreferrer\">Sophie MIESZKIN<\/a>, assistant professor, Ecogenomics of interactions team<\/li>\n<\/ul>\n<p><span style=\"text-decoration: underline;\"><strong>Non permanent staff:<\/strong><\/span><\/p>\n<h1>POST-DOCTORAL RESEARCHERS<\/h1>\n<ul>\n<li>Brian LOONEY, Ecogenomics of interactions team, 2017-2018<\/li>\n<li>Elena HEGO, Stress response and redox regulation team, 2015-2018<\/li>\n<li>Ma\u00efra DE FREITAS PEREIRA, Ecogenomics of interactions team, 2016-2018<\/li>\n<li>Thomas PERROT, Stress response and redox regulation team, 10\/2018 &#8211; 12\/2018<\/li>\n<li>Fran\u00e7ois MAILLARD, Ecogenomics of interactions team, 10\/2018-12\/2018<\/li>\n<\/ul>\n<p><span style=\"text-decoration: underline;\">Scientific stays<\/span>:<\/p>\n<ul>\n<li>Min CHENG, coming from coming from College of Forestry, Northwest A&amp;F University, China (01-02\/18)<\/li>\n<li><a href=\"http:\/\/people.csiro.au\/S\/J\/Jana-Sperschneider\" target=\"_blank\" rel=\"noopener noreferrer\">Jana SPERSCHNEIDER<\/a>, coming from CSIRO-INRA MoU (09\/18)<\/li>\n<\/ul>\n<h1>PhD STUDENTS &amp; ATER:<\/h1>\n<ul>\n<li style=\"list-style-type: none;\">\n<ul>\n<li>Thomas PERROT, Stress response and redox regulation team, 2015-2018<\/li>\n<li>Fran\u00e7ois MAILLARD, Ecogenomics of interactions team, 2015-2018<\/li>\n<li>Jean LEGEAY, Ecology of forest pathogenic fungi team &amp; Ecogenomics of interactions team, 2015-2018<\/li>\n<li><a href=\"https:\/\/mycor.iam.inrae.fr\/IAM\/?page_id=4250\" target=\"_blank\" rel=\"noopener noreferrer\">C\u00e9cile LORRAIN<\/a>, Ecogenomics of interactions team, 2014-2018<\/li>\n<li>Agathe MAUPETIT, Ecology of forest pathogenic fungi team, 2015-2018<\/li>\n<\/ul>\n<\/li>\n<\/ul>\n<p><span style=\"text-decoration: underline;\">Short term stays<\/span>:<\/p>\n<ul>\n<li>Jorge PIETRO-RUBIO, coming from Spanish Council for Scientific Research (CSIC)<\/li>\n<\/ul>\n<h1>ENGINEERS and TECHNICIANS<\/h1>\n<p><span style=\"text-decoration: underline;\">Short term staff<\/span>:<\/p>\n<ul>\n<li>Mathilde HERICHE (ingineer assistant), 06\/18-08\/18<\/li>\n<li>Emilie LEVESQUE (technician), 06\/17-05\/18<\/li>\n<li>Muriel BARBIER (ASI), 11\/17-09\/18<\/li>\n<\/ul>\n<h1>STUDENTS INTERNSHIPS:<\/h1>\n<ul>\n<li style=\"list-style-type: none;\">\n<ul>\n<li style=\"list-style-type: none;\">\n<ul>\n<li><span style=\"text-decoration: underline;\">Master and engineer school internships<\/span>:<br \/>\nOc\u00e9ane GEISLER (M1), Guillaume SALZET (Ingin. AgroParitech), Brice SANCHEZ (M1), Florine GERARD (M1), Justine BAILLY (M1), Mathilde HERICHE\u00a0 (M1), Maxime ZAHEDI (ingin.), Amandine TOURON (ingin.), Justine JACQUIN (ingin.), Marie-Laure MARTIN (ingin.), Alexandra HENOCQ (M2), Thomas BACCHETTA (M2), Pierre D&#8217;ARRANTIERES (ingin.), F\u00e9lix FRACCHIA (ingin.), Chlo\u00e9 VIOTTI (M2), Liam LAURENT (ingin.), Manon PAINEAU (ingin.)<\/li>\n<li><span style=\"text-decoration: underline;\">Licence, BTS and other internships<\/span>:<br \/>\nL\u00e9a DE MONTE (lic. pro), Zhixiao CHEN (lic. pro), L\u00e9a MARSON (L3), Marvyn GALANTH (CFPPA), Charlotte TRUCHOT (BTS), C\u00e9line BARTHELEMY (stage), Adil HASSANI (stage), Laurie LEJART (stage), Fauziah TUFAIL AHMAD (stage)<\/li>\n<\/ul>\n<\/li>\n<\/ul>\n<\/li>\n<\/ul>\n","protected":false},"excerpt":{"rendered":"<p>Permanent Staff: Sophie MIESZKIN, assistant professor, Ecogenomics of interactions team Non permanent staff: POST-DOCTORAL RESEARCHERS Brian LOONEY, Ecogenomics of interactions team, 2017-2018 Elena HEGO, Stress response and redox regulation team, 2015-2018 Ma\u00efra DE FREITAS PEREIRA, Ecogenomics of interactions team, 2016-2018 &hellip; <a href=\"https:\/\/mycor.iam.inrae.fr\/IAM\/?page_id=8968\">Continue reading <span class=\"meta-nav\">&rarr;<\/span><\/a><\/p>\n","protected":false},"author":7,"featured_media":0,"parent":1343,"menu_order":0,"comment_status":"closed","ping_status":"closed","template":"","meta":{"footnotes":""},"class_list":["post-8968","page","type-page","status-publish","hentry"],"_links":{"self":[{"href":"https:\/\/mycor.iam.inrae.fr\/IAM\/index.php?rest_route=\/wp\/v2\/pages\/8968","targetHints":{"allow":["GET"]}}],"collection":[{"href":"https:\/\/mycor.iam.inrae.fr\/IAM\/index.php?rest_route=\/wp\/v2\/pages"}],"about":[{"href":"https:\/\/mycor.iam.inrae.fr\/IAM\/index.php?rest_route=\/wp\/v2\/types\/page"}],"author":[{"embeddable":true,"href":"https:\/\/mycor.iam.inrae.fr\/IAM\/index.php?rest_route=\/wp\/v2\/users\/7"}],"replies":[{"embeddable":true,"href":"https:\/\/mycor.iam.inrae.fr\/IAM\/index.php?rest_route=%2Fwp%2Fv2%2Fcomments&post=8968"}],"version-history":[{"count":0,"href":"https:\/\/mycor.iam.inrae.fr\/IAM\/index.php?rest_route=\/wp\/v2\/pages\/8968\/revisions"}],"up":[{"embeddable":true,"href":"https:\/\/mycor.iam.inrae.fr\/IAM\/index.php?rest_route=\/wp\/v2\/pages\/1343"}],"wp:attachment":[{"href":"https:\/\/mycor.iam.inrae.fr\/IAM\/index.php?rest_route=%2Fwp%2Fv2%2Fmedia&parent=8968"}],"curies":[{"name":"wp","href":"https:\/\/api.w.org\/{rel}","templated":true}]}}