{"id":9924,"date":"2019-12-02T16:24:51","date_gmt":"2019-12-02T16:24:51","guid":{"rendered":"https:\/\/mycor.iam.inrae.fr\/IAM\/?page_id=9924"},"modified":"2022-02-21T10:22:59","modified_gmt":"2022-02-21T10:22:59","slug":"former-members-2019","status":"publish","type":"page","link":"https:\/\/mycor.iam.inrae.fr\/IAM\/?page_id=9924","title":{"rendered":"Former members 2019"},"content":{"rendered":"<p><span style=\"text-decoration: underline;\"><strong>Permanent Staff:<\/strong><\/span><\/p>\n<ul>\n<li>Martine GRANDCLAUDE, Stress response and redox regulation team<\/li>\n<li>Jean-Pierre LECLERC, Stress response and redox regulation team<\/li>\n<\/ul>\n<p><span style=\"text-decoration: underline;\"><strong>Non permanent staff:<\/strong><\/span><\/p>\n<h1>POST-DOCTORAL RESEARCHERS<\/h1>\n<ul>\n<li>Mathieu SCHWARTZ, Stress response and redox regulation team, 04\/2017 -04\/2019<\/li>\n<li>Simone BELMONDO, Ecogenomics of interactions team, 04\/2017 -04\/2019<\/li>\n<li>Miroslav CABON, Ecogenomics of interactions team, 02\/2019 -03\/2019<\/li>\n<li>C\u00e9cile LORRAIN, Ecogenomics of interactions team, 04\/2019 -09\/2019<\/li>\n<li>Mathieu SCHWARTZ, Stress response and redox regulation team, 11\/2018 -09\/2019<\/li>\n<\/ul>\n<p><span style=\"text-decoration: underline;\">Scientific stays<\/span>:<\/p>\n<ul>\n<li>Feng ZHANG, Lanzhou University, China (01\/2015 &#8211; 10\/2019)<\/li>\n<li>Heng KANG, Huazhong Agricultural University, China (08\/2017 &#8211; 12\/2018)<\/li>\n<li>Liang SHI, Univ Nanjing,Chine (09\/2018 &#8211; 08\/2019)<\/li>\n<li>Siqi TAO, Beijing University (09\/2018 &#8211; 09\/2019)<\/li>\n<li>Thomas PERROT, Sayens (01\/2019 &#8211; 03\/2019)<\/li>\n<\/ul>\n<h1>PhD STUDENTS &amp; ATER:<\/h1>\n<ul>\n<li>Veronica BASSO, Ecogenomics of interactions team (11\/2016-12\/2019)<\/li>\n<li>Milena GONZALO KINZBRUNER, Ecogenomics of interactions team (10\/2016-09\/2019)<\/li>\n<li>\u00a0M\u00e9lanie ROLAND, Stress response and redox regulation team (10\/2016-09\/2019)<\/li>\n<li>Laure SCHNEIDER-MAUNOURY, Museum Paris (02\/2017 &#8211; 07\/2019)<\/li>\n<\/ul>\n<p>Short term stays:<\/p>\n<ul>\n<li>Qian CHEN, Beijing University (06\/2019 &#8211; 10\/2019)<\/li>\n<li>Samantha HARROW, Univ Wisconsin, USA (09\/2019 &#8211; 11\/2019)<\/li>\n<li>Minna KEMPPAINEN, University of Quimes, Buenos Aires (09\/2019 &#8211; 11\/2019)<\/li>\n<li>Yuan YUAN, Beijing University (03\/2019 &#8211; 06\/2019)<\/li>\n<\/ul>\n<h1>ENGINEERS and TECHNICIANS<\/h1>\n<p><span style=\"text-decoration: underline;\">Short term staff<\/span>:<\/p>\n<ul>\n<li>Flora TODESCO, Assistant engineer, 02\/2017 &#8211; 08\/2019<\/li>\n<li>Sylvie FARO, Technician, 09\/2018 &#8211; 08\/2019<\/li>\n<li>Manon DANTANT, Technician, 09\/2017 &#8211; 07\/2019<\/li>\n<li>Sofian CHEBLI, Technician, 06\/2019 + 09\/2019<\/li>\n<li>Zo\u00e9 GELHAYE-HENRION, Technician, 06\/2019<\/li>\n<li>Elodie LAVALOU, Technician, 03\/2019 &#8211; 06\/2019<\/li>\n<li>Antonin FREY, MOO, 08\/2019 &#8211; 09\/2019<\/li>\n<li>Cl\u00e9mentine LAPIE, MOO, 11\/2019 &#8211; 12\/2019<\/li>\n<\/ul>\n<h1>STUDENTS INTERNSHIPS:<\/h1>\n<ul>\n<li><span style=\"text-decoration: underline;\">Master and engineer school internships<\/span>: BLOCK Jonathan (M2), BEZGHOUD ng (M1), CHARTOIRE Alexis (M1), CHRIST Lo\u00efck (M2), CLAUDIEN K\u00e9vin (M2), DEREMARQUE Th\u00e9o (M1), DEVEZE Th\u00e9o (M1), JESSU Am\u00e9lie (M1), MARTIN Xavier (M1), NOEL Delphine (M2), SAUBIN M\u00e9line (M2), SCHMID Claire (M2), SPORTES Antoine (visiteur M2), GORSE Mathilde (M1)<\/li>\n<li><span style=\"text-decoration: underline;\">Licence, BTS and other internships:<\/span> BEACCO Pauline (L3), BECKER Camille (L3), CHARTIER Tiphaine (PEPS L3), EYPERT Louise (L3), GRANGE Aur\u00e9lie (L3), GRZEBYK Mariane (L3), LEJART Laurie (PEPS L3), MARBEHAN Xavier (L3), MORETTE Laura (PEPS L3), TRICAUD Elisa (L1), TRICOT Elisa (L1), VAUTRIN Fanny (PEPS L3), BIEGEL Gilles (stage)<\/li>\n<\/ul>\n","protected":false},"excerpt":{"rendered":"<p>Permanent Staff: Martine GRANDCLAUDE, Stress response and redox regulation team Jean-Pierre LECLERC, Stress response and redox regulation team Non permanent staff: POST-DOCTORAL RESEARCHERS Mathieu SCHWARTZ, Stress response and redox regulation team, 04\/2017 -04\/2019 Simone BELMONDO, Ecogenomics of interactions team, 04\/2017 &hellip; <a href=\"https:\/\/mycor.iam.inrae.fr\/IAM\/?page_id=9924\">Continue reading <span class=\"meta-nav\">&rarr;<\/span><\/a><\/p>\n","protected":false},"author":1,"featured_media":0,"parent":1343,"menu_order":0,"comment_status":"closed","ping_status":"closed","template":"","meta":{"footnotes":""},"class_list":["post-9924","page","type-page","status-publish","hentry"],"_links":{"self":[{"href":"https:\/\/mycor.iam.inrae.fr\/IAM\/index.php?rest_route=\/wp\/v2\/pages\/9924","targetHints":{"allow":["GET"]}}],"collection":[{"href":"https:\/\/mycor.iam.inrae.fr\/IAM\/index.php?rest_route=\/wp\/v2\/pages"}],"about":[{"href":"https:\/\/mycor.iam.inrae.fr\/IAM\/index.php?rest_route=\/wp\/v2\/types\/page"}],"author":[{"embeddable":true,"href":"https:\/\/mycor.iam.inrae.fr\/IAM\/index.php?rest_route=\/wp\/v2\/users\/1"}],"replies":[{"embeddable":true,"href":"https:\/\/mycor.iam.inrae.fr\/IAM\/index.php?rest_route=%2Fwp%2Fv2%2Fcomments&post=9924"}],"version-history":[{"count":0,"href":"https:\/\/mycor.iam.inrae.fr\/IAM\/index.php?rest_route=\/wp\/v2\/pages\/9924\/revisions"}],"up":[{"embeddable":true,"href":"https:\/\/mycor.iam.inrae.fr\/IAM\/index.php?rest_route=\/wp\/v2\/pages\/1343"}],"wp:attachment":[{"href":"https:\/\/mycor.iam.inrae.fr\/IAM\/index.php?rest_route=%2Fwp%2Fv2%2Fmedia&parent=9924"}],"curies":[{"name":"wp","href":"https:\/\/api.w.org\/{rel}","templated":true}]}}